{"id":14445,"date":"2023-02-23T14:16:01","date_gmt":"2023-02-23T13:16:01","guid":{"rendered":"https:\/\/logisber.com\/living-logisber"},"modified":"2024-01-04T13:38:52","modified_gmt":"2024-01-04T12:38:52","slug":"living-logisber","status":"publish","type":"page","link":"https:\/\/logisber.com\/pt-br\/living-logisber","title":{"rendered":"Living Logisber"},"content":{"rendered":"\n\n\t<div class='white' style='background:rgba(0,0,0,0); border:solid 0px rgba(0,0,0,0); border-radius:0px; padding:0px 56px 0px 0px;'>\n<div id='slider_13673' class='owl-carousel sa_owl_theme ' data-slider-id='slider_13673' style='visibility:hidden;'>\n<div id='slider_13673_slide01' class='sa_hover_container' style='padding:0% 0%; margin:0px 0%; '><div class=\"sliderLiving\">\r\n<h2 class=\"sliderLiving-Title\">Logisber, empresa<br>  transit\u00e1ria com proje\u00e7\u00e3o<br> internacional<\/h2>\r\n<img decoding=\"async\" class=\"sliderLiving-Image\" src=\"https:\/\/logisber.com\/contenido\/subidas\/2024\/08\/living-logisber_02.jpg\">\r\n<\/div><\/div>\n<div id='slider_13673_slide02' class='sa_hover_container' style='padding:0% 0%; margin:0px 0%; '><div class=\"sliderLiving\">\r\n<h2 class=\"sliderLiving-Title\">Temos uma equipe<br> multidisciplinar em<br> constante forma\u00e7\u00e3o<\/h2>\r\n<img decoding=\"async\" class=\"sliderLiving-Image\" src=\"https:\/\/logisber.com\/contenido\/subidas\/2024\/08\/living-logisber_01.jpg\">\r\n<\/div><\/div>\n<div id='slider_13673_slide03' class='sa_hover_container' style='padding:0% 0%; margin:0px 0%; '><div class=\"sliderLiving\">\r\n<h2 class=\"sliderLiving-Title\">Cuidamos e promovemos<br> profissionalmente as pessoas<br> que trabalham conoscos<\/h2>\r\n<img decoding=\"async\" class=\"sliderLiving-Image\" src=\"https:\/\/logisber.com\/contenido\/subidas\/2023\/01\/impulsamos-progesionales.jpg\">\r\n<\/div><\/div>\n<\/div>\n<\/div>\n<script type='text\/javascript'>\n\tjQuery(document).ready(function() {\n\t\tjQuery('#slider_13673').owlCarousel({\n\t\t\titems : 1,\n\t\t\tanimateOut : 'fadeOut',\n\t\t\tsmartSpeed : 400,\n\t\t\tautoplay : true,\n\t\t\tautoplayTimeout : 5000,\n\t\t\tautoplayHoverPause : true,\n\t\t\tsmartSpeed : 400,\n\t\t\tfluidSpeed : 400,\n\t\t\tautoplaySpeed : 400,\n\t\t\tnavSpeed : 400,\n\t\t\tdotsSpeed : 400,\n\t\t\tloop : true,\n\t\t\tnav : true,\n\t\t\tnavText : ['Previous','Next'],\n\t\t\tdots : false,\n\t\t\tresponsiveRefreshRate : 200,\n\t\t\tslideBy : 1,\n\t\t\tmergeFit : true,\n\t\t\tautoHeight : false,\n\t\t\tmouseDrag : false,\n\t\t\ttouchDrag : true\n\t\t});\n\t\tjQuery('#slider_13673').css('visibility', 'visible');\n\t\tsa_resize_slider_13673();\n\t\twindow.addEventListener('resize', sa_resize_slider_13673);\n\t\tfunction sa_resize_slider_13673() {\n\t\t\tvar min_height = '50';\n\t\t\tvar win_width = jQuery(window).width();\n\t\t\tvar slider_width = jQuery('#slider_13673').width();\n\t\t\tif (win_width < 480) {\n\t\t\t\tvar slide_width = slider_width \/ 1;\n\t\t\t} else if (win_width < 768) {\n\t\t\t\tvar slide_width = slider_width \/ 1;\n\t\t\t} else if (win_width < 980) {\n\t\t\t\tvar slide_width = slider_width \/ 1;\n\t\t\t} else if (win_width < 1200) {\n\t\t\t\tvar slide_width = slider_width \/ 1;\n\t\t\t} else if (win_width < 1500) {\n\t\t\t\tvar slide_width = slider_width \/ 1;\n\t\t\t} else {\n\t\t\t\tvar slide_width = slider_width \/ 1;\n\t\t\t}\n\t\t\tslide_width = Math.round(slide_width);\n\t\t\tvar slide_height = '0';\n\t\t\tif (min_height == 'aspect43') {\n\t\t\t\tslide_height = (slide_width \/ 4) * 3;\t\t\t\tslide_height = Math.round(slide_height);\n\t\t\t} else if (min_height == 'aspect169') {\n\t\t\t\tslide_height = (slide_width \/ 16) * 9;\t\t\t\tslide_height = Math.round(slide_height);\n\t\t\t} else {\n\t\t\t\tslide_height = (slide_width \/ 100) * min_height;\t\t\t\tslide_height = Math.round(slide_height);\n\t\t\t}\n\t\t\tjQuery('#slider_13673 .owl-item .sa_hover_container').css('min-height', slide_height+'px');\n\t\t}\n\t\tvar mw_14282 = jQuery('#slider_13673');\n\t\tmw_14282.on('mousewheel', '.owl-stage', function (e) {\n\t\t\tif (e.deltaY>0) {\n\t\t\t\tmw_14282.trigger('next.owl');\n\t\t\t} else {\n\t\t\t\tmw_14282.trigger('prev.owl');\n\t\t\t}\n\t\t\te.preventDefault();\n\t\t});\n\t\tvar owl_goto = jQuery('#slider_13673');\n\t\tjQuery('.slider_13673_goto1').click(function(event){\n\t\t\towl_goto.trigger('to.owl.carousel', 0);\n\t\t});\n\t\tjQuery('.slider_13673_goto2').click(function(event){\n\t\t\towl_goto.trigger('to.owl.carousel', 1);\n\t\t});\n\t\tjQuery('.slider_13673_goto3').click(function(event){\n\t\t\towl_goto.trigger('to.owl.carousel', 2);\n\t\t});\n\t\tvar resize_14282 = jQuery('.owl-carousel');\n\t\tresize_14282.on('initialized.owl.carousel', function(e) {\n\t\t\tif (typeof(Event) === 'function') {\n\t\t\t\twindow.dispatchEvent(new Event('resize'));\n\t\t\t} else {\n\t\t\t\tvar evt = window.document.createEvent('UIEvents');\n\t\t\t\tevt.initUIEvent('resize', true, false, window, 0);\n\t\t\t\twindow.dispatchEvent(evt);\n\t\t\t}\n\t\t});\n\t});\n<\/script>\n\n\t<iframe allowfullscreen allow=\"autoplay\" data-src=\"https:\/\/www.youtube.com\/embed\/-N3jmdqWihs?feature=oembed&amp;start&amp;end&amp;wmode=opaque&amp;loop=0&amp;controls=1&amp;mute=0&amp;rel=0&amp;modestbranding=0\"><\/iframe>\t\t\n\t\t\t\t\tPlay Video\n<h2>\n\t\tConectamos empresas, mercados e culturas\n\t<\/h2>\n\t<p>Somos uma empresa de log\u00edstica, transporte e despacho aduaneiro fundada em 2006 e com presen\u00e7a em mais de 80 pa\u00edses.<\/p>\n<p>Apoiamos as empresas na sua expans\u00e3o internacional, para que tranquilamente desfrutem e vejam como se desenvolve sua empresa.<\/p>\n\t\t\t\tHist\u00f3ria\n\t\t\t\tMiss\u00e3o\n\t\t\t\tProp\u00f3sito\n\t\t\t\tValores\n\t\t\t\t\t\t\tHist\u00f3ria\n\t\t<h4>\n\t\tOperando como empresa de transporte e despacho aduaneiro desde 2006\n\t<\/h4>\n\t<p>Desde que abrimos nossa sede de Barcelona no ano 2006, temos ajudado a que todo tipo de produtos e mercadorias cheguem de forma segura e em tempo ao seu destino, penetrando nos mercados internacionais e conectando culturas e neg\u00f3cios.<\/p>\n<p>Ao longo dos anos, temos trabalhado com clientes de diferentes setores e temos incorporado servi\u00e7os mais atuais e inovadores, como a log\u00edstica verde, o transporte internacional de farmac\u00eauticos, opera\u00e7\u00f5es triangulares e auditorias alfandeg\u00e1rias.<\/p>\n\t\t\t\t<img decoding=\"async\" loading=\"lazy\" src=\"https:\/\/logisber.com\/contenido\/subidas\/2023\/02\/mapa_pt.jpg\" alt=\"MAPA_PT\" itemprop=\"image\" height=\"631\" width=\"953\" title=\"MAPA_PT\" onerror=\"this.style.display='none'\" srcset=\"https:\/\/logisber.com\/contenido\/subidas\/2023\/02\/mapa_pt.jpg 953w, https:\/\/logisber.com\/contenido\/subidas\/2023\/02\/mapa_pt-250x166.jpg 250w, https:\/\/logisber.com\/contenido\/subidas\/2023\/02\/mapa_pt-700x463.jpg 700w, https:\/\/logisber.com\/contenido\/subidas\/2023\/02\/mapa_pt-768x509.jpg 768w, https:\/\/logisber.com\/contenido\/subidas\/2023\/02\/mapa_pt-120x79.jpg 120w, https:\/\/logisber.com\/contenido\/subidas\/2023\/02\/mapa_pt-24x16.jpg 24w, https:\/\/logisber.com\/contenido\/subidas\/2023\/02\/mapa_pt-36x24.jpg 36w, https:\/\/logisber.com\/contenido\/subidas\/2023\/02\/mapa_pt-48x32.jpg 48w\" sizes=\"auto, (max-width: 953px) 100vw, 953px\" \/>\n\t\t\t\t\t\t\tMiss\u00e3o\n\t\t<h4>\n\t\tAcompanhamos as empresas no processo de expans\u00e3o de seu neg\u00f3cio\n\t<\/h4>\n\t<p>Nossa miss\u00e3o \u00e9 ajudar as empresas a abrir-se ao mundo, oferecendo-lhes solu\u00e7\u00f5es log\u00edsticas inovadoras adaptadas ao seu neg\u00f3cio.<\/p>\n<p>Buscamos as melhores rotas e nos valemos de ferramentas pioneiras para melhorar a experiencia do cliente e fazer mais eficiente e sustent\u00e1vel cada envio.<\/p>\n\t\t\t\t<img decoding=\"async\" loading=\"lazy\" src=\"https:\/\/logisber.com\/contenido\/subidas\/2023\/01\/mision.png\" alt=\"mision\" itemprop=\"image\" height=\"630\" width=\"952\" title=\"mision\" onerror=\"this.style.display='none'\" srcset=\"https:\/\/logisber.com\/contenido\/subidas\/2023\/01\/mision.png 952w, https:\/\/logisber.com\/contenido\/subidas\/2023\/01\/mision-250x165.png 250w, https:\/\/logisber.com\/contenido\/subidas\/2023\/01\/mision-700x463.png 700w, https:\/\/logisber.com\/contenido\/subidas\/2023\/01\/mision-768x508.png 768w, https:\/\/logisber.com\/contenido\/subidas\/2023\/01\/mision-120x79.png 120w, https:\/\/logisber.com\/contenido\/subidas\/2023\/01\/mision-24x16.png 24w, https:\/\/logisber.com\/contenido\/subidas\/2023\/01\/mision-36x24.png 36w, https:\/\/logisber.com\/contenido\/subidas\/2023\/01\/mision-48x32.png 48w\" sizes=\"auto, (max-width: 952px) 100vw, 952px\" \/>\n\t\t\t\t\t\t\tProp\u00f3sito\n\t\t<h4>\n\t\tTecemos uma rede entre mundos e culturas\n\t<\/h4>\n\t<p>Nosso objetivo \u00e9 impulsionar a globaliza\u00e7\u00e3o atrav\u00e9s de uma log\u00edstica sustent\u00e1vel, digital e rastre\u00e1vel.<\/p>\n\t\t\t\t<img decoding=\"async\" loading=\"lazy\" src=\"https:\/\/logisber.com\/contenido\/subidas\/2023\/01\/proposito.png\" alt=\"proposito\" itemprop=\"image\" height=\"630\" width=\"952\" title=\"proposito\" onerror=\"this.style.display='none'\" srcset=\"https:\/\/logisber.com\/contenido\/subidas\/2023\/01\/proposito.png 952w, https:\/\/logisber.com\/contenido\/subidas\/2023\/01\/proposito-250x165.png 250w, https:\/\/logisber.com\/contenido\/subidas\/2023\/01\/proposito-700x463.png 700w, https:\/\/logisber.com\/contenido\/subidas\/2023\/01\/proposito-768x508.png 768w, https:\/\/logisber.com\/contenido\/subidas\/2023\/01\/proposito-120x79.png 120w, https:\/\/logisber.com\/contenido\/subidas\/2023\/01\/proposito-24x16.png 24w, https:\/\/logisber.com\/contenido\/subidas\/2023\/01\/proposito-36x24.png 36w, https:\/\/logisber.com\/contenido\/subidas\/2023\/01\/proposito-48x32.png 48w\" sizes=\"auto, (max-width: 952px) 100vw, 952px\" \/>\n\t\t\t\t\t\t\tValores\n\t\t<h4>\n\t\tBaseamos nossa estrat\u00e9gia de neg\u00f3cio e servi\u00e7os em valores muito humanos\n\t<\/h4>\n\t\t\t\t<h3 itemprop=\"name description\">Proximidade<\/h3>\n\t\t\t\t<p>As empresas s\u00e3o muito mais que clientes, s\u00e3o colaboradores com os que conseguimos um crescimento compartilhado.<\/p>\n\t\t\t\t<h3 itemprop=\"name description\">Confiabilidade<\/h3>\n\t\t\t\t<p>Conservamos a confian\u00e7a das marcas gra\u00e7as \u00e0 rastreabilidade e transpar\u00eancia.<\/p>\n\t\t\t\t<h3 itemprop=\"name description\">Adaptabilidade<\/h3>\n\t\t\t\t<p>Servi\u00e7o flex\u00edvel e log\u00edstica adaptada \u00e0s necessidades de cada cliente.<\/p>\n\t\t\t\t<h3 itemprop=\"name description\">Seguran\u00e7a<\/h3>\n\t\t\t\t<p>Contamos com as m\u00e1ximas certifica\u00e7\u00f5es e dispomos de uma extensa rede de contatos para quest\u00f5es alfandeg\u00e1rias.<\/p>\n\t\t\t\t<h3 itemprop=\"name description\">Excel\u00eancia<\/h3>\n\t\t\t\t<p>Trabalhamos em equipe para lograr que as mercadorias cheguem seguras e no menor tempo poss\u00edvel ao seu destino.<\/p>\n\t\t\t\t<img decoding=\"async\" loading=\"lazy\" src=\"https:\/\/logisber.com\/contenido\/subidas\/2023\/02\/logisber-valores-web-por.png\" alt=\"Logisber valores web-por\" itemprop=\"image\" height=\"1314\" width=\"1985\" title=\"Logisber valores web-por\" onerror=\"this.style.display='none'\" srcset=\"https:\/\/logisber.com\/contenido\/subidas\/2023\/02\/logisber-valores-web-por.png 1985w, https:\/\/logisber.com\/contenido\/subidas\/2023\/02\/logisber-valores-web-por-250x165.png 250w, https:\/\/logisber.com\/contenido\/subidas\/2023\/02\/logisber-valores-web-por-700x463.png 700w, https:\/\/logisber.com\/contenido\/subidas\/2023\/02\/logisber-valores-web-por-768x508.png 768w, https:\/\/logisber.com\/contenido\/subidas\/2023\/02\/logisber-valores-web-por-1536x1017.png 1536w, https:\/\/logisber.com\/contenido\/subidas\/2023\/02\/logisber-valores-web-por-120x79.png 120w, https:\/\/logisber.com\/contenido\/subidas\/2023\/02\/logisber-valores-web-por-24x16.png 24w, https:\/\/logisber.com\/contenido\/subidas\/2023\/02\/logisber-valores-web-por-36x24.png 36w, https:\/\/logisber.com\/contenido\/subidas\/2023\/02\/logisber-valores-web-por-48x32.png 48w\" sizes=\"auto, (max-width: 1985px) 100vw, 1985px\" \/>\n<h2>\n\t\t6 raz\u00f5es pelas que escolher a Logisber<br \/> para crecer a nivel profesional\n\t<\/h2>\n\t\t\t\t\t\t\t<img decoding=\"async\" src=\"https:\/\/logisber.com\/contenido\/subidas\/2023\/01\/proyeccion.png\" alt=\"proyeccion\" \/>\n\t\t<h4>Proje\u00e7\u00e3o<br \/>Internacional<\/h4>\n\t\t\t<p>Possibilidade de trabalhar desde uma de nossas sete sedes: Barcelona, Madrid, Valencia, Bilbao, Shanghai e S\u00e3o Paulo.<\/p>\n\t\t\t\t\t\t\t<img decoding=\"async\" src=\"https:\/\/logisber.com\/contenido\/subidas\/2023\/01\/hand-shake.png\" alt=\"hand-shake\" \/>\n\t\t<h4>Concilia\u00e7\u00e3o<br \/>laboral<\/h4>\n\t\t\t<p>Flexibilidade horaria de entrada e sa\u00edda: temos em conta a situa\u00e7\u00e3o de cada persona que trabalha conosco.<\/p>\t\t\n\t\t\t\t\t\t\t<img decoding=\"async\" src=\"https:\/\/logisber.com\/contenido\/subidas\/2023\/01\/team-1.png\" alt=\"team (1)\" \/>\n\t\t<h4>Ambiente de<br \/> equipe<\/h4>\n\t\t\t<p>Realizamos atividades para promover a boa rela\u00e7\u00e3o entre as equipes e projetamos uma cultura corporativa comum.<\/p>\t\t\n\t\t\t\t\t\t\t<img decoding=\"async\" src=\"https:\/\/logisber.com\/contenido\/subidas\/2023\/01\/group-1758.png\" alt=\"Group 1758\" \/>\n\t\t<h4>Diversidade <br \/>laboral<\/h4>\n\t\t\t<p>Contamos com um equipo humano muito d\u00edspar, com profissionais de todas as idades e de diferentes pa\u00edses.<\/p>\t\t\n\t\t\t\t\t\t\t<img decoding=\"async\" src=\"https:\/\/logisber.com\/contenido\/subidas\/2023\/01\/outline.png\" alt=\"outline\" \/>\n\t\t<h4>Forma\u00e7\u00e3o<br \/>constante<\/h4>\n\t\t\t<p>Favorecemos o crescimento profissional e a promo\u00e7\u00e3o interna das pessoas que trabalham na Logisber.<\/p>\t\t\n\t\t\t\t\t\t\t<img decoding=\"async\" src=\"https:\/\/logisber.com\/contenido\/subidas\/2023\/01\/chat-group.png\" alt=\"chat-group\" \/>\n\t\t<h4>Somos<br \/>pr\u00f3ximos<\/h4>\n\t\t\t<p>Embora tenhamos crescido, trazemos o esp\u00edrito de empresa familiar no nosso ADN.<\/p>\t\t\n\t<div class='white' style='background:rgba(0,0,0,0); border:solid 0px rgba(0,0,0,0); border-radius:0px; padding:0px 0px 0px 0px;'>\n<div id='slider_13694' class='owl-carousel sa_owl_theme ' data-slider-id='slider_13694' style='visibility:hidden;'>\n<div id='slider_13694_slide01' class='sa_hover_container' style='padding:0% 0%; margin:0px 0%; '><img decoding=\"async\" class=\"sliderLiving-Image\" src=\"https:\/\/logisber.com\/contenido\/subidas\/2023\/02\/foto-fuerteventura.jpg\"><\/div>\n<div id='slider_13694_slide02' class='sa_hover_container' style='padding:0% 0%; margin:0px 0%; '><img decoding=\"async\" class=\"sliderLiving-Image\" src=\"https:\/\/logisber.com\/contenido\/subidas\/2023\/03\/slider-logisber-2-1.jpg\"><\/div>\n<\/div>\n<\/div>\n<script type='text\/javascript'>\n\tjQuery(document).ready(function() {\n\t\tjQuery('#slider_13694').owlCarousel({\n\t\t\titems : 1,\n\t\t\tanimateOut : 'fadeOut',\n\t\t\tsmartSpeed : 400,\n\t\t\tautoplay : true,\n\t\t\tautoplayTimeout : 5000,\n\t\t\tautoplayHoverPause : true,\n\t\t\tsmartSpeed : 400,\n\t\t\tfluidSpeed : 400,\n\t\t\tautoplaySpeed : 400,\n\t\t\tnavSpeed : 400,\n\t\t\tdotsSpeed : 400,\n\t\t\tloop : true,\n\t\t\tnav : true,\n\t\t\tnavText : ['Previous','Next'],\n\t\t\tdots : false,\n\t\t\tresponsiveRefreshRate : 200,\n\t\t\tslideBy : 1,\n\t\t\tmergeFit : true,\n\t\t\tautoHeight : false,\n\t\t\tmouseDrag : false,\n\t\t\ttouchDrag : true\n\t\t});\n\t\tjQuery('#slider_13694').css('visibility', 'visible');\n\t\tsa_resize_slider_13694();\n\t\twindow.addEventListener('resize', sa_resize_slider_13694);\n\t\tfunction sa_resize_slider_13694() {\n\t\t\tvar min_height = '50';\n\t\t\tvar win_width = jQuery(window).width();\n\t\t\tvar slider_width = jQuery('#slider_13694').width();\n\t\t\tif (win_width < 480) {\n\t\t\t\tvar slide_width = slider_width \/ 1;\n\t\t\t} else if (win_width < 768) {\n\t\t\t\tvar slide_width = slider_width \/ 1;\n\t\t\t} else if (win_width < 980) {\n\t\t\t\tvar slide_width = slider_width \/ 1;\n\t\t\t} else if (win_width < 1200) {\n\t\t\t\tvar slide_width = slider_width \/ 1;\n\t\t\t} else if (win_width < 1500) {\n\t\t\t\tvar slide_width = slider_width \/ 1;\n\t\t\t} else {\n\t\t\t\tvar slide_width = slider_width \/ 1;\n\t\t\t}\n\t\t\tslide_width = Math.round(slide_width);\n\t\t\tvar slide_height = '0';\n\t\t\tif (min_height == 'aspect43') {\n\t\t\t\tslide_height = (slide_width \/ 4) * 3;\t\t\t\tslide_height = Math.round(slide_height);\n\t\t\t} else if (min_height == 'aspect169') {\n\t\t\t\tslide_height = (slide_width \/ 16) * 9;\t\t\t\tslide_height = Math.round(slide_height);\n\t\t\t} else {\n\t\t\t\tslide_height = (slide_width \/ 100) * min_height;\t\t\t\tslide_height = Math.round(slide_height);\n\t\t\t}\n\t\t\tjQuery('#slider_13694 .owl-item .sa_hover_container').css('min-height', slide_height+'px');\n\t\t}\n\t\tvar owl_goto = jQuery('#slider_13694');\n\t\tjQuery('.slider_13694_goto1').click(function(event){\n\t\t\towl_goto.trigger('to.owl.carousel', 0);\n\t\t});\n\t\tjQuery('.slider_13694_goto2').click(function(event){\n\t\t\towl_goto.trigger('to.owl.carousel', 1);\n\t\t});\n\t\tvar resize_13694 = jQuery('.owl-carousel');\n\t\tresize_13694.on('initialized.owl.carousel', function(e) {\n\t\t\tif (typeof(Event) === 'function') {\n\t\t\t\twindow.dispatchEvent(new Event('resize'));\n\t\t\t} else {\n\t\t\t\tvar evt = window.document.createEvent('UIEvents');\n\t\t\t\tevt.initUIEvent('resize', true, false, window, 0);\n\t\t\t\twindow.dispatchEvent(evt);\n\t\t\t}\n\t\t});\n\t});\n<\/script>\n\n\n","protected":false},"excerpt":{"rendered":"Play Video Conectamos empresas, mercados e culturas Somos uma empresa de log\u00edstica, transporte e despacho aduaneiro fundada em 2006 e com presen\u00e7a em mais de 80 pa\u00edses. Apoiamos as empresas na sua expans\u00e3o internacional, para que tranquilamente desfrutem e vejam como se desenvolve sua empresa. Hist\u00f3ria Miss\u00e3o Prop\u00f3sito Valores Hist\u00f3ria Operando como empresa de transporte&#8230; <a class=\"view-article\" href=\"https:\/\/logisber.com\/pt-br\/living-logisber\">Ver artigo<\/a>","protected":false},"author":7,"featured_media":0,"parent":0,"menu_order":0,"comment_status":"closed","ping_status":"closed","template":"templates\/template-talent.php","meta":{"_acf_changed":false,"om_disable_all_campaigns":false,"_monsterinsights_skip_tracking":false,"_monsterinsights_sitenote_active":false,"_monsterinsights_sitenote_note":"","_monsterinsights_sitenote_category":0,"footnotes":""},"class_list":["post-14445","page","type-page","status-publish","hentry"],"acf":[],"yoast_head":"<!-- This site is optimized with the Yoast SEO plugin v26.1.1 - https:\/\/yoast.com\/wordpress\/plugins\/seo\/ -->\n<title>Living Logisber - Logisber<\/title>\n<meta name=\"robots\" content=\"index, follow, max-snippet:-1, max-image-preview:large, max-video-preview:-1\" \/>\n<link rel=\"canonical\" href=\"https:\/\/logisber.com\/pt-br\/living-logisber\" \/>\n<meta property=\"og:locale\" content=\"pt_BR\" \/>\n<meta property=\"og:type\" content=\"article\" \/>\n<meta property=\"og:title\" content=\"Living Logisber - Logisber\" \/>\n<meta property=\"og:description\" content=\"Play Video Conectamos empresas, mercados e culturas Somos uma empresa de log\u00edstica, transporte e despacho aduaneiro fundada em 2006 e com presen\u00e7a em mais de 80 pa\u00edses. Apoiamos as empresas na sua expans\u00e3o internacional, para que tranquilamente desfrutem e vejam como se desenvolve sua empresa. Hist\u00f3ria Miss\u00e3o Prop\u00f3sito Valores Hist\u00f3ria Operando como empresa de transporte... Ver artigo\" \/>\n<meta property=\"og:url\" content=\"https:\/\/logisber.com\/pt-br\/living-logisber\" \/>\n<meta property=\"og:site_name\" content=\"Logisber\" \/>\n<meta property=\"article:modified_time\" content=\"2024-01-04T12:38:52+00:00\" \/>\n<meta property=\"og:image\" content=\"https:\/\/logisber.com\/contenido\/subidas\/2023\/02\/mapa_pt.jpg\" \/>\n<meta name=\"twitter:card\" content=\"summary_large_image\" \/>\n<meta name=\"twitter:site\" content=\"@logisber\" \/>\n<meta name=\"twitter:label1\" content=\"Est. tempo de leitura\" \/>\n\t<meta name=\"twitter:data1\" content=\"2 minutos\" \/>\n<script type=\"application\/ld+json\" class=\"yoast-schema-graph\">{\"@context\":\"https:\/\/schema.org\",\"@graph\":[{\"@type\":\"WebPage\",\"@id\":\"https:\/\/logisber.com\/pt-br\/living-logisber\",\"url\":\"https:\/\/logisber.com\/pt-br\/living-logisber\",\"name\":\"Living Logisber - Logisber\",\"isPartOf\":{\"@id\":\"https:\/\/logisber.com\/pt-br\/#website\"},\"primaryImageOfPage\":{\"@id\":\"https:\/\/logisber.com\/pt-br\/living-logisber#primaryimage\"},\"image\":{\"@id\":\"https:\/\/logisber.com\/pt-br\/living-logisber#primaryimage\"},\"thumbnailUrl\":\"https:\/\/logisber.com\/contenido\/subidas\/2023\/02\/mapa_pt.jpg\",\"datePublished\":\"2023-02-23T13:16:01+00:00\",\"dateModified\":\"2024-01-04T12:38:52+00:00\",\"breadcrumb\":{\"@id\":\"https:\/\/logisber.com\/pt-br\/living-logisber#breadcrumb\"},\"inLanguage\":\"pt-BR\",\"potentialAction\":[{\"@type\":\"ReadAction\",\"target\":[\"https:\/\/logisber.com\/pt-br\/living-logisber\"]}]},{\"@type\":\"ImageObject\",\"inLanguage\":\"pt-BR\",\"@id\":\"https:\/\/logisber.com\/pt-br\/living-logisber#primaryimage\",\"url\":\"https:\/\/logisber.com\/contenido\/subidas\/2023\/02\/mapa_pt.jpg\",\"contentUrl\":\"https:\/\/logisber.com\/contenido\/subidas\/2023\/02\/mapa_pt.jpg\"},{\"@type\":\"BreadcrumbList\",\"@id\":\"https:\/\/logisber.com\/pt-br\/living-logisber#breadcrumb\",\"itemListElement\":[{\"@type\":\"ListItem\",\"position\":1,\"name\":\"Portada\",\"item\":\"https:\/\/logisber.com\/pt-br\"},{\"@type\":\"ListItem\",\"position\":2,\"name\":\"Living Logisber\"}]},{\"@type\":\"WebSite\",\"@id\":\"https:\/\/logisber.com\/pt-br\/#website\",\"url\":\"https:\/\/logisber.com\/pt-br\/\",\"name\":\"Logisber\",\"description\":\"\",\"potentialAction\":[{\"@type\":\"SearchAction\",\"target\":{\"@type\":\"EntryPoint\",\"urlTemplate\":\"https:\/\/logisber.com\/pt-br\/?s={search_term_string}\"},\"query-input\":{\"@type\":\"PropertyValueSpecification\",\"valueRequired\":true,\"valueName\":\"search_term_string\"}}],\"inLanguage\":\"pt-BR\"}]}<\/script>\n<!-- \/ Yoast SEO plugin. -->","yoast_head_json":{"title":"Living Logisber - Logisber","robots":{"index":"index","follow":"follow","max-snippet":"max-snippet:-1","max-image-preview":"max-image-preview:large","max-video-preview":"max-video-preview:-1"},"canonical":"https:\/\/logisber.com\/pt-br\/living-logisber","og_locale":"pt_BR","og_type":"article","og_title":"Living Logisber - Logisber","og_description":"Play Video Conectamos empresas, mercados e culturas Somos uma empresa de log\u00edstica, transporte e despacho aduaneiro fundada em 2006 e com presen\u00e7a em mais de 80 pa\u00edses. Apoiamos as empresas na sua expans\u00e3o internacional, para que tranquilamente desfrutem e vejam como se desenvolve sua empresa. Hist\u00f3ria Miss\u00e3o Prop\u00f3sito Valores Hist\u00f3ria Operando como empresa de transporte... Ver artigo","og_url":"https:\/\/logisber.com\/pt-br\/living-logisber","og_site_name":"Logisber","article_modified_time":"2024-01-04T12:38:52+00:00","og_image":[{"url":"https:\/\/logisber.com\/contenido\/subidas\/2023\/02\/mapa_pt.jpg","type":"","width":"","height":""}],"twitter_card":"summary_large_image","twitter_site":"@logisber","twitter_misc":{"Est. tempo de leitura":"2 minutos"},"schema":{"@context":"https:\/\/schema.org","@graph":[{"@type":"WebPage","@id":"https:\/\/logisber.com\/pt-br\/living-logisber","url":"https:\/\/logisber.com\/pt-br\/living-logisber","name":"Living Logisber - Logisber","isPartOf":{"@id":"https:\/\/logisber.com\/pt-br\/#website"},"primaryImageOfPage":{"@id":"https:\/\/logisber.com\/pt-br\/living-logisber#primaryimage"},"image":{"@id":"https:\/\/logisber.com\/pt-br\/living-logisber#primaryimage"},"thumbnailUrl":"https:\/\/logisber.com\/contenido\/subidas\/2023\/02\/mapa_pt.jpg","datePublished":"2023-02-23T13:16:01+00:00","dateModified":"2024-01-04T12:38:52+00:00","breadcrumb":{"@id":"https:\/\/logisber.com\/pt-br\/living-logisber#breadcrumb"},"inLanguage":"pt-BR","potentialAction":[{"@type":"ReadAction","target":["https:\/\/logisber.com\/pt-br\/living-logisber"]}]},{"@type":"ImageObject","inLanguage":"pt-BR","@id":"https:\/\/logisber.com\/pt-br\/living-logisber#primaryimage","url":"https:\/\/logisber.com\/contenido\/subidas\/2023\/02\/mapa_pt.jpg","contentUrl":"https:\/\/logisber.com\/contenido\/subidas\/2023\/02\/mapa_pt.jpg"},{"@type":"BreadcrumbList","@id":"https:\/\/logisber.com\/pt-br\/living-logisber#breadcrumb","itemListElement":[{"@type":"ListItem","position":1,"name":"Portada","item":"https:\/\/logisber.com\/pt-br"},{"@type":"ListItem","position":2,"name":"Living Logisber"}]},{"@type":"WebSite","@id":"https:\/\/logisber.com\/pt-br\/#website","url":"https:\/\/logisber.com\/pt-br\/","name":"Logisber","description":"","potentialAction":[{"@type":"SearchAction","target":{"@type":"EntryPoint","urlTemplate":"https:\/\/logisber.com\/pt-br\/?s={search_term_string}"},"query-input":{"@type":"PropertyValueSpecification","valueRequired":true,"valueName":"search_term_string"}}],"inLanguage":"pt-BR"}]}},"_links":{"self":[{"href":"https:\/\/logisber.com\/pt-br\/wp-json\/wp\/v2\/pages\/14445","targetHints":{"allow":["GET"]}}],"collection":[{"href":"https:\/\/logisber.com\/pt-br\/wp-json\/wp\/v2\/pages"}],"about":[{"href":"https:\/\/logisber.com\/pt-br\/wp-json\/wp\/v2\/types\/page"}],"author":[{"embeddable":true,"href":"https:\/\/logisber.com\/pt-br\/wp-json\/wp\/v2\/users\/7"}],"replies":[{"embeddable":true,"href":"https:\/\/logisber.com\/pt-br\/wp-json\/wp\/v2\/comments?post=14445"}],"version-history":[{"count":3,"href":"https:\/\/logisber.com\/pt-br\/wp-json\/wp\/v2\/pages\/14445\/revisions"}],"predecessor-version":[{"id":21582,"href":"https:\/\/logisber.com\/pt-br\/wp-json\/wp\/v2\/pages\/14445\/revisions\/21582"}],"wp:attachment":[{"href":"https:\/\/logisber.com\/pt-br\/wp-json\/wp\/v2\/media?parent=14445"}],"curies":[{"name":"wp","href":"https:\/\/api.w.org\/{rel}","templated":true}]}}