{"id":14457,"date":"2023-02-23T14:34:05","date_gmt":"2023-02-23T13:34:05","guid":{"rendered":"https:\/\/logisber.com\/?page_id=14457"},"modified":"2024-01-04T13:42:13","modified_gmt":"2024-01-04T12:42:13","slug":"oportunidades","status":"publish","type":"page","link":"https:\/\/logisber.com\/pt-br\/oportunidades","title":{"rendered":"Oportunidades"},"content":{"rendered":"\n<h2>\n\t\tOportunidades\n\t<\/h2>\n\t\t\t\t<img loading=\"lazy\" decoding=\"async\" src=\"https:\/\/logisber.com\/contenido\/subidas\/2023\/01\/oportunidades.jpg\" alt=\"oportunidades\" itemprop=\"image\" height=\"624\" width=\"1640\" title=\"oportunidades\" onerror=\"this.style.display='none'\"  \/>\n<h2>\n\t\tQuer trabalhar numa empresa l\u00edder em inova\u00e7\u00e3o e com proje\u00e7\u00e3o internacional?\n\t<\/h2>\n\t<p><strong>Junte-se \u00e0 nossa equipe! <\/strong><\/p>\n<p>Somos uma empresa de log\u00edstica, transporte e despacho aduaneiro l\u00edder em inova\u00e7\u00e3o com mais de 17 anos de experi\u00eancia.<\/p>\n<p>Dispomos de sete sedes e uma rede internacional de parceiros com presen\u00e7a nos cinco continentes. Nossas sedes se situam em Madrid, Valencia, Barcelona, Bilbao e S\u00e3o Paulo.<\/p>\n\t\t\t\t<img loading=\"lazy\" decoding=\"async\" src=\"https:\/\/logisber.com\/contenido\/subidas\/2023\/01\/proyeccion-internacional.png\" alt=\"proyeccion-internacional\" itemprop=\"image\" height=\"657\" width=\"812\" title=\"proyeccion-internacional\" onerror=\"this.style.display='none'\"  \/>\n\t\t<h2>N\u00e3o consegue encontrar a sua oferta ideal?<\/h2>\n\t\t\t<p>Envie-nos o seu CV e entraremos em contacto consigo se o seu perfil se enquadrar em alguma das nossas pr\u00f3ximas vagas.<\/p>\n\t\n<div class=\"wpcf7 no-js\" id=\"wpcf7-f14443-o1\" lang=\"pt-BR\" dir=\"ltr\" data-wpcf7-id=\"14443\">\n<div class=\"screen-reader-response\"><p role=\"status\" aria-live=\"polite\" aria-atomic=\"true\"><\/p> <ul><\/ul><\/div>\n<form action=\"\/pt-br\/wp-json\/wp\/v2\/pages\/14457#wpcf7-f14443-o1\" method=\"post\" class=\"wpcf7-form init\" aria-label=\"Formul\u00e1rios de contato\" enctype=\"multipart\/form-data\" novalidate=\"novalidate\" data-status=\"init\">\n<fieldset class=\"hidden-fields-container\"><input type=\"hidden\" name=\"_wpcf7\" value=\"14443\" \/><input type=\"hidden\" name=\"_wpcf7_version\" value=\"6.1.2\" \/><input type=\"hidden\" name=\"_wpcf7_locale\" value=\"pt_BR\" \/><input type=\"hidden\" name=\"_wpcf7_unit_tag\" value=\"wpcf7-f14443-o1\" \/><input type=\"hidden\" name=\"_wpcf7_container_post\" value=\"0\" \/><input type=\"hidden\" name=\"_wpcf7_posted_data_hash\" value=\"\" \/>\n<\/fieldset>\n<label><span class=\"wpcf7-form-control-wrap\" data-name=\"your-name\"><input size=\"40\" maxlength=\"400\" class=\"wpcf7-form-control wpcf7-text wpcf7-validates-as-required\" aria-required=\"true\" aria-invalid=\"false\" value=\"Nome e Apelido *\" type=\"text\" name=\"your-name\" \/><\/span><\/label>\n<label><span class=\"wpcf7-form-control-wrap\" data-name=\"your-email\"><input size=\"40\" maxlength=\"400\" class=\"wpcf7-form-control wpcf7-email wpcf7-validates-as-required wpcf7-text wpcf7-validates-as-email\" aria-required=\"true\" aria-invalid=\"false\" value=\"E-mail *\" type=\"email\" name=\"your-email\" \/><\/span><\/label>\n<label><span class=\"wpcf7-form-control-wrap\" data-name=\"your-message\"><textarea cols=\"40\" rows=\"10\" maxlength=\"2000\" class=\"wpcf7-form-control wpcf7-textarea wpcf7-validates-as-required\" aria-required=\"true\" aria-invalid=\"false\" name=\"your-message\">Apresenta\u00e7\u00e3o *<\/textarea><\/span><\/label>\n<label for=\"file-upload-cv\" class=\"custom-file-upload-cv\">  Anexar CV  <span class=\"wpcf7-form-control-wrap\" data-name=\"your-file\"><input size=\"40\" class=\"wpcf7-form-control wpcf7-file wpcf7-validates-as-required\" accept=\".pdf,.txt\" aria-required=\"true\" aria-invalid=\"false\" type=\"file\" name=\"your-file\" \/><\/span><\/label>\n<div class=\"wpcf7__terms\"><label class=\"a-regular\"><span class=\"wpcf7-form-control-wrap\" data-name=\"acceptance-128\"><span class=\"wpcf7-form-control wpcf7-acceptance\"><span class=\"wpcf7-list-item\"><input type=\"checkbox\" name=\"acceptance-128\" value=\"1\" aria-invalid=\"false\" \/><\/span><\/span><\/span>  Li e aceito o <a href=\"\/~logisber\/aviso-legal\/\" target=\"_blank\" style=\"text-decoration: underline;\">aviso legal<\/a> *.<\/label><\/div>\n<div class=\"wpcf7__submit\"><input class=\"wpcf7-form-control wpcf7-submit has-spinner a-btnSecondary\" type=\"submit\" value=\"Enviar\" \/><\/div><div class=\"wpcf7-response-output\" aria-hidden=\"true\"><\/div>\n<\/form>\n<\/div>\n\n\n","protected":false},"excerpt":{"rendered":"Oportunidades Quer trabalhar numa empresa l\u00edder em inova\u00e7\u00e3o e com proje\u00e7\u00e3o internacional? Junte-se \u00e0 nossa equipe! Somos uma empresa de log\u00edstica, transporte e despacho aduaneiro l\u00edder em inova\u00e7\u00e3o com mais de 17 anos de experi\u00eancia. Dispomos de sete sedes e uma rede internacional de parceiros com presen\u00e7a nos cinco continentes. Nossas sedes se situam em&#8230; <a class=\"view-article\" href=\"https:\/\/logisber.com\/pt-br\/oportunidades\">Ver artigo<\/a>","protected":false},"author":9,"featured_media":0,"parent":0,"menu_order":0,"comment_status":"closed","ping_status":"closed","template":"templates\/template-talent.php","meta":{"_acf_changed":false,"om_disable_all_campaigns":false,"_monsterinsights_skip_tracking":false,"_monsterinsights_sitenote_active":false,"_monsterinsights_sitenote_note":"","_monsterinsights_sitenote_category":0,"footnotes":""},"class_list":["post-14457","page","type-page","status-publish","hentry"],"acf":[],"yoast_head":"<!-- This site is optimized with the Yoast SEO plugin v26.1.1 - https:\/\/yoast.com\/wordpress\/plugins\/seo\/ -->\n<title>Oportunidades - Logisber<\/title>\n<meta name=\"robots\" content=\"index, follow, max-snippet:-1, max-image-preview:large, max-video-preview:-1\" \/>\n<link rel=\"canonical\" href=\"https:\/\/logisber.com\/pt-br\/oportunidades\" \/>\n<meta property=\"og:locale\" content=\"pt_BR\" \/>\n<meta property=\"og:type\" content=\"article\" \/>\n<meta property=\"og:title\" content=\"Oportunidades - Logisber\" \/>\n<meta property=\"og:description\" content=\"Oportunidades Quer trabalhar numa empresa l\u00edder em inova\u00e7\u00e3o e com proje\u00e7\u00e3o internacional? Junte-se \u00e0 nossa equipe! Somos uma empresa de log\u00edstica, transporte e despacho aduaneiro l\u00edder em inova\u00e7\u00e3o com mais de 17 anos de experi\u00eancia. Dispomos de sete sedes e uma rede internacional de parceiros com presen\u00e7a nos cinco continentes. Nossas sedes se situam em... Ver artigo\" \/>\n<meta property=\"og:url\" content=\"https:\/\/logisber.com\/pt-br\/oportunidades\" \/>\n<meta property=\"og:site_name\" content=\"Logisber\" \/>\n<meta property=\"article:modified_time\" content=\"2024-01-04T12:42:13+00:00\" \/>\n<meta property=\"og:image\" content=\"https:\/\/logisber.com\/contenido\/subidas\/2023\/01\/oportunidades.jpg\" \/>\n<meta name=\"twitter:card\" content=\"summary_large_image\" \/>\n<meta name=\"twitter:site\" content=\"@logisber\" \/>\n<script type=\"application\/ld+json\" class=\"yoast-schema-graph\">{\"@context\":\"https:\/\/schema.org\",\"@graph\":[{\"@type\":\"WebPage\",\"@id\":\"https:\/\/logisber.com\/pt-br\/oportunidades\",\"url\":\"https:\/\/logisber.com\/pt-br\/oportunidades\",\"name\":\"Oportunidades - Logisber\",\"isPartOf\":{\"@id\":\"https:\/\/logisber.com\/pt-br\/#website\"},\"primaryImageOfPage\":{\"@id\":\"https:\/\/logisber.com\/pt-br\/oportunidades#primaryimage\"},\"image\":{\"@id\":\"https:\/\/logisber.com\/pt-br\/oportunidades#primaryimage\"},\"thumbnailUrl\":\"https:\/\/logisber.com\/contenido\/subidas\/2023\/01\/oportunidades.jpg\",\"datePublished\":\"2023-02-23T13:34:05+00:00\",\"dateModified\":\"2024-01-04T12:42:13+00:00\",\"breadcrumb\":{\"@id\":\"https:\/\/logisber.com\/pt-br\/oportunidades#breadcrumb\"},\"inLanguage\":\"pt-BR\",\"potentialAction\":[{\"@type\":\"ReadAction\",\"target\":[\"https:\/\/logisber.com\/pt-br\/oportunidades\"]}]},{\"@type\":\"ImageObject\",\"inLanguage\":\"pt-BR\",\"@id\":\"https:\/\/logisber.com\/pt-br\/oportunidades#primaryimage\",\"url\":\"https:\/\/logisber.com\/contenido\/subidas\/2023\/01\/oportunidades.jpg\",\"contentUrl\":\"https:\/\/logisber.com\/contenido\/subidas\/2023\/01\/oportunidades.jpg\"},{\"@type\":\"BreadcrumbList\",\"@id\":\"https:\/\/logisber.com\/pt-br\/oportunidades#breadcrumb\",\"itemListElement\":[{\"@type\":\"ListItem\",\"position\":1,\"name\":\"Portada\",\"item\":\"https:\/\/logisber.com\/pt-br\"},{\"@type\":\"ListItem\",\"position\":2,\"name\":\"Oportunidades\"}]},{\"@type\":\"WebSite\",\"@id\":\"https:\/\/logisber.com\/pt-br\/#website\",\"url\":\"https:\/\/logisber.com\/pt-br\/\",\"name\":\"Logisber\",\"description\":\"\",\"potentialAction\":[{\"@type\":\"SearchAction\",\"target\":{\"@type\":\"EntryPoint\",\"urlTemplate\":\"https:\/\/logisber.com\/pt-br\/?s={search_term_string}\"},\"query-input\":{\"@type\":\"PropertyValueSpecification\",\"valueRequired\":true,\"valueName\":\"search_term_string\"}}],\"inLanguage\":\"pt-BR\"}]}<\/script>\n<!-- \/ Yoast SEO plugin. -->","yoast_head_json":{"title":"Oportunidades - Logisber","robots":{"index":"index","follow":"follow","max-snippet":"max-snippet:-1","max-image-preview":"max-image-preview:large","max-video-preview":"max-video-preview:-1"},"canonical":"https:\/\/logisber.com\/pt-br\/oportunidades","og_locale":"pt_BR","og_type":"article","og_title":"Oportunidades - Logisber","og_description":"Oportunidades Quer trabalhar numa empresa l\u00edder em inova\u00e7\u00e3o e com proje\u00e7\u00e3o internacional? Junte-se \u00e0 nossa equipe! Somos uma empresa de log\u00edstica, transporte e despacho aduaneiro l\u00edder em inova\u00e7\u00e3o com mais de 17 anos de experi\u00eancia. Dispomos de sete sedes e uma rede internacional de parceiros com presen\u00e7a nos cinco continentes. Nossas sedes se situam em... Ver artigo","og_url":"https:\/\/logisber.com\/pt-br\/oportunidades","og_site_name":"Logisber","article_modified_time":"2024-01-04T12:42:13+00:00","og_image":[{"url":"https:\/\/logisber.com\/contenido\/subidas\/2023\/01\/oportunidades.jpg","type":"","width":"","height":""}],"twitter_card":"summary_large_image","twitter_site":"@logisber","schema":{"@context":"https:\/\/schema.org","@graph":[{"@type":"WebPage","@id":"https:\/\/logisber.com\/pt-br\/oportunidades","url":"https:\/\/logisber.com\/pt-br\/oportunidades","name":"Oportunidades - Logisber","isPartOf":{"@id":"https:\/\/logisber.com\/pt-br\/#website"},"primaryImageOfPage":{"@id":"https:\/\/logisber.com\/pt-br\/oportunidades#primaryimage"},"image":{"@id":"https:\/\/logisber.com\/pt-br\/oportunidades#primaryimage"},"thumbnailUrl":"https:\/\/logisber.com\/contenido\/subidas\/2023\/01\/oportunidades.jpg","datePublished":"2023-02-23T13:34:05+00:00","dateModified":"2024-01-04T12:42:13+00:00","breadcrumb":{"@id":"https:\/\/logisber.com\/pt-br\/oportunidades#breadcrumb"},"inLanguage":"pt-BR","potentialAction":[{"@type":"ReadAction","target":["https:\/\/logisber.com\/pt-br\/oportunidades"]}]},{"@type":"ImageObject","inLanguage":"pt-BR","@id":"https:\/\/logisber.com\/pt-br\/oportunidades#primaryimage","url":"https:\/\/logisber.com\/contenido\/subidas\/2023\/01\/oportunidades.jpg","contentUrl":"https:\/\/logisber.com\/contenido\/subidas\/2023\/01\/oportunidades.jpg"},{"@type":"BreadcrumbList","@id":"https:\/\/logisber.com\/pt-br\/oportunidades#breadcrumb","itemListElement":[{"@type":"ListItem","position":1,"name":"Portada","item":"https:\/\/logisber.com\/pt-br"},{"@type":"ListItem","position":2,"name":"Oportunidades"}]},{"@type":"WebSite","@id":"https:\/\/logisber.com\/pt-br\/#website","url":"https:\/\/logisber.com\/pt-br\/","name":"Logisber","description":"","potentialAction":[{"@type":"SearchAction","target":{"@type":"EntryPoint","urlTemplate":"https:\/\/logisber.com\/pt-br\/?s={search_term_string}"},"query-input":{"@type":"PropertyValueSpecification","valueRequired":true,"valueName":"search_term_string"}}],"inLanguage":"pt-BR"}]}},"_links":{"self":[{"href":"https:\/\/logisber.com\/pt-br\/wp-json\/wp\/v2\/pages\/14457","targetHints":{"allow":["GET"]}}],"collection":[{"href":"https:\/\/logisber.com\/pt-br\/wp-json\/wp\/v2\/pages"}],"about":[{"href":"https:\/\/logisber.com\/pt-br\/wp-json\/wp\/v2\/types\/page"}],"author":[{"embeddable":true,"href":"https:\/\/logisber.com\/pt-br\/wp-json\/wp\/v2\/users\/9"}],"replies":[{"embeddable":true,"href":"https:\/\/logisber.com\/pt-br\/wp-json\/wp\/v2\/comments?post=14457"}],"version-history":[{"count":4,"href":"https:\/\/logisber.com\/pt-br\/wp-json\/wp\/v2\/pages\/14457\/revisions"}],"predecessor-version":[{"id":21585,"href":"https:\/\/logisber.com\/pt-br\/wp-json\/wp\/v2\/pages\/14457\/revisions\/21585"}],"wp:attachment":[{"href":"https:\/\/logisber.com\/pt-br\/wp-json\/wp\/v2\/media?parent=14457"}],"curies":[{"name":"wp","href":"https:\/\/api.w.org\/{rel}","templated":true}]}}