{"id":8000,"date":"2021-10-28T09:34:36","date_gmt":"2021-10-28T07:34:36","guid":{"rendered":"https:\/\/logisber.com\/?page_id=8000"},"modified":"2021-10-28T09:34:36","modified_gmt":"2021-10-28T07:34:36","slug":"logisber-o-seu-agente-de-carga-e-despachante-aduaneiro-em-barcelona","status":"publish","type":"page","link":"https:\/\/logisber.com\/pt-br\/logisber-o-seu-agente-de-carga-e-despachante-aduaneiro-em-barcelona","title":{"rendered":"Logisber, o seu agente de carga e despachante aduaneiro em Barcelona"},"content":{"rendered":"\n<h3 class=\"wp-block-heading\">Barcelona \u00e9 um dos principais centros log\u00edsticos no Mediterr\u00e2neo e no sul da Europa. A partir desta capital, a Logisber oferece servi\u00e7os de <a href=\"https:\/\/logisber.com\/transitario-internacional\/\">agente de carga internacional<\/a> e despachante aduaneiro, coordenando opera\u00e7\u00f5es de transporte mar\u00edtimo, a\u00e9reo e terrestre.<\/h3>\n\n\n\n<p>H\u00e1 quase duas d\u00e9cadas, nosso objetivo tem sido e continua sendo facilitar o com\u00e9rcio internacional entre a Espanha e o resto do mundo. Por isso, n\u00f3s intervimos da nossa sede em Barcelona como agente de carga internacional para trazer flexibilidade e seguran\u00e7a \u00e0s cadeias de suprimentos, contribuindo para a internacionaliza\u00e7\u00e3o das empresas.<\/p>\n\n\n\n<figure class=\"wp-block-image size-full\"><img loading=\"lazy\" decoding=\"async\" width=\"1920\" height=\"1080\" src=\"https:\/\/logisber.com\/contenido\/subidas\/2021\/07\/transitario-y-agente-de-aduanas-barcelona-02.jpg\" alt=\"Transitario y agente de aduanas Barcelona\" class=\"wp-image-6894\"\/><\/figure>\n\n\n\n<h2 class=\"wp-block-heading\"><strong><strong>Otimize o seu transporte mar\u00edtimo internacional em Barcelona<\/strong><\/strong><\/h2>\n\n\n\n<p>No mercado de transporte mar\u00edtimo internacional em Barcelona, a Logisber conquistou o selo de qualidade de <a href=\"http:\/\/www.portdebarcelona.cat\/es\/web\/port-dels-negocis\/programa-de-garanties\">Rede de Efici\u00eancia<\/a> do Porto de Barcelona,<br>que certifica que n\u00f3s trabalhamos com excel\u00eancia, integridade, empenho, colabora\u00e7\u00e3o, transpar\u00eancia e efic\u00e1cia. N\u00f3s somos tamb\u00e9m reconhecidos pelo Instituto de Distribui\u00e7\u00e3o de Qu\u00edmicos (<a href=\"https:\/\/www.cdi.org.uk\/index.aspx\">CDI<\/a>) pois fornecemos servi\u00e7os seguros e de qualidade para o transporte mar\u00edtimo de produtos fabricados na ind\u00fastria qu\u00edmica.Barcelona \u00e9 um porto de exporta\u00e7\u00e3o e importa\u00e7\u00e3o, uma vez que mais de 3 milh\u00f5es de cont\u00eaineres s\u00e3o movimentados por ano, sendo um pouco mais da metade cont\u00eaineres cheios para exporta\u00e7\u00e3o\/ importa\u00e7\u00e3o. Na Logisber, n\u00f3s temos profundo conhecimento sobre como o <a href=\"http:\/\/www.portdebarcelona.cat\/es\/home_apb\">Porto de Barcelona<\/a> opera como porto de entrada para Europa de diversas mercadorias do Extremo Oriente e Sudeste Asi\u00e1tico. N\u00f3s garantimos que seus envios estejam seguros e acompanhamos voc\u00ea em cada etapa.<\/p>\n\n\n\n<h2 class=\"wp-block-heading\"><strong><strong>Transporte a\u00e9reo internacional bem-sucedido em Barcelona<\/strong><\/strong><\/h2>\n\n\n\n<p>O <a href=\"http:\/\/www.aena.es\/es\/aeropuerto-barcelona\/conocenos.html\">Aeroporto de Barcelona<\/a> \u00e9 outra infraestrutura log\u00edstica essencial nesta localiza\u00e7\u00e3o euro-mediterr\u00e2nea com mais de 50 milh\u00f5es de passageiros e mais de 175 mil toneladas de mercadorias para exporta\u00e7\u00e3o e importa\u00e7\u00e3o por ano. Como agentes de carga e despachantes aduaneiros em Barcelona, n\u00f3s somos reconhecidos pela Associa\u00e7\u00e3o Internacional de Transporte A\u00e9reo (<a href=\"https:\/\/www.iata.org\/\">IATA<\/a>) e possu\u00edmos o <a href=\"https:\/\/ec.europa.eu\/health\/human-use\/good_manufacturing_distribution_practices_en\">certificado de GDP<\/a> (Boas Pr\u00e1ticas de Distribui\u00e7\u00e3o) para produtos farmac\u00eauticos.<\/p>\n\n\n\n<p>Na Logisber, n\u00f3s nos dedicamos \u00e0 atividade importante de <a href=\"https:\/\/logisber.com\/embarques-aereos\/\">transporte a\u00e9reo<\/a> associada \u00e0 <a href=\"https:\/\/logisber.com\/logistica-farmaceutica\/\">log\u00edstica farmac\u00eautica<\/a> e <a href=\"https:\/\/logisber.com\/logistica-de-perecederos\/\">log\u00edstica de produtos perec\u00edveis<\/a>, por exemplo, como ind\u00fastrias que exigem servi\u00e7os confi\u00e1veis.<\/p>\n\n\n\n<h2 class=\"wp-block-heading\"><strong><strong>Informe-se sobre o nosso transporte terrestre internacional em Barcelona<\/strong><\/strong><\/h2>\n\n\n\n<p>Barcelona possui um extenso sistema de estradas e autoestradas conectadas \u00e0s principais cidades espanholas e europeias para o transporte terrestre internacional. Tamb\u00e9m s\u00e3o muito importantes seus servi\u00e7os ferrovi\u00e1rios que conectam Barcelona a uma grande parte da Pen\u00ednsula Ib\u00e9rica, incluindo Portugal, e com destinos internacionais como Alemanha, Fran\u00e7a, It\u00e1lia e Holanda, entre outros.<\/p>\n\n\n\n<p>Os servi\u00e7os de transporte terrestre oferecidos pela Logisber baseiam-se no aproveitamento do <a href=\"https:\/\/logisber.com\/transporte-internacional-multimodal\/\">transporte multimodal<\/a>, usando caminh\u00f5es para maior rapidez ou a ferrovia, j\u00e1 que ela \u00e9 um meio de transporte mais sustent\u00e1vel, auxiliando na redu\u00e7\u00e3o da emiss\u00e3o de carbono das empresas de exporta\u00e7\u00e3o e importa\u00e7\u00e3o.<br>Voc\u00ea est\u00e1 interessado? Entre em contato conosco <a href=\"https:\/\/logisber.com\/contacto\">atrav\u00e9s deste link.<\/a><\/p>\n\n\n\n<h2 class=\"wp-block-heading\"><strong><strong>Saiba mais sobre a nossa variedade de servi\u00e7os log\u00edsticos especializados em Barcelona<\/strong><\/strong><\/h2>\n\n\n\n<p>Em rela\u00e7\u00e3o aos servi\u00e7os log\u00edsticos, a Logisber oferece ao mercado servi\u00e7os como agente de carga e despachante aduaneiro em Barcelona, entre os quais se destaca, a prepara\u00e7\u00e3o de pedidos e envios, armazenamento de mercadorias, manuseio, embalagem e acondicionamento, controle de invent\u00e1rio e distribui\u00e7\u00e3o de mercadoria.<\/p>\n\n\n\n<p>Por todos esses motivos, a Logisber tamb\u00e9m interv\u00e9m como <a href=\"https:\/\/logisber.com\/operador-logistico\/\">operadora log\u00edstica<\/a>, planejando, organizando, gerenciando e coordenando cadeias de suprimentos globais do in\u00edcio ao fim junto com seus clientes.<\/p>\n\n\n\n<figure class=\"wp-block-image size-full\"><img loading=\"lazy\" decoding=\"async\" width=\"1920\" height=\"1080\" src=\"https:\/\/logisber.com\/contenido\/subidas\/2021\/07\/transitario-y-agente-de-aduanas-barcelona-01.jpg\" alt=\"Transitario y agente de aduanas Barcelona\" class=\"wp-image-6890\"\/><\/figure>\n\n\n\n<h2 class=\"wp-block-heading\"><strong><strong>Experi\u00eancia, efic\u00e1cia e economia de tempo em procedimentos aduaneiros em Barcelona<\/strong><\/strong><\/h2>\n\n\n\n<p>Como a Logisber \u00e9 um agente de carga e despachante aduaneiro em Barcelona,<br>n\u00f3s tamb\u00e9m somos especialistas em todos os procedimentos aduaneiros associados a qualquer processo de importa\u00e7\u00e3o ou exporta\u00e7\u00e3o. A alf\u00e2ndega de Barcelona \u00e9 muito importante devido ao volume de mercadorias que s\u00e3o exportadas e importadas atrav\u00e9s do seu porto e aeroporto e nas suas estradas e autoestradas ou at\u00e9 mesmo pelos seus diversos servi\u00e7os ferrovi\u00e1rios.<\/p>\n\n\n\n<p>Nossa certifica\u00e7\u00e3o de <a href=\"https:\/\/logisber.com\/operador-economico-autorizado\/\">Operadora Econ\u00f4mica Autorizada<\/a> (OEA), reconhecida pela <a href=\"https:\/\/www.agenciatributaria.es\/AEAT.internet\/Inicio\/La_Agencia_Tributaria\/Aduanas_e_Impuestos_Especiales\/_Presentacion\/Procedimientos_y_gestiones_en_la_Aduana\/_EMPRESAS_Y_PROFESIONALES\/Operadores_economicos_en_la_Aduana\/_OPERADORES\/Operador_Economico_Autorizado__OEA_\/Operador_Economico_Autorizado__OEA_.shtml\">Ag\u00eancia Fiscal Espanhola<\/a>, confirma que somos uma operadora confi\u00e1vel e segura para realizar opera\u00e7\u00f5es aduaneiras e que cumprimos todas as normas e regulamentos que regem o com\u00e9rcio internacional.<\/p>\n\n\n\n<p>Na verdade, ser uma OEA significa que podemos oferecer aos nossos clientes algumas vantagens aduaneiras, tais como, menor controle f\u00edsico e de documenta\u00e7\u00e3o aduaneira da UE, prioridade na finaliza\u00e7\u00e3o de controles e inspe\u00e7\u00f5es aduaneiras,<br>a possibilidade de solicitar a realiza\u00e7\u00e3o de inspe\u00e7\u00f5es em um local espec\u00edfico e comunica\u00e7\u00f5es mais simplificadas e flex\u00edveis com as autoridades aduaneiras.<\/p>\n\n\n\n<p>N\u00f3s acompanhamos as empresas nos procedimentos aduaneiros complexos e gerenciamos toda a <a href=\"https:\/\/logisber.com\/documentos-para-exportar-e-importar\/\">documenta\u00e7\u00e3o<\/a> necess\u00e1ria para qualquer transa\u00e7\u00e3o de importa\u00e7\u00e3o ou exporta\u00e7\u00e3o, sendo a mais importante deles o <a href=\"https:\/\/logisber.com\/despacho-de-aduanas\/\">despacho aduaneiro<\/a>. N\u00f3s possu\u00edmos conhecimento completo sobre a <a href=\"https:\/\/www.agenciatributaria.gob.es\/AEAT.sede\/Inicio\/_otros_\/_Direcciones_y_telefonos_\/Aduanas_e_Impuestos_Especiales\/Cataluna\/Barcelona\/Barcelona.shtml\">Alf\u00e2ndega de Barcelona<\/a> e podemos processar qualquer documento aduaneiro com o <a href=\"https:\/\/www.agenciatributaria.es\/AEAT.internet\/Inicio\/La_Agencia_Tributaria\/Aduanas_e_Impuestos_Especiales\/_Presentacion\/Procedimientos_y_gestiones_en_la_Aduana\/Procedimientos_y_gestiones_en_la_Aduana.shtml\">Departamento de Impostos Especiais de Consumo e Aduaneiro<\/a> da Ag\u00eancia Fiscal Espanhola.&nbsp;<\/p>\n\n\n\n<p>A Logisber oferece a todos os seus clientes outros servi\u00e7os de consultoria aduaneira que v\u00e3o desde a escolha dos <a href=\"https:\/\/logisber.com\/incoterms-como-elegir\/\">Incoterms<\/a> mais apropriados para importa\u00e7\u00f5es e exporta\u00e7\u00f5es com base no tipo de transporte se \u00e9 mar\u00edtimo, terrestre ou a\u00e9reo,<br>at\u00e9 a classifica\u00e7\u00e3o aduaneira adequada, o pagamento de taxas e impostos,<br>bem como a representa\u00e7\u00e3o fiscal.<\/p>\n\n\n\n<p>A equipe de profissionais da Logisber \u00e9 altamente qualificada no oferecimento de solu\u00e7\u00f5es log\u00edsticas como agentes de carga e despachantes aduaneiros em Barcelona. N\u00f3s disponibilizamos todo nosso conhecimento e nossa experi\u00eancia \u00e0s empresas que geram riquezas para o pa\u00eds atrav\u00e9s das suas transa\u00e7\u00f5es comerciais internacionais. N\u00e3o pense mais sobre isso. Entre em contato conosco para saber como aumentar suas vendas internacionalmente com um transporte que se ajusta \u00e0s suas necessidades.<\/p>\n","protected":false},"excerpt":{"rendered":"Barcelona \u00e9 um dos principais centros log\u00edsticos no Mediterr\u00e2neo e no sul da Europa. A partir desta capital, a Logisber oferece servi\u00e7os de agente de carga internacional e despachante aduaneiro, coordenando opera\u00e7\u00f5es de transporte mar\u00edtimo, a\u00e9reo e terrestre. H\u00e1 quase duas d\u00e9cadas, nosso objetivo tem sido e continua sendo facilitar o com\u00e9rcio internacional entre a&#8230; <a class=\"view-article\" href=\"https:\/\/logisber.com\/pt-br\/logisber-o-seu-agente-de-carga-e-despachante-aduaneiro-em-barcelona\">Ver artigo<\/a>","protected":false},"author":7,"featured_media":6890,"parent":0,"menu_order":0,"comment_status":"closed","ping_status":"closed","template":"templates\/template-transitarios.php","meta":{"_acf_changed":false,"om_disable_all_campaigns":false,"_monsterinsights_skip_tracking":false,"_monsterinsights_sitenote_active":false,"_monsterinsights_sitenote_note":"","_monsterinsights_sitenote_category":0,"footnotes":""},"class_list":["post-8000","page","type-page","status-publish","has-post-thumbnail","hentry"],"acf":[],"yoast_head":"<!-- This site is optimized with the Yoast SEO plugin v26.1.1 - https:\/\/yoast.com\/wordpress\/plugins\/seo\/ -->\n<title>Agentes de carga e despachantes aduaneiros em Barcelona | Logisber Forwarding<\/title>\n<meta name=\"description\" content=\"Voc\u00ea precisa de servi\u00e7os de agenciamento de carga e despachante aduaneiro em Barcelona? A Logisber \u00e9 a sua parceira de sucesso na sua log\u00edstica empresarial.\" \/>\n<meta name=\"robots\" content=\"index, follow, max-snippet:-1, max-image-preview:large, max-video-preview:-1\" \/>\n<link rel=\"canonical\" href=\"https:\/\/logisber.com\/pt-br\/logisber-o-seu-agente-de-carga-e-despachante-aduaneiro-em-barcelona\" \/>\n<meta property=\"og:locale\" content=\"pt_BR\" \/>\n<meta property=\"og:type\" content=\"article\" \/>\n<meta property=\"og:title\" content=\"Agentes de carga e despachantes aduaneiros em Barcelona | Logisber Forwarding\" \/>\n<meta property=\"og:description\" content=\"Voc\u00ea precisa de servi\u00e7os de agenciamento de carga e despachante aduaneiro em Barcelona? A Logisber \u00e9 a sua parceira de sucesso na sua log\u00edstica empresarial.\" \/>\n<meta property=\"og:url\" content=\"https:\/\/logisber.com\/pt-br\/logisber-o-seu-agente-de-carga-e-despachante-aduaneiro-em-barcelona\" \/>\n<meta property=\"og:site_name\" content=\"Logisber\" \/>\n<meta property=\"og:image\" content=\"https:\/\/logisber.com\/contenido\/subidas\/2021\/07\/transitario-y-agente-de-aduanas-barcelona-01.jpg\" \/>\n\t<meta property=\"og:image:width\" content=\"1920\" \/>\n\t<meta property=\"og:image:height\" content=\"1080\" \/>\n\t<meta property=\"og:image:type\" content=\"image\/jpeg\" \/>\n<meta name=\"twitter:card\" content=\"summary_large_image\" \/>\n<meta name=\"twitter:site\" content=\"@logisber\" \/>\n<meta name=\"twitter:label1\" content=\"Est. tempo de leitura\" \/>\n\t<meta name=\"twitter:data1\" content=\"5 minutos\" \/>\n<script type=\"application\/ld+json\" class=\"yoast-schema-graph\">{\"@context\":\"https:\/\/schema.org\",\"@graph\":[{\"@type\":\"WebPage\",\"@id\":\"https:\/\/logisber.com\/pt-br\/logisber-o-seu-agente-de-carga-e-despachante-aduaneiro-em-barcelona\",\"url\":\"https:\/\/logisber.com\/pt-br\/logisber-o-seu-agente-de-carga-e-despachante-aduaneiro-em-barcelona\",\"name\":\"Agentes de carga e despachantes aduaneiros em Barcelona | Logisber Forwarding\",\"isPartOf\":{\"@id\":\"https:\/\/logisber.com\/pt-br\/#website\"},\"primaryImageOfPage\":{\"@id\":\"https:\/\/logisber.com\/pt-br\/logisber-o-seu-agente-de-carga-e-despachante-aduaneiro-em-barcelona#primaryimage\"},\"image\":{\"@id\":\"https:\/\/logisber.com\/pt-br\/logisber-o-seu-agente-de-carga-e-despachante-aduaneiro-em-barcelona#primaryimage\"},\"thumbnailUrl\":\"https:\/\/logisber.com\/contenido\/subidas\/2021\/07\/transitario-y-agente-de-aduanas-barcelona-01.jpg\",\"datePublished\":\"2021-10-28T07:34:36+00:00\",\"description\":\"Voc\u00ea precisa de servi\u00e7os de agenciamento de carga e despachante aduaneiro em Barcelona? A Logisber \u00e9 a sua parceira de sucesso na sua log\u00edstica empresarial.\",\"breadcrumb\":{\"@id\":\"https:\/\/logisber.com\/pt-br\/logisber-o-seu-agente-de-carga-e-despachante-aduaneiro-em-barcelona#breadcrumb\"},\"inLanguage\":\"pt-BR\",\"potentialAction\":[{\"@type\":\"ReadAction\",\"target\":[\"https:\/\/logisber.com\/pt-br\/logisber-o-seu-agente-de-carga-e-despachante-aduaneiro-em-barcelona\"]}]},{\"@type\":\"ImageObject\",\"inLanguage\":\"pt-BR\",\"@id\":\"https:\/\/logisber.com\/pt-br\/logisber-o-seu-agente-de-carga-e-despachante-aduaneiro-em-barcelona#primaryimage\",\"url\":\"https:\/\/logisber.com\/contenido\/subidas\/2021\/07\/transitario-y-agente-de-aduanas-barcelona-01.jpg\",\"contentUrl\":\"https:\/\/logisber.com\/contenido\/subidas\/2021\/07\/transitario-y-agente-de-aduanas-barcelona-01.jpg\",\"width\":1920,\"height\":1080,\"caption\":\"Transitario y agente de aduanas Barcelona\"},{\"@type\":\"BreadcrumbList\",\"@id\":\"https:\/\/logisber.com\/pt-br\/logisber-o-seu-agente-de-carga-e-despachante-aduaneiro-em-barcelona#breadcrumb\",\"itemListElement\":[{\"@type\":\"ListItem\",\"position\":1,\"name\":\"Portada\",\"item\":\"https:\/\/logisber.com\/pt-br\"},{\"@type\":\"ListItem\",\"position\":2,\"name\":\"Logisber, o seu agente de carga e despachante aduaneiro em Barcelona\"}]},{\"@type\":\"WebSite\",\"@id\":\"https:\/\/logisber.com\/pt-br\/#website\",\"url\":\"https:\/\/logisber.com\/pt-br\/\",\"name\":\"Logisber\",\"description\":\"\",\"potentialAction\":[{\"@type\":\"SearchAction\",\"target\":{\"@type\":\"EntryPoint\",\"urlTemplate\":\"https:\/\/logisber.com\/pt-br\/?s={search_term_string}\"},\"query-input\":{\"@type\":\"PropertyValueSpecification\",\"valueRequired\":true,\"valueName\":\"search_term_string\"}}],\"inLanguage\":\"pt-BR\"}]}<\/script>\n<!-- \/ Yoast SEO plugin. -->","yoast_head_json":{"title":"Agentes de carga e despachantes aduaneiros em Barcelona | Logisber Forwarding","description":"Voc\u00ea precisa de servi\u00e7os de agenciamento de carga e despachante aduaneiro em Barcelona? A Logisber \u00e9 a sua parceira de sucesso na sua log\u00edstica empresarial.","robots":{"index":"index","follow":"follow","max-snippet":"max-snippet:-1","max-image-preview":"max-image-preview:large","max-video-preview":"max-video-preview:-1"},"canonical":"https:\/\/logisber.com\/pt-br\/logisber-o-seu-agente-de-carga-e-despachante-aduaneiro-em-barcelona","og_locale":"pt_BR","og_type":"article","og_title":"Agentes de carga e despachantes aduaneiros em Barcelona | Logisber Forwarding","og_description":"Voc\u00ea precisa de servi\u00e7os de agenciamento de carga e despachante aduaneiro em Barcelona? A Logisber \u00e9 a sua parceira de sucesso na sua log\u00edstica empresarial.","og_url":"https:\/\/logisber.com\/pt-br\/logisber-o-seu-agente-de-carga-e-despachante-aduaneiro-em-barcelona","og_site_name":"Logisber","og_image":[{"width":1920,"height":1080,"url":"https:\/\/logisber.com\/contenido\/subidas\/2021\/07\/transitario-y-agente-de-aduanas-barcelona-01.jpg","type":"image\/jpeg"}],"twitter_card":"summary_large_image","twitter_site":"@logisber","twitter_misc":{"Est. tempo de leitura":"5 minutos"},"schema":{"@context":"https:\/\/schema.org","@graph":[{"@type":"WebPage","@id":"https:\/\/logisber.com\/pt-br\/logisber-o-seu-agente-de-carga-e-despachante-aduaneiro-em-barcelona","url":"https:\/\/logisber.com\/pt-br\/logisber-o-seu-agente-de-carga-e-despachante-aduaneiro-em-barcelona","name":"Agentes de carga e despachantes aduaneiros em Barcelona | Logisber Forwarding","isPartOf":{"@id":"https:\/\/logisber.com\/pt-br\/#website"},"primaryImageOfPage":{"@id":"https:\/\/logisber.com\/pt-br\/logisber-o-seu-agente-de-carga-e-despachante-aduaneiro-em-barcelona#primaryimage"},"image":{"@id":"https:\/\/logisber.com\/pt-br\/logisber-o-seu-agente-de-carga-e-despachante-aduaneiro-em-barcelona#primaryimage"},"thumbnailUrl":"https:\/\/logisber.com\/contenido\/subidas\/2021\/07\/transitario-y-agente-de-aduanas-barcelona-01.jpg","datePublished":"2021-10-28T07:34:36+00:00","description":"Voc\u00ea precisa de servi\u00e7os de agenciamento de carga e despachante aduaneiro em Barcelona? A Logisber \u00e9 a sua parceira de sucesso na sua log\u00edstica empresarial.","breadcrumb":{"@id":"https:\/\/logisber.com\/pt-br\/logisber-o-seu-agente-de-carga-e-despachante-aduaneiro-em-barcelona#breadcrumb"},"inLanguage":"pt-BR","potentialAction":[{"@type":"ReadAction","target":["https:\/\/logisber.com\/pt-br\/logisber-o-seu-agente-de-carga-e-despachante-aduaneiro-em-barcelona"]}]},{"@type":"ImageObject","inLanguage":"pt-BR","@id":"https:\/\/logisber.com\/pt-br\/logisber-o-seu-agente-de-carga-e-despachante-aduaneiro-em-barcelona#primaryimage","url":"https:\/\/logisber.com\/contenido\/subidas\/2021\/07\/transitario-y-agente-de-aduanas-barcelona-01.jpg","contentUrl":"https:\/\/logisber.com\/contenido\/subidas\/2021\/07\/transitario-y-agente-de-aduanas-barcelona-01.jpg","width":1920,"height":1080,"caption":"Transitario y agente de aduanas Barcelona"},{"@type":"BreadcrumbList","@id":"https:\/\/logisber.com\/pt-br\/logisber-o-seu-agente-de-carga-e-despachante-aduaneiro-em-barcelona#breadcrumb","itemListElement":[{"@type":"ListItem","position":1,"name":"Portada","item":"https:\/\/logisber.com\/pt-br"},{"@type":"ListItem","position":2,"name":"Logisber, o seu agente de carga e despachante aduaneiro em Barcelona"}]},{"@type":"WebSite","@id":"https:\/\/logisber.com\/pt-br\/#website","url":"https:\/\/logisber.com\/pt-br\/","name":"Logisber","description":"","potentialAction":[{"@type":"SearchAction","target":{"@type":"EntryPoint","urlTemplate":"https:\/\/logisber.com\/pt-br\/?s={search_term_string}"},"query-input":{"@type":"PropertyValueSpecification","valueRequired":true,"valueName":"search_term_string"}}],"inLanguage":"pt-BR"}]}},"_links":{"self":[{"href":"https:\/\/logisber.com\/pt-br\/wp-json\/wp\/v2\/pages\/8000","targetHints":{"allow":["GET"]}}],"collection":[{"href":"https:\/\/logisber.com\/pt-br\/wp-json\/wp\/v2\/pages"}],"about":[{"href":"https:\/\/logisber.com\/pt-br\/wp-json\/wp\/v2\/types\/page"}],"author":[{"embeddable":true,"href":"https:\/\/logisber.com\/pt-br\/wp-json\/wp\/v2\/users\/7"}],"replies":[{"embeddable":true,"href":"https:\/\/logisber.com\/pt-br\/wp-json\/wp\/v2\/comments?post=8000"}],"version-history":[{"count":1,"href":"https:\/\/logisber.com\/pt-br\/wp-json\/wp\/v2\/pages\/8000\/revisions"}],"predecessor-version":[{"id":8001,"href":"https:\/\/logisber.com\/pt-br\/wp-json\/wp\/v2\/pages\/8000\/revisions\/8001"}],"wp:featuredmedia":[{"embeddable":true,"href":"https:\/\/logisber.com\/pt-br\/wp-json\/wp\/v2\/media\/6890"}],"wp:attachment":[{"href":"https:\/\/logisber.com\/pt-br\/wp-json\/wp\/v2\/media?parent=8000"}],"curies":[{"name":"wp","href":"https:\/\/api.w.org\/{rel}","templated":true}]}}