{"id":8002,"date":"2021-10-28T09:41:43","date_gmt":"2021-10-28T07:41:43","guid":{"rendered":"https:\/\/logisber.com\/?page_id=8002"},"modified":"2021-10-28T09:41:43","modified_gmt":"2021-10-28T07:41:43","slug":"logisber-o-seu-agente-de-carga-e-despachante-aduaneiro-em-madrid","status":"publish","type":"page","link":"https:\/\/logisber.com\/pt-br\/logisber-o-seu-agente-de-carga-e-despachante-aduaneiro-em-madrid","title":{"rendered":"Logisber, o seu agente de carga e despachante aduaneiro em Madrid"},"content":{"rendered":"\n<h3 class=\"wp-block-heading\">Madrid \u00e9 o maior centro log\u00edstico da Espanha. A partir da capital, a Logisber oferece servi\u00e7os de <a href=\"https:\/\/logisber.com\/transitario-internacional\/\">agente de carga internacional<\/a> e despachante aduaneiro, coordenando cadeias log\u00edsticas globais e opera\u00e7\u00f5es de transporte mar\u00edtimo, a\u00e9reo e terrestre. N\u00f3s somos uma empresa de agenciamento de carga que oferece \u00e0s empresas de com\u00e9rcio exterior uma enorme variedade de servi\u00e7os log\u00edsticos, desde o transporte mar\u00edtimo, terrestre e a\u00e9reo a opera\u00e7\u00f5es aduaneiras.<\/h3>\n\n\n\n<p>Nosso principal objetivo \u00e9 que todas as solu\u00e7\u00f5es log\u00edsticas oferecidas por n\u00f3s sejam adaptadas \u00e0s necessidades das empresas de exporta\u00e7\u00e3o e importa\u00e7\u00e3o, do in\u00edcio ao fim, pois elas exigem servi\u00e7os eficientes, \u00e1geis e competitivos. H\u00e1 quase duas d\u00e9cadas, n\u00f3s temos facilitado o com\u00e9rcio exterior de empresas espanholas que compram ou vendem mercadorias e produtos em outros pa\u00edses ao redor do mundo.&nbsp;<\/p>\n\n\n\n<p>A partir dos nossos escrit\u00f3rios em Madrid, a Logisber interv\u00e9m como agente de carga e despachante aduaneiro trazendo confiabilidade e seguran\u00e7a ap\u00f3s mais de dez anos contribuindo para a internacionaliza\u00e7\u00e3o de empresas espanholas. Embarque nos servi\u00e7os de agenciamento de carga e aduaneiros da Logisber para ter suas mercadorias gerenciadas e transportadas pelos melhores especialistas.<br>O momento \u00e9 agora.&nbsp;<\/p>\n\n\n\n<figure class=\"wp-block-image size-full\"><img loading=\"lazy\" decoding=\"async\" width=\"1920\" height=\"1080\" src=\"https:\/\/logisber.com\/contenido\/subidas\/2021\/07\/transitario-y-agente-de-aduanas-madrid-02.jpg\" alt=\"Transitario y afente de aduanas Madrid\" class=\"wp-image-6874\"\/><\/figure>\n\n\n\n<h2 class=\"wp-block-heading\"><strong><strong>A sua refer\u00eancia em transporte mar\u00edtimo internacional em Madrid<\/strong><\/strong><\/h2>\n\n\n\n<p>Embora Madrid esteja no interior da Pen\u00ednsula Ib\u00e9rica, a Logisber pode coordenar opera\u00e7\u00f5es de transporte a partir desta regi\u00e3o com os principais portos espanh\u00f3is, como as de <a href=\"https:\/\/www.valenciaport.com\/\">Val\u00eancia<\/a>, <a href=\"http:\/\/www.portdebarcelona.cat\/es\/home_apb\">Barcelona<\/a> e <a href=\"https:\/\/www.apba.es\/\">Algeciras<\/a>. Todas as mercadorias que precisam ser exportadas de Madrid ou importadas para esta capital, podem sair ou entrar atrav\u00e9s desses portos ou de qualquer outro do <a href=\"http:\/\/www.puertos.es\/es-es\/nosotrospuertos\">sistema portu\u00e1rio espanhol<\/a>.<br>Na Logisber, n\u00f3s o ajudamos a tornar tudo poss\u00edvel.&nbsp;<\/p>\n\n\n\n<p>No mercado de transporte mar\u00edtimo, a Logisber \u00e9 reconhecida pelo Instituto de Distribui\u00e7\u00e3o de Qu\u00edmicos (<a href=\"https:\/\/www.cdi.org.uk\/index.aspx\">CDI<\/a>) para fornecer servi\u00e7os seguros e de qualidade para o transporte mar\u00edtimo de produtos fabricados na ind\u00fastria qu\u00edmica. Esta \u00e9 uma garantia de excel\u00eancia em levar as suas mercadorias ao destino nas condi\u00e7\u00f5es mais seguras.<\/p>\n\n\n\n<h2 class=\"wp-block-heading\"><strong><strong>Otimize o seu transporte a\u00e9reo internacional em Madrid<\/strong><\/strong><\/h2>\n\n\n\n<p>O <a href=\"http:\/\/www.aena.es\/es\/aeropuerto-madrid-barajas\/index.html?other=1237552880829\">Aeroporto de Madrid<\/a> \u00e9 o centro com o maior volume de passageiros e tr\u00e1fego de mercadorias. Aproximadamente 62 milh\u00f5es de passageiros viajam por meio dessa infraestrutura todo ano, ficando em quinto lugar no ranking de aeroportos europeus. As principais companhias a\u00e9reas internacionais conectam Madrid aos cinco continentes com mais de 560.000 toneladas de mercadorias, sendo o principal aeroporto da Espanha.<\/p>\n\n\n\n<p>A fim de fornecer servi\u00e7os de carga, o aeroporto possui o <a href=\"http:\/\/www.aena.es\/es\/aeropuerto-madrid-barajas\/centro-carga-aerea.html\">Centro de Carga A\u00e9rea Madrid-Barajas<\/a> que \u00e9 a base de empresas de movimenta\u00e7\u00e3o de carga, couriers, transit\u00e1rios de carga, agentes de carga e outros operadores que participam da cadeia log\u00edstica de transporte a\u00e9reo. Esta \u00e1rea log\u00edstica \u00e9 conectada por rodovias aos principais centros log\u00edsticos pr\u00f3ximos \u00e0 capital e possui instala\u00e7\u00f5es autorizadas que realizam controles e inspe\u00e7\u00f5es, bem como procedimentos de despacho aduaneiro para opera\u00e7\u00f5es de importa\u00e7\u00e3o e exporta\u00e7\u00e3o.<\/p>\n\n\n\n<p><br>Em Madrid, a Logisber Forwarding dedica-se \u00e0 atividade importante de <a href=\"https:\/\/logisber.com\/embarques-aereos\/\">transporte a\u00e9reo<\/a> associada \u00e0 <a href=\"https:\/\/logisber.com\/logistica-farmaceutica\/\">log\u00edstica farmac\u00eautica<\/a> e <a href=\"https:\/\/logisber.com\/logistica-de-perecederos\/\">log\u00edstica de produtos perec\u00edveis<\/a>, entre outros setores. Nosso amplo conhecimento sobre agenciamento de carga nos permite agilizar o transporte a\u00e9reo internacional tanto quanto poss\u00edvel. Al\u00e9m disso, como agentes de carga e despachantes aduaneiros em Madrid, n\u00f3s somos reconhecidos pela Associa\u00e7\u00e3o Internacional de Transporte A\u00e9reo, tamb\u00e9m conhecida como <a href=\"https:\/\/www.iata.org\/\">IATA<\/a>, e possu\u00edmos o <a href=\"https:\/\/ec.europa.eu\/health\/human-use\/good_manufacturing_distribution_practices_en\">certificado de GDP<\/a> (Boas Pr\u00e1ticas de Distribui\u00e7\u00e3o) para produtos farmac\u00eauticos. Entre em contato conosco e saiba mais como n\u00f3s podemos tornar rent\u00e1vel o seu transporte de mercadorias.<\/p>\n\n\n\n<h2 class=\"wp-block-heading\"><strong><strong>Otimize o seu transporte terrestre internacional em Madrid<\/strong><\/strong><\/h2>\n\n\n\n<p>Madrid e seus arredores, possuem os chamados portos secos, como o <a href=\"http:\/\/www.puertoseco.com\/espa%C3%B1ol\/cartadebienvenida2.html\">Porto Seco de Madrid<\/a> e o <a href=\"http:\/\/www.intermodalcentro.com\/\">Porto Seco\/Terminal Intermodal Central de Azuqueca<\/a> atrav\u00e9s dos quais as mercadorias entram e saem. A prov\u00edncia \u00e9 o centro log\u00edstico espanhol mais importante, com infraestruturas terrestre e ferrovi\u00e1ria que conectam este territ\u00f3rio \u00e0 Europa atrav\u00e9s de uma rede de estradas e linhas ferrovi\u00e1rias.&nbsp;<\/p>\n\n\n\n<p>Para apoiar a atividade log\u00edstica no centro da Espanha, Madrid e as \u00e1reas ao redor possuem diversos centros log\u00edsticos e plataformas onde as principais empresas multinacionais de diversos setores como alimentos e bebidas, farmac\u00eautico e t\u00eaxtil, entre outros, estabeleceram suas opera\u00e7\u00f5es. Os servi\u00e7os de transporte terrestre oferecidos pela Logisber baseiam-se no aproveitamento do transporte <a href=\"https:\/\/logisber.com\/transporte-internacional-multimodal\/\">multimodal<\/a>, devido \u00e0 velocidade, sustentabilidade e efici\u00eancia poss\u00edvel pelo uso de caminh\u00f5es e trens. \u00c9 uma iniciativa \u00fanica para reduzir com sucesso a emiss\u00e3o de carbono de empresas de exporta\u00e7\u00e3o e importa\u00e7\u00e3o.&nbsp;<\/p>\n\n\n\n<h2 class=\"wp-block-heading\"><strong><strong>Saiba mais sobre a nossa variedade de servi\u00e7os log\u00edsticos especializados em Madrid<\/strong><\/strong><\/h2>\n\n\n\n<p>Na Logisber, n\u00f3s oferecemos ao mercado outros servi\u00e7os log\u00edsticos como agentes de carga e despachantes aduaneiros, incluindo a prepara\u00e7\u00e3o de pedidos e envios, armazenamento de mercadorias, manuseio, embalagem e acondicionamento, controle de invent\u00e1rio e distribui\u00e7\u00e3o de mercadoria. \u00c9 um processo completo que nos permite controlar, gerenciar e processar todas as opera\u00e7\u00f5es com base na experi\u00eancia e excel\u00eancia.<\/p>\n\n\n\n<p>Como <a href=\"https:\/\/logisber.com\/operador-logistico\/\">operadora log\u00edstica<\/a>, a Logisber Forwarding planeja, organiza, gerencia e coordena cadeias de suprimentos globais junto com todos os tipos de clientes, do in\u00edcio ao fim. Entre em contato conosco e saiba mais sobre os nossos servi\u00e7os log\u00edsticos em Madrid.<\/p>\n\n\n\n<figure class=\"wp-block-image size-full\"><img loading=\"lazy\" decoding=\"async\" width=\"1920\" height=\"1080\" src=\"https:\/\/logisber.com\/contenido\/subidas\/2021\/07\/transitario-y-agente-de-aduanas-madrid-01.jpg\" alt=\"Transitario y afente de aduanas Madrid\" class=\"wp-image-6870\"\/><\/figure>\n\n\n\n<h2 class=\"wp-block-heading\"><strong><strong>Procedimentos aduaneiros eficazes e eficientes em Madrid<\/strong><\/strong><\/h2>\n\n\n\n<p>Na Logisber, n\u00f3s somos agentes de carga internacional que oferece servi\u00e7os como despachantes aduaneiros em Madrid, pois somos especializados em todos os tipos de procedimentos aduaneiros associados a qualquer processo de importa\u00e7\u00e3o ou exporta\u00e7\u00e3o. Devido ao volume de mercadoria importada e exportada, a \u00e1rea de Madrid \u00e9 uma conex\u00e3o aduaneira muito importante, onde muitas transa\u00e7\u00f5es aduaneiras s\u00e3o processadas pelo Departamento de Impostos Especiais de Consumo e Aduaneiro da Ag\u00eancia Fiscal Espanhola. N\u00f3s trabalhamos lado a lado com as principais organiza\u00e7\u00f5es para ativar envios confi\u00e1veis e seguros de mercadorias que atendem os prazos acordados com o cliente.&nbsp;<\/p>\n\n\n\n<p>Nossa ampla experi\u00eancia mostra que conhecemos bem a forma de trabalho do <a href=\"https:\/\/www.agenciatributaria.gob.es\/AEAT.sede\/Inicio\/_otros_\/_Direcciones_y_telefonos_\/Aduanas_e_Impuestos_Especiales\/Madrid\/Madrid\/Madrid.shtml\">Escrit\u00f3rio de Impostos Especiais de Consumo e Aduaneiro de Madrid<\/a>, onde todos os documentos aduaneiros devem ser processados. N\u00f3s acompanhamos as empresas nos procedimentos aduaneiros complexos e gerenciamos toda a documenta\u00e7\u00e3o necess\u00e1ria para qualquer transa\u00e7\u00e3o de importa\u00e7\u00e3o ou exporta\u00e7\u00e3o, sendo a mais importante deles o despacho aduaneiro.<\/p>\n\n\n\n<p>Como <a href=\"https:\/\/logisber.com\/operador-economico-autorizado\/\">Operadora Econ\u00f4mica Autorizada<\/a> (OEA) certificada pela <a href=\"https:\/\/www.agenciatributaria.es\/AEAT.internet\/Inicio\/La_Agencia_Tributaria\/Aduanas_e_Impuestos_Especiales\/_Presentacion\/Procedimientos_y_gestiones_en_la_Aduana\/_EMPRESAS_Y_PROFESIONALES\/Operadores_economicos_en_la_Aduana\/_OPERADORES\/Operador_Economico_Autorizado__OEA_\/Operador_Economico_Autorizado__OEA_.shtml\">Ag\u00eancia Fiscal Espanhola<\/a>, somos uma operadora confi\u00e1vel e segura para realizar opera\u00e7\u00f5es aduaneiras e cumprimos todas as normas e regulamentos que regem o com\u00e9rcio internacional. A certifica\u00e7\u00e3o de OEA nos permite oferecer aos nossos clientes algumas vantagens aduaneiras, tais como, menor controle f\u00edsico e de documenta\u00e7\u00e3o aduaneira da UE, prioridade na finaliza\u00e7\u00e3o de controles e inspe\u00e7\u00f5es aduaneiras, a possibilidade de solicitar a realiza\u00e7\u00e3o de inspe\u00e7\u00f5es em um local espec\u00edfico e comunica\u00e7\u00f5es mais simplificadas e flex\u00edveis com as autoridades aduaneiras.<\/p>\n\n\n\n<p>Caso tenha alguma d\u00favida sobre suas importa\u00e7\u00f5es, exporta\u00e7\u00f5es ou despachantes aduaneiros, a Logisber pode fornecer servi\u00e7os especializados de consultoria aduaneira, que v\u00e3o desde a escolha dos <a href=\"https:\/\/logisber.com\/incoterms-como-elegir\/\">Incoterms<\/a> mais apropriados para importa\u00e7\u00f5es e exporta\u00e7\u00f5es com base no tipo (mar\u00edtimo, terrestre ou a\u00e9reo), at\u00e9 a classifica\u00e7\u00e3o aduaneira adequada, o pagamento de taxas e impostos, bem como a representa\u00e7\u00e3o fiscal. N\u00e3o pense duas vezes em entrar em contato com uma equipe de profissionais altamente qualificados que podem oferecer solu\u00e7\u00f5es log\u00edsticas como agentes de carga e despachantes aduaneiros em Madrid.<br>Entre em contato conosco agora para saber mais sobre procedimentos mais vantajosos e exporta\u00e7\u00f5es e importa\u00e7\u00f5es de mercadorias que adaptam-se \u00e0s suas necessidades.\u00a0<\/p>\n","protected":false},"excerpt":{"rendered":"Madrid \u00e9 o maior centro log\u00edstico da Espanha. A partir da capital, a Logisber oferece servi\u00e7os de agente de carga internacional e despachante aduaneiro, coordenando cadeias log\u00edsticas globais e opera\u00e7\u00f5es de transporte mar\u00edtimo, a\u00e9reo e terrestre. N\u00f3s somos uma empresa de agenciamento de carga que oferece \u00e0s empresas de com\u00e9rcio exterior uma enorme variedade de&#8230; <a class=\"view-article\" href=\"https:\/\/logisber.com\/pt-br\/logisber-o-seu-agente-de-carga-e-despachante-aduaneiro-em-madrid\">Ver artigo<\/a>","protected":false},"author":7,"featured_media":6870,"parent":0,"menu_order":0,"comment_status":"closed","ping_status":"closed","template":"templates\/template-transitarios.php","meta":{"_acf_changed":false,"om_disable_all_campaigns":false,"_monsterinsights_skip_tracking":false,"_monsterinsights_sitenote_active":false,"_monsterinsights_sitenote_note":"","_monsterinsights_sitenote_category":0,"footnotes":""},"class_list":["post-8002","page","type-page","status-publish","has-post-thumbnail","hentry"],"acf":[],"yoast_head":"<!-- This site is optimized with the Yoast SEO plugin v26.1.1 - https:\/\/yoast.com\/wordpress\/plugins\/seo\/ -->\n<title>Agentes de carga e despachantes aduaneiros em Madrid | Logisber Forwarding<\/title>\n<meta name=\"description\" content=\"Saiba mais sobre os nossos servi\u00e7os de agentes de carga e despachantes aduaneiros em Madrid e exporte ou importe suas mercadorias com maior efici\u00eancia. Confie na Logisber.\" \/>\n<meta name=\"robots\" content=\"index, follow, max-snippet:-1, max-image-preview:large, max-video-preview:-1\" \/>\n<link rel=\"canonical\" href=\"https:\/\/logisber.com\/pt-br\/logisber-o-seu-agente-de-carga-e-despachante-aduaneiro-em-madrid\" \/>\n<meta property=\"og:locale\" content=\"pt_BR\" \/>\n<meta property=\"og:type\" content=\"article\" \/>\n<meta property=\"og:title\" content=\"Agentes de carga e despachantes aduaneiros em Madrid | Logisber Forwarding\" \/>\n<meta property=\"og:description\" content=\"Saiba mais sobre os nossos servi\u00e7os de agentes de carga e despachantes aduaneiros em Madrid e exporte ou importe suas mercadorias com maior efici\u00eancia. Confie na Logisber.\" \/>\n<meta property=\"og:url\" content=\"https:\/\/logisber.com\/pt-br\/logisber-o-seu-agente-de-carga-e-despachante-aduaneiro-em-madrid\" \/>\n<meta property=\"og:site_name\" content=\"Logisber\" \/>\n<meta property=\"og:image\" content=\"https:\/\/logisber.com\/contenido\/subidas\/2021\/07\/transitario-y-agente-de-aduanas-madrid-01.jpg\" \/>\n\t<meta property=\"og:image:width\" content=\"1920\" \/>\n\t<meta property=\"og:image:height\" content=\"1080\" \/>\n\t<meta property=\"og:image:type\" content=\"image\/jpeg\" \/>\n<meta name=\"twitter:card\" content=\"summary_large_image\" \/>\n<meta name=\"twitter:site\" content=\"@logisber\" \/>\n<meta name=\"twitter:label1\" content=\"Est. tempo de leitura\" \/>\n\t<meta name=\"twitter:data1\" content=\"6 minutos\" \/>\n<script type=\"application\/ld+json\" class=\"yoast-schema-graph\">{\"@context\":\"https:\/\/schema.org\",\"@graph\":[{\"@type\":\"WebPage\",\"@id\":\"https:\/\/logisber.com\/pt-br\/logisber-o-seu-agente-de-carga-e-despachante-aduaneiro-em-madrid\",\"url\":\"https:\/\/logisber.com\/pt-br\/logisber-o-seu-agente-de-carga-e-despachante-aduaneiro-em-madrid\",\"name\":\"Agentes de carga e despachantes aduaneiros em Madrid | Logisber Forwarding\",\"isPartOf\":{\"@id\":\"https:\/\/logisber.com\/pt-br\/#website\"},\"primaryImageOfPage\":{\"@id\":\"https:\/\/logisber.com\/pt-br\/logisber-o-seu-agente-de-carga-e-despachante-aduaneiro-em-madrid#primaryimage\"},\"image\":{\"@id\":\"https:\/\/logisber.com\/pt-br\/logisber-o-seu-agente-de-carga-e-despachante-aduaneiro-em-madrid#primaryimage\"},\"thumbnailUrl\":\"https:\/\/logisber.com\/contenido\/subidas\/2021\/07\/transitario-y-agente-de-aduanas-madrid-01.jpg\",\"datePublished\":\"2021-10-28T07:41:43+00:00\",\"description\":\"Saiba mais sobre os nossos servi\u00e7os de agentes de carga e despachantes aduaneiros em Madrid e exporte ou importe suas mercadorias com maior efici\u00eancia. Confie na Logisber.\",\"breadcrumb\":{\"@id\":\"https:\/\/logisber.com\/pt-br\/logisber-o-seu-agente-de-carga-e-despachante-aduaneiro-em-madrid#breadcrumb\"},\"inLanguage\":\"pt-BR\",\"potentialAction\":[{\"@type\":\"ReadAction\",\"target\":[\"https:\/\/logisber.com\/pt-br\/logisber-o-seu-agente-de-carga-e-despachante-aduaneiro-em-madrid\"]}]},{\"@type\":\"ImageObject\",\"inLanguage\":\"pt-BR\",\"@id\":\"https:\/\/logisber.com\/pt-br\/logisber-o-seu-agente-de-carga-e-despachante-aduaneiro-em-madrid#primaryimage\",\"url\":\"https:\/\/logisber.com\/contenido\/subidas\/2021\/07\/transitario-y-agente-de-aduanas-madrid-01.jpg\",\"contentUrl\":\"https:\/\/logisber.com\/contenido\/subidas\/2021\/07\/transitario-y-agente-de-aduanas-madrid-01.jpg\",\"width\":1920,\"height\":1080,\"caption\":\"Transitario y afente de aduanas Madrid\"},{\"@type\":\"BreadcrumbList\",\"@id\":\"https:\/\/logisber.com\/pt-br\/logisber-o-seu-agente-de-carga-e-despachante-aduaneiro-em-madrid#breadcrumb\",\"itemListElement\":[{\"@type\":\"ListItem\",\"position\":1,\"name\":\"Portada\",\"item\":\"https:\/\/logisber.com\/pt-br\"},{\"@type\":\"ListItem\",\"position\":2,\"name\":\"Logisber, o seu agente de carga e despachante aduaneiro em Madrid\"}]},{\"@type\":\"WebSite\",\"@id\":\"https:\/\/logisber.com\/pt-br\/#website\",\"url\":\"https:\/\/logisber.com\/pt-br\/\",\"name\":\"Logisber\",\"description\":\"\",\"potentialAction\":[{\"@type\":\"SearchAction\",\"target\":{\"@type\":\"EntryPoint\",\"urlTemplate\":\"https:\/\/logisber.com\/pt-br\/?s={search_term_string}\"},\"query-input\":{\"@type\":\"PropertyValueSpecification\",\"valueRequired\":true,\"valueName\":\"search_term_string\"}}],\"inLanguage\":\"pt-BR\"}]}<\/script>\n<!-- \/ Yoast SEO plugin. -->","yoast_head_json":{"title":"Agentes de carga e despachantes aduaneiros em Madrid | Logisber Forwarding","description":"Saiba mais sobre os nossos servi\u00e7os de agentes de carga e despachantes aduaneiros em Madrid e exporte ou importe suas mercadorias com maior efici\u00eancia. Confie na Logisber.","robots":{"index":"index","follow":"follow","max-snippet":"max-snippet:-1","max-image-preview":"max-image-preview:large","max-video-preview":"max-video-preview:-1"},"canonical":"https:\/\/logisber.com\/pt-br\/logisber-o-seu-agente-de-carga-e-despachante-aduaneiro-em-madrid","og_locale":"pt_BR","og_type":"article","og_title":"Agentes de carga e despachantes aduaneiros em Madrid | Logisber Forwarding","og_description":"Saiba mais sobre os nossos servi\u00e7os de agentes de carga e despachantes aduaneiros em Madrid e exporte ou importe suas mercadorias com maior efici\u00eancia. Confie na Logisber.","og_url":"https:\/\/logisber.com\/pt-br\/logisber-o-seu-agente-de-carga-e-despachante-aduaneiro-em-madrid","og_site_name":"Logisber","og_image":[{"width":1920,"height":1080,"url":"https:\/\/logisber.com\/contenido\/subidas\/2021\/07\/transitario-y-agente-de-aduanas-madrid-01.jpg","type":"image\/jpeg"}],"twitter_card":"summary_large_image","twitter_site":"@logisber","twitter_misc":{"Est. tempo de leitura":"6 minutos"},"schema":{"@context":"https:\/\/schema.org","@graph":[{"@type":"WebPage","@id":"https:\/\/logisber.com\/pt-br\/logisber-o-seu-agente-de-carga-e-despachante-aduaneiro-em-madrid","url":"https:\/\/logisber.com\/pt-br\/logisber-o-seu-agente-de-carga-e-despachante-aduaneiro-em-madrid","name":"Agentes de carga e despachantes aduaneiros em Madrid | Logisber Forwarding","isPartOf":{"@id":"https:\/\/logisber.com\/pt-br\/#website"},"primaryImageOfPage":{"@id":"https:\/\/logisber.com\/pt-br\/logisber-o-seu-agente-de-carga-e-despachante-aduaneiro-em-madrid#primaryimage"},"image":{"@id":"https:\/\/logisber.com\/pt-br\/logisber-o-seu-agente-de-carga-e-despachante-aduaneiro-em-madrid#primaryimage"},"thumbnailUrl":"https:\/\/logisber.com\/contenido\/subidas\/2021\/07\/transitario-y-agente-de-aduanas-madrid-01.jpg","datePublished":"2021-10-28T07:41:43+00:00","description":"Saiba mais sobre os nossos servi\u00e7os de agentes de carga e despachantes aduaneiros em Madrid e exporte ou importe suas mercadorias com maior efici\u00eancia. Confie na Logisber.","breadcrumb":{"@id":"https:\/\/logisber.com\/pt-br\/logisber-o-seu-agente-de-carga-e-despachante-aduaneiro-em-madrid#breadcrumb"},"inLanguage":"pt-BR","potentialAction":[{"@type":"ReadAction","target":["https:\/\/logisber.com\/pt-br\/logisber-o-seu-agente-de-carga-e-despachante-aduaneiro-em-madrid"]}]},{"@type":"ImageObject","inLanguage":"pt-BR","@id":"https:\/\/logisber.com\/pt-br\/logisber-o-seu-agente-de-carga-e-despachante-aduaneiro-em-madrid#primaryimage","url":"https:\/\/logisber.com\/contenido\/subidas\/2021\/07\/transitario-y-agente-de-aduanas-madrid-01.jpg","contentUrl":"https:\/\/logisber.com\/contenido\/subidas\/2021\/07\/transitario-y-agente-de-aduanas-madrid-01.jpg","width":1920,"height":1080,"caption":"Transitario y afente de aduanas Madrid"},{"@type":"BreadcrumbList","@id":"https:\/\/logisber.com\/pt-br\/logisber-o-seu-agente-de-carga-e-despachante-aduaneiro-em-madrid#breadcrumb","itemListElement":[{"@type":"ListItem","position":1,"name":"Portada","item":"https:\/\/logisber.com\/pt-br"},{"@type":"ListItem","position":2,"name":"Logisber, o seu agente de carga e despachante aduaneiro em Madrid"}]},{"@type":"WebSite","@id":"https:\/\/logisber.com\/pt-br\/#website","url":"https:\/\/logisber.com\/pt-br\/","name":"Logisber","description":"","potentialAction":[{"@type":"SearchAction","target":{"@type":"EntryPoint","urlTemplate":"https:\/\/logisber.com\/pt-br\/?s={search_term_string}"},"query-input":{"@type":"PropertyValueSpecification","valueRequired":true,"valueName":"search_term_string"}}],"inLanguage":"pt-BR"}]}},"_links":{"self":[{"href":"https:\/\/logisber.com\/pt-br\/wp-json\/wp\/v2\/pages\/8002","targetHints":{"allow":["GET"]}}],"collection":[{"href":"https:\/\/logisber.com\/pt-br\/wp-json\/wp\/v2\/pages"}],"about":[{"href":"https:\/\/logisber.com\/pt-br\/wp-json\/wp\/v2\/types\/page"}],"author":[{"embeddable":true,"href":"https:\/\/logisber.com\/pt-br\/wp-json\/wp\/v2\/users\/7"}],"replies":[{"embeddable":true,"href":"https:\/\/logisber.com\/pt-br\/wp-json\/wp\/v2\/comments?post=8002"}],"version-history":[{"count":1,"href":"https:\/\/logisber.com\/pt-br\/wp-json\/wp\/v2\/pages\/8002\/revisions"}],"predecessor-version":[{"id":8003,"href":"https:\/\/logisber.com\/pt-br\/wp-json\/wp\/v2\/pages\/8002\/revisions\/8003"}],"wp:featuredmedia":[{"embeddable":true,"href":"https:\/\/logisber.com\/pt-br\/wp-json\/wp\/v2\/media\/6870"}],"wp:attachment":[{"href":"https:\/\/logisber.com\/pt-br\/wp-json\/wp\/v2\/media?parent=8002"}],"curies":[{"name":"wp","href":"https:\/\/api.w.org\/{rel}","templated":true}]}}