{"id":8008,"date":"2021-10-28T10:09:40","date_gmt":"2021-10-28T08:09:40","guid":{"rendered":"https:\/\/logisber.com\/?page_id=8008"},"modified":"2021-10-28T10:09:41","modified_gmt":"2021-10-28T08:09:41","slug":"logisber-o-seu-agente-de-carga-e-despachante-aduaneiro-em-valencia","status":"publish","type":"page","link":"https:\/\/logisber.com\/pt-br\/logisber-o-seu-agente-de-carga-e-despachante-aduaneiro-em-valencia","title":{"rendered":"Logisber, o seu agente de carga e despachante aduaneiro em Val\u00eancia"},"content":{"rendered":"\n<h3 class=\"wp-block-heading\">Val\u00eancia tornou-se um centro log\u00edstico importante no arco mediterr\u00e2neo. A partir desta cidade na regi\u00e3o espanhola de Levante, a Logisber oferece servi\u00e7os como <a href=\"https:\/\/logisber.com\/transitario-internacional\/\">agente de carga internacional<\/a> e despachante aduaneiro, al\u00e9m da coordena\u00e7\u00e3o de cadeias log\u00edsticas globais com opera\u00e7\u00f5es de transporte mar\u00edtimo, a\u00e9reo e terrestre.\u00a0<\/h3>\n\n\n\n<p>Na Logisber Forwarding, n\u00f3s temos cumprido um objetivo h\u00e1 quase duas d\u00e9cadas: facilitar o com\u00e9rcio internacional de empresas espanholas com o resto do mundo. Do nosso escrit\u00f3rio em Val\u00eancia, n\u00f3s oferecemos flexibilidade e confian\u00e7a \u00e0s suas cadeias de suprimentos globais, de forma a contribuir para a internacionaliza\u00e7\u00e3o dos seus bens e o seu crescimento como l\u00edder de mercado. Servi\u00e7os de refer\u00eancia de agenciamento de carga e despachante aduaneiro para o transporte e o gerenciamento de suas mercadorias com a maior confian\u00e7a.<\/p>\n\n\n\n<p>Como agente de carga internacional, a Logisber oferece aos exportadores e importadores uma grande variedade de servi\u00e7os log\u00edsticos, incluindo transporte mar\u00edtimo, terrestre e a\u00e9reo, bem como o processamento aduaneiro. \u00c9 uma s\u00e9rie de servi\u00e7os projetados para serem extremamente competitivos com a experi\u00eancia para atender suas necessidades de com\u00e9rcio exterior. N\u00f3s impulsionamos suas opera\u00e7\u00f5es de forma que se tornem \u00e1geis, eficientes e competitivas. \u00c9 hora de gerenciar e transportar suas mercadorias com sucesso. Vamos come\u00e7ar?<\/p>\n\n\n\n<figure class=\"wp-block-image size-full\"><img loading=\"lazy\" decoding=\"async\" width=\"1920\" height=\"1080\" src=\"https:\/\/logisber.com\/contenido\/subidas\/2021\/07\/transitario-y-agente-de-aduanas-valencia-01.jpg\" alt=\"Transitario y agente de aduanas Valencia\" class=\"wp-image-6860\"\/><\/figure>\n\n\n\n<h2 class=\"wp-block-heading\"><strong><strong>O seu transporte mar\u00edtimo internacional em Val\u00eancia<\/strong><\/strong><\/h2>\n\n\n\n<p>O porto de Val\u00eancia \u00e9 o mais importante em tr\u00e1fego de cont\u00eaineres de todo sistema portu\u00e1rio espanhol. Isso torna os procedimentos de grandes empresas muito dif\u00edceis, pois elas movimentam 5,5 milh\u00f5es de TEUs e mais de 81 milh\u00f5es de toneladas de diversos tipos de mercadorias anualmente. Destacam-se principalmente os produtos t\u00eaxteis, agroalimentares, energ\u00e9ticos e qu\u00edmicos, bem como os produtos s\u00f3lidos a granel como cimento e telhas. Na Logisber, n\u00f3s controlamos, processamos e ativamos todo o sistema de tr\u00e2nsito e intervimos como despachante aduaneiro para levar suas mercadorias ao destino sem preocupa\u00e7\u00f5es.\u00a0<\/p>\n\n\n\n<p>Al\u00e9m de ser um porto de transfer\u00eancia de cont\u00eaineres, Val\u00eancia \u00e9 um porto de exporta\u00e7\u00e3o e importa\u00e7\u00e3o que movimenta mais de 5 milh\u00f5es de cont\u00eaineres anualmente. 2,4 milh\u00f5es de TEUS de cont\u00eaineres cheios para a importa\u00e7\u00e3o e exporta\u00e7\u00e3o de produtos. A Logisber Forwarding possui uma vasta experi\u00eancia em opera\u00e7\u00f5es mar\u00edtimas realizadas no Porto de Val\u00eancia, conhecido tamb\u00e9m como <a href=\"https:\/\/www.valenciaport.com\/\">Valenciaport<\/a>, incluindo atividades em outros dois portos nas proximidades: <a href=\"https:\/\/www.valenciaport.com\/autoridad-portuaria\/infraestructuras\/terminales-e-instalaciones\/puerto-de-sagunto\/\">Sagunto<\/a> e <a href=\"https:\/\/www.valenciaport.com\/autoridad-portuaria\/infraestructuras\/terminales-e-instalaciones\/puerto-de-gandia\/\">Gand\u00eda<\/a>.<\/p>\n\n\n\n<p>Neste contexto de atividade mar\u00edtima em Val\u00eancia, n\u00f3s somos reconhecidos pelo Instituto de Distribui\u00e7\u00e3o de Qu\u00edmicos (<a href=\"https:\/\/www.cdi.org.uk\/index.aspx\">CDI<\/a>) como garantia de fornecimento de servi\u00e7os seguros e de qualidade para o transporte mar\u00edtimo de produtos fabricados na ind\u00fastria qu\u00edmica. N\u00f3s oferecemos especializa\u00e7\u00e3o e assist\u00eancia em cada entrega.<\/p>\n\n\n\n<h2 class=\"wp-block-heading\"><strong><strong>Beneficie-se do seu transporte a\u00e9reo internacional em Val\u00eancia<\/strong><\/strong><\/h2>\n\n\n\n<p>Em rela\u00e7\u00e3o ao transporte a\u00e9reo, o <a href=\"http:\/\/www.aena.es\/es\/aeropuerto-valencia\/index.html\">Aeroporto de Val\u00eancia<\/a> \u00e9 uma infraestrutura atrav\u00e9s da qual mais de 8 milh\u00f5es de passageiros viajam e mais de 14.500 toneladas de carga a\u00e9rea se movimentam para a exporta\u00e7\u00e3o e importa\u00e7\u00e3o anualmente. A Logisber Forwarding oferece ao mercado o <a href=\"https:\/\/logisber.com\/embarques-aereos\/\">transporte a\u00e9reo<\/a> para setores como os de <a href=\"https:\/\/logisber.com\/logistica-farmaceutica\/\">log\u00edstica farmac\u00eautica<\/a> e <a href=\"https:\/\/logisber.com\/logistica-de-perecederos\/\">log\u00edstica de alimentos perec\u00edveis<\/a>, com procedimentos internos muito rigorosos para garantir a confiabilidade e a precis\u00e3o necess\u00e1rias.<\/p>\n\n\n\n<p>Como agentes de carga e despachantes aduaneiros em Val\u00eancia, n\u00f3s somos reconhecidos pela Associa\u00e7\u00e3o Internacional de Transporte A\u00e9reo, <a href=\"https:\/\/www.iata.org\/\">IATA<\/a>. Al\u00e9m disso, n\u00f3s possu\u00edmos o <a href=\"https:\/\/ec.europa.eu\/health\/human-use\/good_manufacturing_distribution_practices_en\">certificado de GDP<\/a> (Boas Pr\u00e1ticas de Distribui\u00e7\u00e3o) para produtos farmac\u00eauticos. Acione o seu transporte a\u00e9reo internacional conosco e descubra o motivo pelo qual somos agentes de carga e despachantes aduaneiros de refer\u00eancia.<\/p>\n\n\n\n<h2 class=\"wp-block-heading\"><strong><strong>Otimize o seu transporte terrestre internacional em Val\u00eancia<\/strong><\/strong><\/h2>\n\n\n\n<p>A regi\u00e3o de Val\u00eancia possui um sistema de estradas e autoestradas que a conectam a todas principais cidades espanholas e europeias, sendo ideal para opera\u00e7\u00f5es de transporte terrestre. Al\u00e9m disso, seus servi\u00e7os ferrovi\u00e1rios que conectam Val\u00eancia \u00e0 maior parte da pen\u00ednsula ib\u00e9rica s\u00e3o muito importantes, especialmente Madrid, assim como outros destinos europeus.<\/p>\n\n\n\n<p>Os servi\u00e7os de transporte terrestre que oferecemos na Logisber baseiam-se no aproveitamento do <a href=\"https:\/\/logisber.com\/transporte-internacional-multimodal\/\">transporte multimodal<\/a>, usando caminh\u00f5es para maior rapidez ou a ferrovia, j\u00e1 que ela \u00e9 um meio de transporte mais sustent\u00e1vel, auxiliando na redu\u00e7\u00e3o da emiss\u00e3o de carbono das empresas de exporta\u00e7\u00e3o e importa\u00e7\u00e3o. Descubra tudo que podemos fazer por voc\u00ea atrav\u00e9s do transporte terrestre internacional em Val\u00eancia. Entre em contato conosco.<\/p>\n\n\n\n<figure class=\"wp-block-image size-full\"><img loading=\"lazy\" decoding=\"async\" width=\"1920\" height=\"1080\" src=\"https:\/\/logisber.com\/contenido\/subidas\/2021\/07\/transitario-y-agente-de-aduanas-valencia-02.jpg\" alt=\"Transitario y agente de aduanas Valencia\" class=\"wp-image-6864\"\/><\/figure>\n\n\n\n<h2 class=\"wp-block-heading\"><strong><strong>Saiba mais sobre a nossa enorme variedade de servi\u00e7os log\u00edsticos em Val\u00eancia<\/strong><\/strong><\/h2>\n\n\n\n<p>Como agentes de carga e despachantes aduaneiros em Val\u00eancia, a Logisber oferece servi\u00e7os como a prepara\u00e7\u00e3o de pedidos e envios, armazenamento de mercadorias, manuseio, embalagem e acondicionamento, controle de invent\u00e1rio e distribui\u00e7\u00e3o de mercadoria. Com a Logisber Forwarding, n\u00f3s tamb\u00e9m somos <a href=\"https:\/\/logisber.com\/operador-logistico\/\">operadores log\u00edsticos<\/a>, pois planejamos, organizamos, gerenciamos e coordenamos cadeias de suprimentos globais da origem ao destino, lado a lado com os nossos clientes.<\/p>\n\n\n\n<h2 class=\"wp-block-heading\"><strong><strong>Peritos aduaneiros em Val\u00eancia<\/strong><\/strong><\/h2>\n\n\n\n<p>O porto de Val\u00eancia exporta e importa um grande volume de mercadorias.<br>\u00c9 um recinto aduaneiro importante que administra um n\u00famero grande de transa\u00e7\u00f5es aduaneiras atrav\u00e9s do <a href=\"https:\/\/www.agenciatributaria.es\/AEAT.internet\/Inicio\/La_Agencia_Tributaria\/Aduanas_e_Impuestos_Especiales\/_Presentacion\/Procedimientos_y_gestiones_en_la_Aduana\/Procedimientos_y_gestiones_en_la_Aduana.shtml\">Departamento de Impostos Especiais de Consumo e Aduaneiro<\/a> da Ag\u00eancia Fiscal Espanhola. Como a Logisber \u00e9 agente de carga e despachante aduaneiro em Val\u00eancia, n\u00f3s tamb\u00e9m temos uma imensa experi\u00eancia em gerenciamento de todos os tipos de documentos aduaneiros associados a qualquer processo de importa\u00e7\u00e3o ou exporta\u00e7\u00e3o.<\/p>\n\n\n\n<p>Nossa certifica\u00e7\u00e3o de <a href=\"https:\/\/logisber.com\/operador-economico-autorizado\/\">Operadora Econ\u00f4mica Autorizada<\/a> (OEA) concedida pela <a href=\"https:\/\/www.agenciatributaria.es\/AEAT.internet\/Inicio\/La_Agencia_Tributaria\/Aduanas_e_Impuestos_Especiales\/_Presentacion\/Procedimientos_y_gestiones_en_la_Aduana\/_EMPRESAS_Y_PROFESIONALES\/Operadores_economicos_en_la_Aduana\/_OPERADORES\/Operador_Economico_Autorizado__OEA_\/Operador_Economico_Autorizado__OEA_.shtml\">Ag\u00eancia Fiscal Espanhola<\/a> confirma que somos uma operadora confi\u00e1vel e segura para realizar opera\u00e7\u00f5es aduaneiras. Ser uma OEA significa que cumprimos todas as normas e os regulamentos que regem o com\u00e9rcio internacional. Al\u00e9m disso, a certifica\u00e7\u00e3o de OEA nos permite oferecer aos nossos clientes algumas vantagens aduaneiras, tais como, menor controle f\u00edsico e de documenta\u00e7\u00e3o aduaneira da UE, prioridade na finaliza\u00e7\u00e3o de controles e inspe\u00e7\u00f5es aduaneiras, a possibilidade de solicitar a realiza\u00e7\u00e3o de inspe\u00e7\u00f5es em um local espec\u00edfico e comunica\u00e7\u00f5es mais simplificadas e flex\u00edveis com as autoridades aduaneiras.&nbsp;<\/p>\n\n\n\n<p>Nosso amplo conhecimento da forma de opera\u00e7\u00e3o da <a href=\"https:\/\/www.agenciatributaria.gob.es\/AEAT.sede\/Inicio\/_otros_\/_Direcciones_y_telefonos_\/Aduanas_e_Impuestos_Especiales\/Comunitat_Valenciana\/Valencia\/Valencia.shtml\">Alf\u00e2ndega de Val\u00eancia<\/a> torna poss\u00edvel para n\u00f3s o processamento de todos os tipos de <a href=\"https:\/\/logisber.com\/documentos-para-exportar-e-importar\/\">documentos<\/a> necess\u00e1rios para a importa\u00e7\u00e3o e exporta\u00e7\u00e3o, sendo o mais importante deles o <a href=\"https:\/\/logisber.com\/despacho-de-aduanas\/\">despacho aduaneiro<\/a>. E n\u00f3s fazemos com a maior efici\u00eancia e velocidade poss\u00edvel.<br>Assim, a Logisber \u00e9 capaz de orientar as empresas durante todos os procedimentos aduaneiros complexos, oferecendo outros servi\u00e7os de consultoria aduaneira, desde a escolha dos <a href=\"https:\/\/logisber.com\/incoterms-como-elegir\/\">Incoterms<\/a> mais apropriados para importa\u00e7\u00f5es e exporta\u00e7\u00f5es com base no tipo de transporte se \u00e9 mar\u00edtimo, terrestre ou a\u00e9reo, at\u00e9 a classifica\u00e7\u00e3o aduaneira adequada, o pagamento de taxas e impostos, bem como a representa\u00e7\u00e3o fiscal.<\/p>\n\n\n\n<p>A equipe de profissionais da Logisber \u00e9 altamente qualificada no fornecimento de solu\u00e7\u00f5es log\u00edsticas como agentes de carga e despachantes aduaneiros em Val\u00eancia. N\u00f3s disponibilizamos todo nosso conhecimento e nossa experi\u00eancia \u00e0s empresas que geram riquezas para o pa\u00eds atrav\u00e9s das suas transa\u00e7\u00f5es comerciais internacionais. Entre em contato conosco e saiba mais como n\u00f3s podemos ajud\u00e1-lo.<\/p>\n","protected":false},"excerpt":{"rendered":"Val\u00eancia tornou-se um centro log\u00edstico importante no arco mediterr\u00e2neo. A partir desta cidade na regi\u00e3o espanhola de Levante, a Logisber oferece servi\u00e7os como agente de carga internacional e despachante aduaneiro, al\u00e9m da coordena\u00e7\u00e3o de cadeias log\u00edsticas globais com opera\u00e7\u00f5es de transporte mar\u00edtimo, a\u00e9reo e terrestre.\u00a0 Na Logisber Forwarding, n\u00f3s temos cumprido um objetivo h\u00e1 quase&#8230; <a class=\"view-article\" href=\"https:\/\/logisber.com\/pt-br\/logisber-o-seu-agente-de-carga-e-despachante-aduaneiro-em-valencia\">Ver artigo<\/a>","protected":false},"author":7,"featured_media":6864,"parent":0,"menu_order":0,"comment_status":"closed","ping_status":"closed","template":"templates\/template-transitarios.php","meta":{"_acf_changed":false,"om_disable_all_campaigns":false,"_monsterinsights_skip_tracking":false,"_monsterinsights_sitenote_active":false,"_monsterinsights_sitenote_note":"","_monsterinsights_sitenote_category":0,"footnotes":""},"class_list":["post-8008","page","type-page","status-publish","has-post-thumbnail","hentry"],"acf":[],"yoast_head":"<!-- This site is optimized with the Yoast SEO plugin v26.1.1 - https:\/\/yoast.com\/wordpress\/plugins\/seo\/ -->\n<title>Agentes de carga e despachantes aduaneiros em Val\u00eancia | Logisber Forwarding<\/title>\n<meta name=\"description\" content=\"Saiba mais sobre os nossos servi\u00e7os de agenciamento de carga e despachante aduaneiro em Val\u00eancia. N\u00f3s somos os parceiros de confian\u00e7a para todas as suas exporta\u00e7\u00f5es e importa\u00e7\u00f5es.\" \/>\n<meta name=\"robots\" content=\"index, follow, max-snippet:-1, max-image-preview:large, max-video-preview:-1\" \/>\n<link rel=\"canonical\" href=\"https:\/\/logisber.com\/pt-br\/logisber-o-seu-agente-de-carga-e-despachante-aduaneiro-em-valencia\" \/>\n<meta property=\"og:locale\" content=\"pt_BR\" \/>\n<meta property=\"og:type\" content=\"article\" \/>\n<meta property=\"og:title\" content=\"Agentes de carga e despachantes aduaneiros em Val\u00eancia | Logisber Forwarding\" \/>\n<meta property=\"og:description\" content=\"Saiba mais sobre os nossos servi\u00e7os de agenciamento de carga e despachante aduaneiro em Val\u00eancia. N\u00f3s somos os parceiros de confian\u00e7a para todas as suas exporta\u00e7\u00f5es e importa\u00e7\u00f5es.\" \/>\n<meta property=\"og:url\" content=\"https:\/\/logisber.com\/pt-br\/logisber-o-seu-agente-de-carga-e-despachante-aduaneiro-em-valencia\" \/>\n<meta property=\"og:site_name\" content=\"Logisber\" \/>\n<meta property=\"article:modified_time\" content=\"2021-10-28T08:09:41+00:00\" \/>\n<meta property=\"og:image\" content=\"https:\/\/logisber.com\/contenido\/subidas\/2021\/07\/transitario-y-agente-de-aduanas-valencia-02.jpg\" \/>\n\t<meta property=\"og:image:width\" content=\"1920\" \/>\n\t<meta property=\"og:image:height\" content=\"1080\" \/>\n\t<meta property=\"og:image:type\" content=\"image\/jpeg\" \/>\n<meta name=\"twitter:card\" content=\"summary_large_image\" \/>\n<meta name=\"twitter:site\" content=\"@logisber\" \/>\n<meta name=\"twitter:label1\" content=\"Est. tempo de leitura\" \/>\n\t<meta name=\"twitter:data1\" content=\"6 minutos\" \/>\n<script type=\"application\/ld+json\" class=\"yoast-schema-graph\">{\"@context\":\"https:\/\/schema.org\",\"@graph\":[{\"@type\":\"WebPage\",\"@id\":\"https:\/\/logisber.com\/pt-br\/logisber-o-seu-agente-de-carga-e-despachante-aduaneiro-em-valencia\",\"url\":\"https:\/\/logisber.com\/pt-br\/logisber-o-seu-agente-de-carga-e-despachante-aduaneiro-em-valencia\",\"name\":\"Agentes de carga e despachantes aduaneiros em Val\u00eancia | Logisber Forwarding\",\"isPartOf\":{\"@id\":\"https:\/\/logisber.com\/pt-br\/#website\"},\"primaryImageOfPage\":{\"@id\":\"https:\/\/logisber.com\/pt-br\/logisber-o-seu-agente-de-carga-e-despachante-aduaneiro-em-valencia#primaryimage\"},\"image\":{\"@id\":\"https:\/\/logisber.com\/pt-br\/logisber-o-seu-agente-de-carga-e-despachante-aduaneiro-em-valencia#primaryimage\"},\"thumbnailUrl\":\"https:\/\/logisber.com\/contenido\/subidas\/2021\/07\/transitario-y-agente-de-aduanas-valencia-02.jpg\",\"datePublished\":\"2021-10-28T08:09:40+00:00\",\"dateModified\":\"2021-10-28T08:09:41+00:00\",\"description\":\"Saiba mais sobre os nossos servi\u00e7os de agenciamento de carga e despachante aduaneiro em Val\u00eancia. N\u00f3s somos os parceiros de confian\u00e7a para todas as suas exporta\u00e7\u00f5es e importa\u00e7\u00f5es.\",\"breadcrumb\":{\"@id\":\"https:\/\/logisber.com\/pt-br\/logisber-o-seu-agente-de-carga-e-despachante-aduaneiro-em-valencia#breadcrumb\"},\"inLanguage\":\"pt-BR\",\"potentialAction\":[{\"@type\":\"ReadAction\",\"target\":[\"https:\/\/logisber.com\/pt-br\/logisber-o-seu-agente-de-carga-e-despachante-aduaneiro-em-valencia\"]}]},{\"@type\":\"ImageObject\",\"inLanguage\":\"pt-BR\",\"@id\":\"https:\/\/logisber.com\/pt-br\/logisber-o-seu-agente-de-carga-e-despachante-aduaneiro-em-valencia#primaryimage\",\"url\":\"https:\/\/logisber.com\/contenido\/subidas\/2021\/07\/transitario-y-agente-de-aduanas-valencia-02.jpg\",\"contentUrl\":\"https:\/\/logisber.com\/contenido\/subidas\/2021\/07\/transitario-y-agente-de-aduanas-valencia-02.jpg\",\"width\":1920,\"height\":1080,\"caption\":\"Transitario y agente de aduanas Valencia\"},{\"@type\":\"BreadcrumbList\",\"@id\":\"https:\/\/logisber.com\/pt-br\/logisber-o-seu-agente-de-carga-e-despachante-aduaneiro-em-valencia#breadcrumb\",\"itemListElement\":[{\"@type\":\"ListItem\",\"position\":1,\"name\":\"Portada\",\"item\":\"https:\/\/logisber.com\/pt-br\"},{\"@type\":\"ListItem\",\"position\":2,\"name\":\"Logisber, o seu agente de carga e despachante aduaneiro em Val\u00eancia\"}]},{\"@type\":\"WebSite\",\"@id\":\"https:\/\/logisber.com\/pt-br\/#website\",\"url\":\"https:\/\/logisber.com\/pt-br\/\",\"name\":\"Logisber\",\"description\":\"\",\"potentialAction\":[{\"@type\":\"SearchAction\",\"target\":{\"@type\":\"EntryPoint\",\"urlTemplate\":\"https:\/\/logisber.com\/pt-br\/?s={search_term_string}\"},\"query-input\":{\"@type\":\"PropertyValueSpecification\",\"valueRequired\":true,\"valueName\":\"search_term_string\"}}],\"inLanguage\":\"pt-BR\"}]}<\/script>\n<!-- \/ Yoast SEO plugin. -->","yoast_head_json":{"title":"Agentes de carga e despachantes aduaneiros em Val\u00eancia | Logisber Forwarding","description":"Saiba mais sobre os nossos servi\u00e7os de agenciamento de carga e despachante aduaneiro em Val\u00eancia. N\u00f3s somos os parceiros de confian\u00e7a para todas as suas exporta\u00e7\u00f5es e importa\u00e7\u00f5es.","robots":{"index":"index","follow":"follow","max-snippet":"max-snippet:-1","max-image-preview":"max-image-preview:large","max-video-preview":"max-video-preview:-1"},"canonical":"https:\/\/logisber.com\/pt-br\/logisber-o-seu-agente-de-carga-e-despachante-aduaneiro-em-valencia","og_locale":"pt_BR","og_type":"article","og_title":"Agentes de carga e despachantes aduaneiros em Val\u00eancia | Logisber Forwarding","og_description":"Saiba mais sobre os nossos servi\u00e7os de agenciamento de carga e despachante aduaneiro em Val\u00eancia. N\u00f3s somos os parceiros de confian\u00e7a para todas as suas exporta\u00e7\u00f5es e importa\u00e7\u00f5es.","og_url":"https:\/\/logisber.com\/pt-br\/logisber-o-seu-agente-de-carga-e-despachante-aduaneiro-em-valencia","og_site_name":"Logisber","article_modified_time":"2021-10-28T08:09:41+00:00","og_image":[{"width":1920,"height":1080,"url":"https:\/\/logisber.com\/contenido\/subidas\/2021\/07\/transitario-y-agente-de-aduanas-valencia-02.jpg","type":"image\/jpeg"}],"twitter_card":"summary_large_image","twitter_site":"@logisber","twitter_misc":{"Est. tempo de leitura":"6 minutos"},"schema":{"@context":"https:\/\/schema.org","@graph":[{"@type":"WebPage","@id":"https:\/\/logisber.com\/pt-br\/logisber-o-seu-agente-de-carga-e-despachante-aduaneiro-em-valencia","url":"https:\/\/logisber.com\/pt-br\/logisber-o-seu-agente-de-carga-e-despachante-aduaneiro-em-valencia","name":"Agentes de carga e despachantes aduaneiros em Val\u00eancia | Logisber Forwarding","isPartOf":{"@id":"https:\/\/logisber.com\/pt-br\/#website"},"primaryImageOfPage":{"@id":"https:\/\/logisber.com\/pt-br\/logisber-o-seu-agente-de-carga-e-despachante-aduaneiro-em-valencia#primaryimage"},"image":{"@id":"https:\/\/logisber.com\/pt-br\/logisber-o-seu-agente-de-carga-e-despachante-aduaneiro-em-valencia#primaryimage"},"thumbnailUrl":"https:\/\/logisber.com\/contenido\/subidas\/2021\/07\/transitario-y-agente-de-aduanas-valencia-02.jpg","datePublished":"2021-10-28T08:09:40+00:00","dateModified":"2021-10-28T08:09:41+00:00","description":"Saiba mais sobre os nossos servi\u00e7os de agenciamento de carga e despachante aduaneiro em Val\u00eancia. N\u00f3s somos os parceiros de confian\u00e7a para todas as suas exporta\u00e7\u00f5es e importa\u00e7\u00f5es.","breadcrumb":{"@id":"https:\/\/logisber.com\/pt-br\/logisber-o-seu-agente-de-carga-e-despachante-aduaneiro-em-valencia#breadcrumb"},"inLanguage":"pt-BR","potentialAction":[{"@type":"ReadAction","target":["https:\/\/logisber.com\/pt-br\/logisber-o-seu-agente-de-carga-e-despachante-aduaneiro-em-valencia"]}]},{"@type":"ImageObject","inLanguage":"pt-BR","@id":"https:\/\/logisber.com\/pt-br\/logisber-o-seu-agente-de-carga-e-despachante-aduaneiro-em-valencia#primaryimage","url":"https:\/\/logisber.com\/contenido\/subidas\/2021\/07\/transitario-y-agente-de-aduanas-valencia-02.jpg","contentUrl":"https:\/\/logisber.com\/contenido\/subidas\/2021\/07\/transitario-y-agente-de-aduanas-valencia-02.jpg","width":1920,"height":1080,"caption":"Transitario y agente de aduanas Valencia"},{"@type":"BreadcrumbList","@id":"https:\/\/logisber.com\/pt-br\/logisber-o-seu-agente-de-carga-e-despachante-aduaneiro-em-valencia#breadcrumb","itemListElement":[{"@type":"ListItem","position":1,"name":"Portada","item":"https:\/\/logisber.com\/pt-br"},{"@type":"ListItem","position":2,"name":"Logisber, o seu agente de carga e despachante aduaneiro em Val\u00eancia"}]},{"@type":"WebSite","@id":"https:\/\/logisber.com\/pt-br\/#website","url":"https:\/\/logisber.com\/pt-br\/","name":"Logisber","description":"","potentialAction":[{"@type":"SearchAction","target":{"@type":"EntryPoint","urlTemplate":"https:\/\/logisber.com\/pt-br\/?s={search_term_string}"},"query-input":{"@type":"PropertyValueSpecification","valueRequired":true,"valueName":"search_term_string"}}],"inLanguage":"pt-BR"}]}},"_links":{"self":[{"href":"https:\/\/logisber.com\/pt-br\/wp-json\/wp\/v2\/pages\/8008","targetHints":{"allow":["GET"]}}],"collection":[{"href":"https:\/\/logisber.com\/pt-br\/wp-json\/wp\/v2\/pages"}],"about":[{"href":"https:\/\/logisber.com\/pt-br\/wp-json\/wp\/v2\/types\/page"}],"author":[{"embeddable":true,"href":"https:\/\/logisber.com\/pt-br\/wp-json\/wp\/v2\/users\/7"}],"replies":[{"embeddable":true,"href":"https:\/\/logisber.com\/pt-br\/wp-json\/wp\/v2\/comments?post=8008"}],"version-history":[{"count":1,"href":"https:\/\/logisber.com\/pt-br\/wp-json\/wp\/v2\/pages\/8008\/revisions"}],"predecessor-version":[{"id":8009,"href":"https:\/\/logisber.com\/pt-br\/wp-json\/wp\/v2\/pages\/8008\/revisions\/8009"}],"wp:featuredmedia":[{"embeddable":true,"href":"https:\/\/logisber.com\/pt-br\/wp-json\/wp\/v2\/media\/6864"}],"wp:attachment":[{"href":"https:\/\/logisber.com\/pt-br\/wp-json\/wp\/v2\/media?parent=8008"}],"curies":[{"name":"wp","href":"https:\/\/api.w.org\/{rel}","templated":true}]}}