{"id":8017,"date":"2021-10-28T10:37:30","date_gmt":"2021-10-28T08:37:30","guid":{"rendered":"https:\/\/logisber.com\/?page_id=8017"},"modified":"2023-03-21T20:29:17","modified_gmt":"2023-03-21T19:29:17","slug":"logisber-o-seu-agente-de-carga-e-despachante-aduaneiro-em-bilbau","status":"publish","type":"page","link":"https:\/\/logisber.com\/pt-br\/logisber-o-seu-agente-de-carga-e-despachante-aduaneiro-em-bilbau","title":{"rendered":"Logisber, o seu agente de carga e despachante aduaneiro em Bilbau"},"content":{"rendered":"\n<h3 class=\"wp-block-heading\">Com seu grande porto, Bilbau \u00e9 uma \u00e1rea log\u00edstica na Pen\u00ednsula do Atl\u00e2ntico Norte que recebe um volume significativo de tr\u00e1fego, sendo um ponto de conex\u00e3o entre a Pen\u00ednsula Ib\u00e9rica e os pa\u00edses do norte da Europa. A partir de Bilbau, n\u00f3s intervimos como agentes de carga e despachantes aduaneiros, ajudando a tornar as cadeias log\u00edsticas dos nossos clientes mais flex\u00edveis e seguras promovendo, assim, a sua internacionaliza\u00e7\u00e3o.<\/h3>\n\n\n\n<p>A Logisber, um agente de carga internacional, oferece \u00e0s empresas de com\u00e9rcio exterior uma grande variedade de servi\u00e7os log\u00edsticos, incluindo transporte mar\u00edtimo, terrestre e a\u00e9reo, bem como outros servi\u00e7os aduaneiros. Os servi\u00e7os da Logisber s\u00e3o concebidos de forma a se adaptar aos requisitos das empresas de exporta\u00e7\u00e3o e importa\u00e7\u00e3o espanholas, pois n\u00f3s sabemos que elas exigem opera\u00e7\u00f5es competitivas, eficientes, \u00e1geis e r\u00e1pidas.<\/p>\n\n\n\n<p>H\u00e1 quase duas d\u00e9cadas, nosso objetivo tem sido e continua sendo facilitar o com\u00e9rcio internacional entre a Espanha e v\u00e1rios pa\u00edses no mundo inteiro. A partir desta capital, a Logisber oferece servi\u00e7os de <a href=\"https:\/\/logisber.com\/transitario-internacional\/\">agente de carga internacional<\/a> e despachante aduaneiro, coordenando opera\u00e7\u00f5es de transporte mar\u00edtimo, a\u00e9reo e terrestre. Aumente os lucros do seu neg\u00f3cio com um transporte mais flex\u00edvel e personalizado e com as melhores rotas adaptadas aos seus objetivos comerciais. <a href=\"https:\/\/logisber.com\/contacto\">Conte-nos sobre seu projeto aqui.<\/a><\/p>\n\n\n\n<figure class=\"wp-block-image size-full\"><img loading=\"lazy\" decoding=\"async\" width=\"1920\" height=\"1080\" src=\"https:\/\/logisber.com\/contenido\/subidas\/2021\/07\/transitario-y-agente-de-aduanas-bilbao-02.jpg\" alt=\"Transitario y agente de aduanas Bilbao\" class=\"wp-image-6884\"\/><\/figure>\n\n\n\n<h2 class=\"wp-block-heading\"><strong><strong>Otimize o seu transporte mar\u00edtimo internacional com origem ou destino a Bilbau<\/strong><\/strong><\/h2>\n\n\n\n<p>A Logisber possui um escrit\u00f3rio localizado em Bilbau e, portanto, estamos estreitamente ligados ao seu <a href=\"https:\/\/www.bilbaoport.eus\/\">Porto<\/a>, que \u00e9 um enclave fundamental no Atl\u00e2ntico Europeu, pois est\u00e1 conectado aos principais portos, especialmente \u00e0queles na Am\u00e9rica e no norte da Europa. A sua oferta de servi\u00e7os o conecta a 800 portos ao redor do mundo, registrando mais de 35 milh\u00f5es de toneladas de tr\u00e1fego todo ano, com 21 milh\u00f5es de gran\u00e9is l\u00edquidos, assim como 600.000 de TEUs.<\/p>\n\n\n\n<p>Como Bilbau \u00e9 um porto atrav\u00e9s do qual as mercadorias em sua \u00e1rea de influ\u00eancia saem e entram, a Logisber possui v\u00e1rias certifica\u00e7\u00f5es que a credenciam a prestar servi\u00e7os mar\u00edtimos, como a certifica\u00e7\u00e3o do Instituto de Distribui\u00e7\u00e3o de Qu\u00edmicos (<a href=\"https:\/\/www.cdi.org.uk\/index.aspx\">CDI<\/a>), comprovando que os nossos servi\u00e7os de transporte mar\u00edtimo de qu\u00edmicos s\u00e3o seguros e de qualidade.<\/p>\n\n\n\n<p>Na Logisber, apostamos na personaliza\u00e7\u00e3o e nos adaptamos \u00e0s particularidades de cada mercadoria e \u00e0s necessidades de cada cliente. E \u00e9 precisamente, a partir de Bilbau, que promovemos a nossa divis\u00e3o de Fretamentos ou Carga Convencional.<\/p>\n\n\n\n<p>Atrav\u00e9s da mesma, oferecemos solu\u00e7\u00f5es alternativas aos clientes, em fun\u00e7\u00e3o do tr\u00e1fego e do tipo de produto. Os envios em Break Bulk, para v\u00e1rios carregadores, est\u00e3o se tornando mais comuns e, a partir da Logisber Bilbau, tentamos promover esse tipo de tr\u00e1fico, direcionado a mercadorias ligadas ao ramo de siderurgia, maquinaria, ao setor de automa\u00e7\u00e3o, entre outros.<\/p>\n\n\n\n<h2 class=\"wp-block-heading\"><strong><strong>Quais servi\u00e7os de transporte a\u00e9reo internacional n\u00f3s oferecemos em Bilbau?<\/strong><\/strong><\/h2>\n\n\n\n<p>Nacionalmente, a Logisber dedica-se \u00e0 atividade importante de <a href=\"https:\/\/logisber.com\/embarques-aereos\/\">transporte a\u00e9reo<\/a> associada \u00e0 <a href=\"https:\/\/logisber.com\/logistica-farmaceutica\/\">log\u00edstica farmac\u00eautica<\/a> e <a href=\"https:\/\/logisber.com\/logistica-de-perecederos\/\">log\u00edstica de produtos perec\u00edveis<\/a>, por exemplo, como as ind\u00fastrias que exigem servi\u00e7os confi\u00e1veis.<\/p>\n\n\n\n<p>Para carga a\u00e9rea, a principal infraestrutura \u00e9 o <a href=\"http:\/\/www.aena.es\/es\/aeropuerto-bilbao\/index.html\">Aeroporto de Bilbau<\/a>, que movimenta 100.000 quilogramas de mercadorias por ano. A partir desta infraestrutura, a Logisber pode organizar envios que exigem a velocidade dos avi\u00f5es e do transporte a\u00e9reo.<\/p>\n\n\n\n<p>Como agentes de carga e despachantes aduaneiros, n\u00f3s somos reconhecidos pela Associa\u00e7\u00e3o Internacional de Transporte A\u00e9reo (<a href=\"https:\/\/www.iata.org\/\">IATA<\/a>) e contamos com o diferencial de possuir o <a href=\"https:\/\/ec.europa.eu\/health\/human-use\/good_manufacturing_distribution_practices_en\">certificado de GDP<\/a> (Boas Pr\u00e1ticas de Distribui\u00e7\u00e3o) para produtos farmac\u00eauticos.<\/p>\n\n\n\n<h2 class=\"wp-block-heading\"><strong><strong>Saiba mais sobre nossa ampla variedade de opera\u00e7\u00f5es de transporte terrestre e multimodal dispon\u00edveis em Bilbau<\/strong><\/strong><\/h2>\n\n\n\n<p>Bilbau e seus arredores oferecem conex\u00f5es atrav\u00e9s dos servi\u00e7os ferrovi\u00e1rios intermodais para as \u00e1reas log\u00edsticas de Vit\u00f3ria, Burgos, Madrid, Guadalajara, Sevilha, Sarago\u00e7a, Navarra, Barcelona, Castell\u00f3n, Val\u00eancia e M\u00farcia.<\/p>\n\n\n\n<p>Em rela\u00e7\u00e3o ao transporte terrestre, seja por rodovia ou ferrovia, a \u00e1rea de Bilbau est\u00e1 conectada com a maior parte da Pen\u00ednsula Ib\u00e9rica. Suas infraestruturas rodovi\u00e1rias, especialmente as autoestradas, conectam a capital basca \u00e0s principais cidades europeias e espanholas. Ela tamb\u00e9m possui um posto de fronteira terrestre com a Fran\u00e7a em Ir\u00fan. Em rela\u00e7\u00e3o as \u00e1reas com atividades log\u00edsticas, Bilbau possui uma rede de portos secos e plataformas multimodais nas cidades de Azuqueca, Coslada, Villafr\u00eda, J\u00fandiz, Plaza, Nonduermas, Tudela, Pancorbo e Arasur.<\/p>\n\n\n\n<p>Por este motivo, os servi\u00e7os de transporte terrestre oferecidos pela Logisber baseiam-se no aproveitamento do <a href=\"https:\/\/logisber.com\/transporte-internacional-multimodal\/\">transporte multimodal <\/a>, usando caminh\u00f5es para maior rapidez ou a ferrovia, j\u00e1 que ela \u00e9 um meio de transporte mais sustent\u00e1vel, auxiliando na redu\u00e7\u00e3o da emiss\u00e3o de carbono das empresas de exporta\u00e7\u00e3o e importa\u00e7\u00e3o.<\/p>\n\n\n\n<h2 class=\"wp-block-heading\"><strong><strong>Quais s\u00e3o os nossos servi\u00e7os log\u00edsticos em Bilbau? Descubra qual \u00e9 o mais adequado para as suas mercadorias<\/strong><\/strong><\/h2>\n\n\n\n<p>A Logisber Forwarding, \u00e9 uma <a href=\"https:\/\/logisber.com\/operador-logistico\/\">operadora log\u00edstica<\/a>, pois n\u00f3s planejamos, organizamos, gerenciamos e coordenamos cadeias de suprimentos globais da origem ao destino, lado a lado com os nossos clientes.<\/p>\n\n\n\n<p>Como agentes de carga e despachantes aduaneiros em Bilbau, n\u00f3s tamb\u00e9m oferecemos \u00e0s empresas uma grande variedade de servi\u00e7os log\u00edsticos, incluindo a prepara\u00e7\u00e3o de pedidos e envios, armazenamento de mercadorias, manuseio, embalagem e acondicionamento, controle de invent\u00e1rio e distribui\u00e7\u00e3o de mercadoria.<\/p>\n\n\n\n<figure class=\"wp-block-image size-full\"><img loading=\"lazy\" decoding=\"async\" width=\"1920\" height=\"1080\" src=\"https:\/\/logisber.com\/contenido\/subidas\/2021\/07\/transitario-y-agente-de-aduanas-bilbao-01.jpg\" alt=\"Transitario y agente de aduanas Bilbao\" class=\"wp-image-6880\"\/><\/figure>\n\n\n\n<h2 class=\"wp-block-heading\"><strong><strong>Nossa experi\u00eancia com procedimentos aduaneiros em Bilbau: economia de tempo e custos<\/strong><\/strong><\/h2>\n\n\n\n<p>Bilbau \u00e9 um local aduaneiro importante devido ao volume de mercadorias movimentadas em seu porto. Al\u00e9m de ser um agente de carga, a Logisber tamb\u00e9m \u00e9 um despachante aduaneiro em Bilbau, que pode lidar com qualquer tipo de procedimento aduaneiro associado com qualquer processo de importa\u00e7\u00e3o ou exporta\u00e7\u00e3o, de forma que os clientes recebam um servi\u00e7o mais abrangente. A equipe de profissionais da Logisber \u00e9 altamente qualificada no oferecimento de solu\u00e7\u00f5es log\u00edsticas como agentes de carga e despachantes aduaneiros em Bilbau.<\/p>\n\n\n\n<p>Nosso principal objetivo \u00e9 guiar as empresas atrav\u00e9s de todos os procedimentos aduaneiros complexos. Por este motivo, n\u00f3s lidamos com toda a <a href=\"https:\/\/logisber.com\/documentos-para-exportar-e-importar\/\">documenta\u00e7\u00e3o necess\u00e1ria<\/a> para qualquer transa\u00e7\u00e3o de importa\u00e7\u00e3o ou exporta\u00e7\u00e3o, sendo a mais importante deles o <a href=\"https:\/\/logisber.com\/despacho-de-aduanas\/\">despacho aduaneiro<\/a>.<\/p>\n\n\n\n<p>Para isso, um aspecto importante para as empresas que atendemos \u00e9 que a Logisber \u00e9 certificada como <a href=\"https:\/\/logisber.com\/operador-economico-autorizado\/\">Operadora Econ\u00f4mica Autorizada<\/a> (OEA), conforme o credenciamento da <a href=\"https:\/\/www.agenciatributaria.es\/AEAT.internet\/Inicio\/La_Agencia_Tributaria\/Aduanas_e_Impuestos_Especiales\/_Presentacion\/Procedimientos_y_gestiones_en_la_Aduana\/_EMPRESAS_Y_PROFESIONALES\/Operadores_economicos_en_la_Aduana\/_OPERADORES\/Operador_Economico_Autorizado__OEA_\/Operador_Economico_Autorizado__OEA_.shtml\">Ag\u00eancia Fiscal Espanhola<\/a>, confirmando que somos uma operadora confi\u00e1vel e segura para realizar opera\u00e7\u00f5es aduaneiras e que cumprimos com todas as normas e regulamentos que regem o com\u00e9rcio internacional.<\/p>\n\n\n\n<p>Al\u00e9m disso, ser uma OEA significa que podemos oferecer aos nossos clientes algumas vantagens aduaneiras, tais como, menor controle f\u00edsico e de documenta\u00e7\u00e3o aduaneira da UE, prioridade na finaliza\u00e7\u00e3o de controles e inspe\u00e7\u00f5es aduaneiras, a possibilidade de solicitar a realiza\u00e7\u00e3o de inspe\u00e7\u00f5es em um local espec\u00edfico e comunica\u00e7\u00f5es mais simplificadas e flex\u00edveis com as autoridades aduaneiras.<\/p>\n\n\n\n<p>Nossa experi\u00eancia mostra que conhecemos bem a forma de trabalho do <a href=\"https:\/\/www.agenciatributaria.es\/AEAT.internet\/Inicio\/La_Agencia_Tributaria\/Aduanas_e_Impuestos_Especiales\/_Presentacion\/Procedimientos_y_gestiones_en_la_Aduana\/Procedimientos_y_gestiones_en_la_Aduana.shtml\">Departamento de Impostos Especiais de Consumo e Aduaneiro<\/a> da Ag\u00eancia Fiscal Espanhola e, mais especificamente, do <a href=\"https:\/\/www.agenciatributaria.gob.es\/AEAT.sede\/Inicio\/_otros_\/_Direcciones_y_telefonos_\/Aduanas_e_Impuestos_Especiales\/Pais_Vasco\/Bizkaia\/Bizkaia.shtml\">Departamento de Impostos Especiais de Consumo e Aduaneiro de Biscaia<\/a>, que possui postos aduaneiros terrestre, mar\u00edtimo e a\u00e9reo com escrit\u00f3rios sobretudo em Bilbau.Por fim, a Logisber oferece a todos os seus clientes outros servi\u00e7os de consultoria aduaneira, que v\u00e3o desde a escolha dos <a href=\"https:\/\/logisber.com\/incoterms-como-elegir\/\">Incoterms<\/a> mais apropriados para importa\u00e7\u00f5es e exporta\u00e7\u00f5es com base no tipo de transporte se \u00e9 mar\u00edtimo, terrestre ou a\u00e9reo, at\u00e9 a classifica\u00e7\u00e3o aduaneira adequada, o pagamento de taxas e impostos, bem como a representa\u00e7\u00e3o fiscal. Voc\u00ea gostaria de saber como n\u00f3s podemos ajud\u00e1-lo? <a href=\"https:\/\/logisber.com\/contacto\">Entre em contato conosco aqui.<\/a><\/p>\n","protected":false},"excerpt":{"rendered":"Com seu grande porto, Bilbau \u00e9 uma \u00e1rea log\u00edstica na Pen\u00ednsula do Atl\u00e2ntico Norte que recebe um volume significativo de tr\u00e1fego, sendo um ponto de conex\u00e3o entre a Pen\u00ednsula Ib\u00e9rica e os pa\u00edses do norte da Europa. A partir de Bilbau, n\u00f3s intervimos como agentes de carga e despachantes aduaneiros, ajudando a tornar as cadeias&#8230; <a class=\"view-article\" href=\"https:\/\/logisber.com\/pt-br\/logisber-o-seu-agente-de-carga-e-despachante-aduaneiro-em-bilbau\">Ver artigo<\/a>","protected":false},"author":7,"featured_media":6880,"parent":0,"menu_order":0,"comment_status":"closed","ping_status":"closed","template":"templates\/template-transitarios.php","meta":{"_acf_changed":false,"om_disable_all_campaigns":false,"_monsterinsights_skip_tracking":false,"_monsterinsights_sitenote_active":false,"_monsterinsights_sitenote_note":"","_monsterinsights_sitenote_category":0,"footnotes":""},"class_list":["post-8017","page","type-page","status-publish","has-post-thumbnail","hentry"],"acf":[],"yoast_head":"<!-- This site is optimized with the Yoast SEO plugin v26.1.1 - https:\/\/yoast.com\/wordpress\/plugins\/seo\/ -->\n<title>Agentes de carga e despachantes aduaneiros em Bilbau | Logisber Forwarding<\/title>\n<meta name=\"description\" content=\"Experi\u00eancia e confian\u00e7a com um dos principais agentes de carga e despachantes aduaneiros em Bilbau. Conhe\u00e7a a Logisber, sua parceira de log\u00edstica internacional.\" \/>\n<meta name=\"robots\" content=\"index, follow, max-snippet:-1, max-image-preview:large, max-video-preview:-1\" \/>\n<link rel=\"canonical\" href=\"https:\/\/logisber.com\/pt-br\/logisber-o-seu-agente-de-carga-e-despachante-aduaneiro-em-bilbau\" \/>\n<meta property=\"og:locale\" content=\"pt_BR\" \/>\n<meta property=\"og:type\" content=\"article\" \/>\n<meta property=\"og:title\" content=\"Agentes de carga e despachantes aduaneiros em Bilbau | Logisber Forwarding\" \/>\n<meta property=\"og:description\" content=\"Experi\u00eancia e confian\u00e7a com um dos principais agentes de carga e despachantes aduaneiros em Bilbau. Conhe\u00e7a a Logisber, sua parceira de log\u00edstica internacional.\" \/>\n<meta property=\"og:url\" content=\"https:\/\/logisber.com\/pt-br\/logisber-o-seu-agente-de-carga-e-despachante-aduaneiro-em-bilbau\" \/>\n<meta property=\"og:site_name\" content=\"Logisber\" \/>\n<meta property=\"article:modified_time\" content=\"2023-03-21T19:29:17+00:00\" \/>\n<meta property=\"og:image\" content=\"https:\/\/logisber.com\/contenido\/subidas\/2021\/07\/transitario-y-agente-de-aduanas-bilbao-01.jpg\" \/>\n\t<meta property=\"og:image:width\" content=\"1920\" \/>\n\t<meta property=\"og:image:height\" content=\"1080\" \/>\n\t<meta property=\"og:image:type\" content=\"image\/jpeg\" \/>\n<meta name=\"twitter:card\" content=\"summary_large_image\" \/>\n<meta name=\"twitter:site\" content=\"@logisber\" \/>\n<meta name=\"twitter:label1\" content=\"Est. tempo de leitura\" \/>\n\t<meta name=\"twitter:data1\" content=\"6 minutos\" \/>\n<script type=\"application\/ld+json\" class=\"yoast-schema-graph\">{\"@context\":\"https:\/\/schema.org\",\"@graph\":[{\"@type\":\"WebPage\",\"@id\":\"https:\/\/logisber.com\/pt-br\/logisber-o-seu-agente-de-carga-e-despachante-aduaneiro-em-bilbau\",\"url\":\"https:\/\/logisber.com\/pt-br\/logisber-o-seu-agente-de-carga-e-despachante-aduaneiro-em-bilbau\",\"name\":\"Agentes de carga e despachantes aduaneiros em Bilbau | Logisber Forwarding\",\"isPartOf\":{\"@id\":\"https:\/\/logisber.com\/pt-br\/#website\"},\"primaryImageOfPage\":{\"@id\":\"https:\/\/logisber.com\/pt-br\/logisber-o-seu-agente-de-carga-e-despachante-aduaneiro-em-bilbau#primaryimage\"},\"image\":{\"@id\":\"https:\/\/logisber.com\/pt-br\/logisber-o-seu-agente-de-carga-e-despachante-aduaneiro-em-bilbau#primaryimage\"},\"thumbnailUrl\":\"https:\/\/logisber.com\/contenido\/subidas\/2021\/07\/transitario-y-agente-de-aduanas-bilbao-01.jpg\",\"datePublished\":\"2021-10-28T08:37:30+00:00\",\"dateModified\":\"2023-03-21T19:29:17+00:00\",\"description\":\"Experi\u00eancia e confian\u00e7a com um dos principais agentes de carga e despachantes aduaneiros em Bilbau. Conhe\u00e7a a Logisber, sua parceira de log\u00edstica internacional.\",\"breadcrumb\":{\"@id\":\"https:\/\/logisber.com\/pt-br\/logisber-o-seu-agente-de-carga-e-despachante-aduaneiro-em-bilbau#breadcrumb\"},\"inLanguage\":\"pt-BR\",\"potentialAction\":[{\"@type\":\"ReadAction\",\"target\":[\"https:\/\/logisber.com\/pt-br\/logisber-o-seu-agente-de-carga-e-despachante-aduaneiro-em-bilbau\"]}]},{\"@type\":\"ImageObject\",\"inLanguage\":\"pt-BR\",\"@id\":\"https:\/\/logisber.com\/pt-br\/logisber-o-seu-agente-de-carga-e-despachante-aduaneiro-em-bilbau#primaryimage\",\"url\":\"https:\/\/logisber.com\/contenido\/subidas\/2021\/07\/transitario-y-agente-de-aduanas-bilbao-01.jpg\",\"contentUrl\":\"https:\/\/logisber.com\/contenido\/subidas\/2021\/07\/transitario-y-agente-de-aduanas-bilbao-01.jpg\",\"width\":1920,\"height\":1080,\"caption\":\"Transitario y agente de aduanas Bilbao\"},{\"@type\":\"BreadcrumbList\",\"@id\":\"https:\/\/logisber.com\/pt-br\/logisber-o-seu-agente-de-carga-e-despachante-aduaneiro-em-bilbau#breadcrumb\",\"itemListElement\":[{\"@type\":\"ListItem\",\"position\":1,\"name\":\"Portada\",\"item\":\"https:\/\/logisber.com\/pt-br\"},{\"@type\":\"ListItem\",\"position\":2,\"name\":\"Logisber, o seu agente de carga e despachante aduaneiro em Bilbau\"}]},{\"@type\":\"WebSite\",\"@id\":\"https:\/\/logisber.com\/pt-br\/#website\",\"url\":\"https:\/\/logisber.com\/pt-br\/\",\"name\":\"Logisber\",\"description\":\"\",\"potentialAction\":[{\"@type\":\"SearchAction\",\"target\":{\"@type\":\"EntryPoint\",\"urlTemplate\":\"https:\/\/logisber.com\/pt-br\/?s={search_term_string}\"},\"query-input\":{\"@type\":\"PropertyValueSpecification\",\"valueRequired\":true,\"valueName\":\"search_term_string\"}}],\"inLanguage\":\"pt-BR\"}]}<\/script>\n<!-- \/ Yoast SEO plugin. -->","yoast_head_json":{"title":"Agentes de carga e despachantes aduaneiros em Bilbau | Logisber Forwarding","description":"Experi\u00eancia e confian\u00e7a com um dos principais agentes de carga e despachantes aduaneiros em Bilbau. Conhe\u00e7a a Logisber, sua parceira de log\u00edstica internacional.","robots":{"index":"index","follow":"follow","max-snippet":"max-snippet:-1","max-image-preview":"max-image-preview:large","max-video-preview":"max-video-preview:-1"},"canonical":"https:\/\/logisber.com\/pt-br\/logisber-o-seu-agente-de-carga-e-despachante-aduaneiro-em-bilbau","og_locale":"pt_BR","og_type":"article","og_title":"Agentes de carga e despachantes aduaneiros em Bilbau | Logisber Forwarding","og_description":"Experi\u00eancia e confian\u00e7a com um dos principais agentes de carga e despachantes aduaneiros em Bilbau. Conhe\u00e7a a Logisber, sua parceira de log\u00edstica internacional.","og_url":"https:\/\/logisber.com\/pt-br\/logisber-o-seu-agente-de-carga-e-despachante-aduaneiro-em-bilbau","og_site_name":"Logisber","article_modified_time":"2023-03-21T19:29:17+00:00","og_image":[{"width":1920,"height":1080,"url":"https:\/\/logisber.com\/contenido\/subidas\/2021\/07\/transitario-y-agente-de-aduanas-bilbao-01.jpg","type":"image\/jpeg"}],"twitter_card":"summary_large_image","twitter_site":"@logisber","twitter_misc":{"Est. tempo de leitura":"6 minutos"},"schema":{"@context":"https:\/\/schema.org","@graph":[{"@type":"WebPage","@id":"https:\/\/logisber.com\/pt-br\/logisber-o-seu-agente-de-carga-e-despachante-aduaneiro-em-bilbau","url":"https:\/\/logisber.com\/pt-br\/logisber-o-seu-agente-de-carga-e-despachante-aduaneiro-em-bilbau","name":"Agentes de carga e despachantes aduaneiros em Bilbau | Logisber Forwarding","isPartOf":{"@id":"https:\/\/logisber.com\/pt-br\/#website"},"primaryImageOfPage":{"@id":"https:\/\/logisber.com\/pt-br\/logisber-o-seu-agente-de-carga-e-despachante-aduaneiro-em-bilbau#primaryimage"},"image":{"@id":"https:\/\/logisber.com\/pt-br\/logisber-o-seu-agente-de-carga-e-despachante-aduaneiro-em-bilbau#primaryimage"},"thumbnailUrl":"https:\/\/logisber.com\/contenido\/subidas\/2021\/07\/transitario-y-agente-de-aduanas-bilbao-01.jpg","datePublished":"2021-10-28T08:37:30+00:00","dateModified":"2023-03-21T19:29:17+00:00","description":"Experi\u00eancia e confian\u00e7a com um dos principais agentes de carga e despachantes aduaneiros em Bilbau. Conhe\u00e7a a Logisber, sua parceira de log\u00edstica internacional.","breadcrumb":{"@id":"https:\/\/logisber.com\/pt-br\/logisber-o-seu-agente-de-carga-e-despachante-aduaneiro-em-bilbau#breadcrumb"},"inLanguage":"pt-BR","potentialAction":[{"@type":"ReadAction","target":["https:\/\/logisber.com\/pt-br\/logisber-o-seu-agente-de-carga-e-despachante-aduaneiro-em-bilbau"]}]},{"@type":"ImageObject","inLanguage":"pt-BR","@id":"https:\/\/logisber.com\/pt-br\/logisber-o-seu-agente-de-carga-e-despachante-aduaneiro-em-bilbau#primaryimage","url":"https:\/\/logisber.com\/contenido\/subidas\/2021\/07\/transitario-y-agente-de-aduanas-bilbao-01.jpg","contentUrl":"https:\/\/logisber.com\/contenido\/subidas\/2021\/07\/transitario-y-agente-de-aduanas-bilbao-01.jpg","width":1920,"height":1080,"caption":"Transitario y agente de aduanas Bilbao"},{"@type":"BreadcrumbList","@id":"https:\/\/logisber.com\/pt-br\/logisber-o-seu-agente-de-carga-e-despachante-aduaneiro-em-bilbau#breadcrumb","itemListElement":[{"@type":"ListItem","position":1,"name":"Portada","item":"https:\/\/logisber.com\/pt-br"},{"@type":"ListItem","position":2,"name":"Logisber, o seu agente de carga e despachante aduaneiro em Bilbau"}]},{"@type":"WebSite","@id":"https:\/\/logisber.com\/pt-br\/#website","url":"https:\/\/logisber.com\/pt-br\/","name":"Logisber","description":"","potentialAction":[{"@type":"SearchAction","target":{"@type":"EntryPoint","urlTemplate":"https:\/\/logisber.com\/pt-br\/?s={search_term_string}"},"query-input":{"@type":"PropertyValueSpecification","valueRequired":true,"valueName":"search_term_string"}}],"inLanguage":"pt-BR"}]}},"_links":{"self":[{"href":"https:\/\/logisber.com\/pt-br\/wp-json\/wp\/v2\/pages\/8017","targetHints":{"allow":["GET"]}}],"collection":[{"href":"https:\/\/logisber.com\/pt-br\/wp-json\/wp\/v2\/pages"}],"about":[{"href":"https:\/\/logisber.com\/pt-br\/wp-json\/wp\/v2\/types\/page"}],"author":[{"embeddable":true,"href":"https:\/\/logisber.com\/pt-br\/wp-json\/wp\/v2\/users\/7"}],"replies":[{"embeddable":true,"href":"https:\/\/logisber.com\/pt-br\/wp-json\/wp\/v2\/comments?post=8017"}],"version-history":[{"count":2,"href":"https:\/\/logisber.com\/pt-br\/wp-json\/wp\/v2\/pages\/8017\/revisions"}],"predecessor-version":[{"id":15003,"href":"https:\/\/logisber.com\/pt-br\/wp-json\/wp\/v2\/pages\/8017\/revisions\/15003"}],"wp:featuredmedia":[{"embeddable":true,"href":"https:\/\/logisber.com\/pt-br\/wp-json\/wp\/v2\/media\/6880"}],"wp:attachment":[{"href":"https:\/\/logisber.com\/pt-br\/wp-json\/wp\/v2\/media?parent=8017"}],"curies":[{"name":"wp","href":"https:\/\/api.w.org\/{rel}","templated":true}]}}