{"id":8025,"date":"2021-10-28T16:22:58","date_gmt":"2021-10-28T14:22:58","guid":{"rendered":"https:\/\/logisber.com\/?page_id=8025"},"modified":"2021-10-28T16:22:59","modified_gmt":"2021-10-28T14:22:59","slug":"logisber-o-seu-agente-de-carga-maritima-em-barcelona","status":"publish","type":"page","link":"https:\/\/logisber.com\/pt-br\/logisber-o-seu-agente-de-carga-maritima-em-barcelona","title":{"rendered":"Logisber, o seu agente de carga mar\u00edtima em Barcelona"},"content":{"rendered":"\n<h3 class=\"wp-block-heading\">Mais de 75% das mercadorias mundiais s\u00e3o transportadas por via mar\u00edtima, de acordo com a Confer\u00eancia das Na\u00e7\u00f5es Unidas sobre Com\u00e9rcio e Desenvolvimento (UNCTAD). O fato \u00e9 que o agenciamento de carga mar\u00edtima \u00e9 um meio de transporte com alta capacidade e pre\u00e7os baixos, al\u00e9m de ser ideal para percorrer longas dist\u00e2ncias. No mercado de <a href=\"https:\/\/logisber.com\/transporte-maritimo-internacional-de-mercancias\/\">transporte mar\u00edtimo internacional<\/a>, o <a href=\"http:\/\/www.portdebarcelona.cat\/es\/home_apb\">Porto de Barcelona<\/a> \u00e9 um porto de entrada para a Europa de muitas mercadorias provenientes do Extremo Oriente e do Sudeste Asi\u00e1tico.<\/h3>\n\n\n\n<p><strong>Agentes de carga mar\u00edtima com alcan\u00e7o global de Barcelona<\/strong><\/p>\n\n\n\n<p>Barcelona tamb\u00e9m \u00e9 um porto de exporta\u00e7\u00e3o e importa\u00e7\u00e3o que movimenta mais de 3 milh\u00f5es de cont\u00eaineres por ano e um pouco mais metade s\u00e3o de cont\u00eaineres cheios para exporta\u00e7\u00e3o e importa\u00e7\u00e3o com carga de alto valor econ\u00f4mico.<\/p>\n\n\n\n<p>Neste segmento de atividade, a Logisber \u00e9 um <a href=\"https:\/\/logisber.com\/agente-transitario\/\">agente de agenciamento de carga internacional<\/a> que oferece uma grande variedade de servi\u00e7os log\u00edsticos, incluindo servi\u00e7os de transporte mar\u00edtimo, a\u00e9reo e multimodal. Assim, como <a href=\"https:\/\/logisber.com\/transitario-maritimo\/\">agente de carga mar\u00edtima<\/a>, a Logisber trabalha como uma conex\u00e3o entre os exportadores ou importadores e operadores de transporte, organizando e coordenando o transporte de mercadorias de um porto de origem para um porto de destino.<\/p>\n\n\n\n<p>Al\u00e9m de contratar o transporte mar\u00edtimo com origem ou destino a Barcelona, a Logisber gerencia e coordena outros servi\u00e7os associados \u00e0s opera\u00e7\u00f5es mar\u00edtimas. Esses servi\u00e7os incluem a retirada de mercadoria na origem e entrega no destino, o <a href=\"https:\/\/logisber.com\/despacho-de-aduanas\/\">despacho aduaneiro<\/a> e outros procedimentos aduaneiros, armazenamento de carga, embalagem e acondicionamento, servi\u00e7os portu\u00e1rios de estiva, seguro de transporte e o pagamento de impostos e encargos, entre outros servi\u00e7os.<\/p>\n\n\n\n<figure class=\"wp-block-image size-full\"><img loading=\"lazy\" decoding=\"async\" width=\"1920\" height=\"1080\" src=\"https:\/\/logisber.com\/contenido\/subidas\/2021\/07\/transitario-maritimo-barcelona-02.jpg\" alt=\"Transitario maritimo Barcelona\" class=\"wp-image-6829\"\/><\/figure>\n\n\n\n<p>Nosso principal objetivo como agentes de carga em Barcelona \u00e9 garantir que as mercadorias dos nossos clientes cheguem ao destino no prazo e da forma acordada, pois sabemos que as empresas precisam de transa\u00e7\u00f5es comerciais r\u00e1pidas, \u00e1geis, eficientes e competitivas.<\/p>\n\n\n\n<p>Por outro lado, por meio da nossa sede em Barcelona, n\u00f3s temos uma ampla rede de agentes e correspondentes com os quais n\u00f3s podemos contar para organizar entregas regulares com origem e destino a qualquer outro porto internacional. Os profissionais da Logisber buscam as melhores rotas, os melhores per\u00edodos de tr\u00e2nsito, a melhor seguran\u00e7a nos portos de transfer\u00eancia e sempre os melhores pre\u00e7os de mercado.<\/p>\n\n\n\n<h2 class=\"wp-block-heading\"><strong>Especialistas em agenciamento de carga mar\u00edtima certificados em Barcelona<\/strong><\/h2>\n\n\n\n<p>A Logisber conquistou o selo de qualidade de <a href=\"http:\/\/www.portdebarcelona.cat\/es\/web\/port-dels-negocis\/programa-de-garanties\">Rede de Efici\u00eancia<\/a> do Porto de Barcelona, que certifica que n\u00f3s trabalhamos com excel\u00eancia, integridade, empenho, colabora\u00e7\u00e3o, transpar\u00eancia e efic\u00e1cia.<\/p>\n\n\n\n<p>Outras certifica\u00e7\u00f5es que comprovam que somos agentes de carga mar\u00edtima confi\u00e1veis incluem sermos <a href=\"https:\/\/logisber.com\/operador-economico-autorizado\/\">Operadores Econ\u00f4micos Autorizados<\/a> (OEA) e credenciados pela Associa\u00e7\u00e3o Internacional de Transporte A\u00e9reo (<a href=\"https:\/\/www.iata.org\/\">IATA<\/a>), al\u00e9m da certifica\u00e7\u00e3o do Instituto de Distribui\u00e7\u00e3o de Qu\u00edmicos (<a href=\"https:\/\/www.cdi.org.uk\/index.aspx\">CDI<\/a>) para gerenciar opera\u00e7\u00f5es de transporte mar\u00edtimo com seguran\u00e7a e qualidade para a ind\u00fastria qu\u00edmica.<br>N\u00f3s tamb\u00e9m possu\u00edmos a <a href=\"https:\/\/ec.europa.eu\/health\/human-use\/good_manufacturing_distribution_practices_en\">certifica\u00e7\u00e3o de GDP<\/a> (Boas Pr\u00e1ticas de Distribui\u00e7\u00e3o) para produtos farmac\u00eauticos.<\/p>\n\n\n\n<p>A equipe de profissionais da Logisber \u00e9 altamente qualificada para oferecer solu\u00e7\u00f5es como agente de carga mar\u00edtima em Barcelona e disponibiliza aos seus clientes todo o seu conhecimento e experi\u00eancia.<\/p>\n\n\n\n<figure class=\"wp-block-image size-full\"><img loading=\"lazy\" decoding=\"async\" width=\"1920\" height=\"1080\" src=\"https:\/\/logisber.com\/contenido\/subidas\/2021\/07\/transitario-maritimo-barcelona-01.jpg\" alt=\"Transitario maritimo Barcelona\" class=\"wp-image-6825\"\/><\/figure>\n\n\n\n<h2 class=\"wp-block-heading\"><strong>Barcelona, o condutor comercial de agenciamento de carga mar\u00edtima<\/strong><\/h2>\n\n\n\n<p>Nossa atividade em Barcelona, que \u00e9 um dos principais centros log\u00edsticos do Mediterr\u00e2neo e do sul da Europa, tamb\u00e9m envolve outras fun\u00e7\u00f5es inerentes ao servi\u00e7o de agenciamento de carga mar\u00edtima, como a consolida\u00e7\u00e3o de carga, emiss\u00e3o de conhecimentos de embarque mar\u00edtimo (<a href=\"https:\/\/logisber.com\/bill-of-lading\/\">B\/L<\/a>), reserva do espa\u00e7o necess\u00e1rio para a carga em navios e a prepara\u00e7\u00e3o e apresenta\u00e7\u00e3o da documenta\u00e7\u00e3o operacional.<\/p>\n\n\n\n<p>Assim, nosso trabalho no agenciamento de carga internacional \u00e9 fundamental,<br>pois n\u00f3s aconselhamos os clientes sobre aspectos importantes como o tipo de cont\u00eainer que \u00e9 necess\u00e1rio para cada tipo de mercadoria, os portos de origem e destino mais adequados, a documenta\u00e7\u00e3o necess\u00e1ria, bem como outros servi\u00e7os log\u00edsticos que ser\u00e3o necess\u00e1rios.<\/p>\n\n\n\n<p>Como <a href=\"https:\/\/logisber.com\/empresa-de-transporte-maritimo-internacional\/\">empresa de transporte mar\u00edtimo internacional<\/a>, a Logisber organiza cadeias de suprimentos globais e est\u00e1 preparada para ser um parceiro de confian\u00e7a para coordenar todas as outras partes interessadas da log\u00edstica mar\u00edtima: operadores de transporte, portos, transportadoras terrestres e despachantes aduaneiros.<\/p>\n\n\n\n<p>Como agentes de carga mar\u00edtima, n\u00f3s estamos bem cientes dos custos de transporte, custos aduaneiros, encargos e at\u00e9 mesmo dos impostos associados \u00e0 uma opera\u00e7\u00e3o. N\u00f3s tamb\u00e9m rastreamos continuamente as mercadorias durante todo o processo de transporte mar\u00edtimo e garantimos que a carga tenha uma cadeia de suprimentos controlada e segura, sendo ao mesmo tempo flex\u00edveis o suficiente para reagir a qualquer situa\u00e7\u00e3o inesperada.&nbsp;<\/p>\n\n\n\n<p>Voc\u00ea tem alguma pergunta ou gostaria de contratar nossos servi\u00e7os de agenciamento de carga mar\u00edtima? <a href=\"https:\/\/logisber.com\/contacto\">Entre em contato conosco aqui.<\/a><\/p>\n","protected":false},"excerpt":{"rendered":"Mais de 75% das mercadorias mundiais s\u00e3o transportadas por via mar\u00edtima, de acordo com a Confer\u00eancia das Na\u00e7\u00f5es Unidas sobre Com\u00e9rcio e Desenvolvimento (UNCTAD). O fato \u00e9 que o agenciamento de carga mar\u00edtima \u00e9 um meio de transporte com alta capacidade e pre\u00e7os baixos, al\u00e9m de ser ideal para percorrer longas dist\u00e2ncias. No mercado de&#8230; <a class=\"view-article\" href=\"https:\/\/logisber.com\/pt-br\/logisber-o-seu-agente-de-carga-maritima-em-barcelona\">Ver artigo<\/a>","protected":false},"author":7,"featured_media":0,"parent":0,"menu_order":0,"comment_status":"closed","ping_status":"closed","template":"templates\/template-transitarios.php","meta":{"_acf_changed":false,"om_disable_all_campaigns":false,"_monsterinsights_skip_tracking":false,"_monsterinsights_sitenote_active":false,"_monsterinsights_sitenote_note":"","_monsterinsights_sitenote_category":0,"footnotes":""},"class_list":["post-8025","page","type-page","status-publish","hentry"],"acf":[],"yoast_head":"<!-- This site is optimized with the Yoast SEO plugin v26.1.1 - https:\/\/yoast.com\/wordpress\/plugins\/seo\/ -->\n<title>Agente de carga mar\u00edtima em Barcelona | Logisber Forwarding<\/title>\n<meta name=\"description\" content=\"Voc\u00ea quer transportar suas mercadorias com origem ou destino a Barcelona? N\u00f3s somos os seus parceiros de agenciamento de carga mar\u00edtima de confian\u00e7a em Barcelona. Descubra o motivo.\" \/>\n<meta name=\"robots\" content=\"index, follow, max-snippet:-1, max-image-preview:large, max-video-preview:-1\" \/>\n<link rel=\"canonical\" href=\"https:\/\/logisber.com\/pt-br\/logisber-o-seu-agente-de-carga-maritima-em-barcelona\" \/>\n<meta property=\"og:locale\" content=\"pt_BR\" \/>\n<meta property=\"og:type\" content=\"article\" \/>\n<meta property=\"og:title\" content=\"Agente de carga mar\u00edtima em Barcelona | Logisber Forwarding\" \/>\n<meta property=\"og:description\" content=\"Voc\u00ea quer transportar suas mercadorias com origem ou destino a Barcelona? N\u00f3s somos os seus parceiros de agenciamento de carga mar\u00edtima de confian\u00e7a em Barcelona. Descubra o motivo.\" \/>\n<meta property=\"og:url\" content=\"https:\/\/logisber.com\/pt-br\/logisber-o-seu-agente-de-carga-maritima-em-barcelona\" \/>\n<meta property=\"og:site_name\" content=\"Logisber\" \/>\n<meta property=\"article:modified_time\" content=\"2021-10-28T14:22:59+00:00\" \/>\n<meta property=\"og:image\" content=\"https:\/\/logisber.com\/contenido\/subidas\/2021\/07\/transitario-maritimo-barcelona-02.jpg\" \/>\n<meta name=\"twitter:card\" content=\"summary_large_image\" \/>\n<meta name=\"twitter:site\" content=\"@logisber\" \/>\n<meta name=\"twitter:label1\" content=\"Est. tempo de leitura\" \/>\n\t<meta name=\"twitter:data1\" content=\"4 minutos\" \/>\n<script type=\"application\/ld+json\" class=\"yoast-schema-graph\">{\"@context\":\"https:\/\/schema.org\",\"@graph\":[{\"@type\":\"WebPage\",\"@id\":\"https:\/\/logisber.com\/pt-br\/logisber-o-seu-agente-de-carga-maritima-em-barcelona\",\"url\":\"https:\/\/logisber.com\/pt-br\/logisber-o-seu-agente-de-carga-maritima-em-barcelona\",\"name\":\"Agente de carga mar\u00edtima em Barcelona | Logisber Forwarding\",\"isPartOf\":{\"@id\":\"https:\/\/logisber.com\/pt-br\/#website\"},\"primaryImageOfPage\":{\"@id\":\"https:\/\/logisber.com\/pt-br\/logisber-o-seu-agente-de-carga-maritima-em-barcelona#primaryimage\"},\"image\":{\"@id\":\"https:\/\/logisber.com\/pt-br\/logisber-o-seu-agente-de-carga-maritima-em-barcelona#primaryimage\"},\"thumbnailUrl\":\"https:\/\/logisber.com\/contenido\/subidas\/2021\/07\/transitario-maritimo-barcelona-02.jpg\",\"datePublished\":\"2021-10-28T14:22:58+00:00\",\"dateModified\":\"2021-10-28T14:22:59+00:00\",\"description\":\"Voc\u00ea quer transportar suas mercadorias com origem ou destino a Barcelona? N\u00f3s somos os seus parceiros de agenciamento de carga mar\u00edtima de confian\u00e7a em Barcelona. Descubra o motivo.\",\"breadcrumb\":{\"@id\":\"https:\/\/logisber.com\/pt-br\/logisber-o-seu-agente-de-carga-maritima-em-barcelona#breadcrumb\"},\"inLanguage\":\"pt-BR\",\"potentialAction\":[{\"@type\":\"ReadAction\",\"target\":[\"https:\/\/logisber.com\/pt-br\/logisber-o-seu-agente-de-carga-maritima-em-barcelona\"]}]},{\"@type\":\"ImageObject\",\"inLanguage\":\"pt-BR\",\"@id\":\"https:\/\/logisber.com\/pt-br\/logisber-o-seu-agente-de-carga-maritima-em-barcelona#primaryimage\",\"url\":\"https:\/\/logisber.com\/contenido\/subidas\/2021\/07\/transitario-maritimo-barcelona-02.jpg\",\"contentUrl\":\"https:\/\/logisber.com\/contenido\/subidas\/2021\/07\/transitario-maritimo-barcelona-02.jpg\"},{\"@type\":\"BreadcrumbList\",\"@id\":\"https:\/\/logisber.com\/pt-br\/logisber-o-seu-agente-de-carga-maritima-em-barcelona#breadcrumb\",\"itemListElement\":[{\"@type\":\"ListItem\",\"position\":1,\"name\":\"Portada\",\"item\":\"https:\/\/logisber.com\/pt-br\"},{\"@type\":\"ListItem\",\"position\":2,\"name\":\"Logisber, o seu agente de carga mar\u00edtima em Barcelona\"}]},{\"@type\":\"WebSite\",\"@id\":\"https:\/\/logisber.com\/pt-br\/#website\",\"url\":\"https:\/\/logisber.com\/pt-br\/\",\"name\":\"Logisber\",\"description\":\"\",\"potentialAction\":[{\"@type\":\"SearchAction\",\"target\":{\"@type\":\"EntryPoint\",\"urlTemplate\":\"https:\/\/logisber.com\/pt-br\/?s={search_term_string}\"},\"query-input\":{\"@type\":\"PropertyValueSpecification\",\"valueRequired\":true,\"valueName\":\"search_term_string\"}}],\"inLanguage\":\"pt-BR\"}]}<\/script>\n<!-- \/ Yoast SEO plugin. -->","yoast_head_json":{"title":"Agente de carga mar\u00edtima em Barcelona | Logisber Forwarding","description":"Voc\u00ea quer transportar suas mercadorias com origem ou destino a Barcelona? N\u00f3s somos os seus parceiros de agenciamento de carga mar\u00edtima de confian\u00e7a em Barcelona. Descubra o motivo.","robots":{"index":"index","follow":"follow","max-snippet":"max-snippet:-1","max-image-preview":"max-image-preview:large","max-video-preview":"max-video-preview:-1"},"canonical":"https:\/\/logisber.com\/pt-br\/logisber-o-seu-agente-de-carga-maritima-em-barcelona","og_locale":"pt_BR","og_type":"article","og_title":"Agente de carga mar\u00edtima em Barcelona | Logisber Forwarding","og_description":"Voc\u00ea quer transportar suas mercadorias com origem ou destino a Barcelona? N\u00f3s somos os seus parceiros de agenciamento de carga mar\u00edtima de confian\u00e7a em Barcelona. Descubra o motivo.","og_url":"https:\/\/logisber.com\/pt-br\/logisber-o-seu-agente-de-carga-maritima-em-barcelona","og_site_name":"Logisber","article_modified_time":"2021-10-28T14:22:59+00:00","og_image":[{"url":"https:\/\/logisber.com\/contenido\/subidas\/2021\/07\/transitario-maritimo-barcelona-02.jpg","type":"","width":"","height":""}],"twitter_card":"summary_large_image","twitter_site":"@logisber","twitter_misc":{"Est. tempo de leitura":"4 minutos"},"schema":{"@context":"https:\/\/schema.org","@graph":[{"@type":"WebPage","@id":"https:\/\/logisber.com\/pt-br\/logisber-o-seu-agente-de-carga-maritima-em-barcelona","url":"https:\/\/logisber.com\/pt-br\/logisber-o-seu-agente-de-carga-maritima-em-barcelona","name":"Agente de carga mar\u00edtima em Barcelona | Logisber Forwarding","isPartOf":{"@id":"https:\/\/logisber.com\/pt-br\/#website"},"primaryImageOfPage":{"@id":"https:\/\/logisber.com\/pt-br\/logisber-o-seu-agente-de-carga-maritima-em-barcelona#primaryimage"},"image":{"@id":"https:\/\/logisber.com\/pt-br\/logisber-o-seu-agente-de-carga-maritima-em-barcelona#primaryimage"},"thumbnailUrl":"https:\/\/logisber.com\/contenido\/subidas\/2021\/07\/transitario-maritimo-barcelona-02.jpg","datePublished":"2021-10-28T14:22:58+00:00","dateModified":"2021-10-28T14:22:59+00:00","description":"Voc\u00ea quer transportar suas mercadorias com origem ou destino a Barcelona? N\u00f3s somos os seus parceiros de agenciamento de carga mar\u00edtima de confian\u00e7a em Barcelona. Descubra o motivo.","breadcrumb":{"@id":"https:\/\/logisber.com\/pt-br\/logisber-o-seu-agente-de-carga-maritima-em-barcelona#breadcrumb"},"inLanguage":"pt-BR","potentialAction":[{"@type":"ReadAction","target":["https:\/\/logisber.com\/pt-br\/logisber-o-seu-agente-de-carga-maritima-em-barcelona"]}]},{"@type":"ImageObject","inLanguage":"pt-BR","@id":"https:\/\/logisber.com\/pt-br\/logisber-o-seu-agente-de-carga-maritima-em-barcelona#primaryimage","url":"https:\/\/logisber.com\/contenido\/subidas\/2021\/07\/transitario-maritimo-barcelona-02.jpg","contentUrl":"https:\/\/logisber.com\/contenido\/subidas\/2021\/07\/transitario-maritimo-barcelona-02.jpg"},{"@type":"BreadcrumbList","@id":"https:\/\/logisber.com\/pt-br\/logisber-o-seu-agente-de-carga-maritima-em-barcelona#breadcrumb","itemListElement":[{"@type":"ListItem","position":1,"name":"Portada","item":"https:\/\/logisber.com\/pt-br"},{"@type":"ListItem","position":2,"name":"Logisber, o seu agente de carga mar\u00edtima em Barcelona"}]},{"@type":"WebSite","@id":"https:\/\/logisber.com\/pt-br\/#website","url":"https:\/\/logisber.com\/pt-br\/","name":"Logisber","description":"","potentialAction":[{"@type":"SearchAction","target":{"@type":"EntryPoint","urlTemplate":"https:\/\/logisber.com\/pt-br\/?s={search_term_string}"},"query-input":{"@type":"PropertyValueSpecification","valueRequired":true,"valueName":"search_term_string"}}],"inLanguage":"pt-BR"}]}},"_links":{"self":[{"href":"https:\/\/logisber.com\/pt-br\/wp-json\/wp\/v2\/pages\/8025","targetHints":{"allow":["GET"]}}],"collection":[{"href":"https:\/\/logisber.com\/pt-br\/wp-json\/wp\/v2\/pages"}],"about":[{"href":"https:\/\/logisber.com\/pt-br\/wp-json\/wp\/v2\/types\/page"}],"author":[{"embeddable":true,"href":"https:\/\/logisber.com\/pt-br\/wp-json\/wp\/v2\/users\/7"}],"replies":[{"embeddable":true,"href":"https:\/\/logisber.com\/pt-br\/wp-json\/wp\/v2\/comments?post=8025"}],"version-history":[{"count":1,"href":"https:\/\/logisber.com\/pt-br\/wp-json\/wp\/v2\/pages\/8025\/revisions"}],"predecessor-version":[{"id":8026,"href":"https:\/\/logisber.com\/pt-br\/wp-json\/wp\/v2\/pages\/8025\/revisions\/8026"}],"wp:attachment":[{"href":"https:\/\/logisber.com\/pt-br\/wp-json\/wp\/v2\/media?parent=8025"}],"curies":[{"name":"wp","href":"https:\/\/api.w.org\/{rel}","templated":true}]}}