{"id":8027,"date":"2021-10-28T16:28:03","date_gmt":"2021-10-28T14:28:03","guid":{"rendered":"https:\/\/logisber.com\/?page_id=8027"},"modified":"2021-10-28T16:28:04","modified_gmt":"2021-10-28T14:28:04","slug":"logisber-o-seu-agente-de-carga-maritima-em-madrid","status":"publish","type":"page","link":"https:\/\/logisber.com\/pt-br\/logisber-o-seu-agente-de-carga-maritima-em-madrid","title":{"rendered":"Logisber, o seu agente de carga mar\u00edtima em Madrid"},"content":{"rendered":"\n<h3 class=\"wp-block-heading\">Para as empresas, \u00e9 fundamental que suas transa\u00e7\u00f5es comerciais mar\u00edtimas sejam efetivas, customizadas e r\u00e1pidas. Como <a href=\"https:\/\/logisber.com\/agente-transitario\/\">agente de carga internacional<\/a> e para atender a regi\u00e3o de Madrid, a Logisber oferece ao mercado uma grande variedade de servi\u00e7os log\u00edsticos e de transporte mar\u00edtimo, a\u00e9reo e multimodal. A nossa especialidade em <a href=\"https:\/\/logisber.com\/transitario-maritimo\/\">agenciamento de carga mar\u00edtima<\/a> nos torna o condutor de sinergia entre exportadores e importadores e os operadores de transporte, pois n\u00f3s organizamos o transporte de suas mercadorias de um porto de origem para outro porto de destino e coordenamos cada etapa, garantindo um envio de sucesso.\u00a0<\/h3>\n\n\n\n<p>Para as empresas, \u00e9 fundamental que suas transa\u00e7\u00f5es comerciais mar\u00edtimas sejam efetivas, customizadas e r\u00e1pidas. Como <a href=\"https:\/\/logisber.com\/agente-transitario\/\">agente de carga internacional<\/a> e para atender a regi\u00e3o de Madrid, a Logisber oferece ao mercado uma grande variedade de servi\u00e7os log\u00edsticos e de transporte mar\u00edtimo, a\u00e9reo e multimodal. A nossa especialidade em <a href=\"https:\/\/logisber.com\/transitario-maritimo\/\">agenciamento de carga mar\u00edtima<\/a> nos torna o condutor de sinergia entre exportadores e importadores e os operadores de transporte, pois n\u00f3s organizamos o transporte de suas mercadorias de um porto de origem para outro porto de destino e coordenamos cada etapa, garantindo um envio de sucesso.\u00a0<\/p>\n\n\n\n<p>Apesar de estar situada na parte interior da Pen\u00ednsula Ib\u00e9rica, Madrid \u00e9 o maior centro log\u00edstico da Espanha e, portanto, concentra fluxos de importa\u00e7\u00e3o e exporta\u00e7\u00e3o de mercadorias que entraram ou sa\u00edram de um porto do <a href=\"http:\/\/www.puertos.es\/es-es\/nosotrospuertos\">sistema de portos espanh\u00f3is<\/a>. Considerando os dados da Confer\u00eancia das Na\u00e7\u00f5es Unidas sobre Com\u00e9rcio e Desenvolvimento (<a href=\"https:\/\/unctad.org\/\">UNCTAD<\/a>), afirmando que aproximadamente 75 % do com\u00e9rcio mundial usa o transporte mar\u00edtimo, usar este m\u00e9todo para envios \u00e9 uma boa oportunidade para todos os tipos de empresas. Tudo isso se deve ao pre\u00e7o, a alta capacidade e a adequa\u00e7\u00e3o para percorrer longas dist\u00e2ncias com altos volumes de carga. Este tipo de transporte \u00e9 compat\u00edvel com o seu projeto? <a href=\"https:\/\/logisber.com\/contacto\">Entre em contato conosco<\/a> e fale como n\u00f3s podemos ajud\u00e1-lo.<\/p>\n\n\n\n<p>A zona log\u00edstica de Madrid possui os chamados portos secos, como o <a href=\"http:\/\/www.puertoseco.com\/espa%C3%B1ol\/cartadebienvenida2.html\">Porto Seco de Madrid<\/a> e o <a href=\"http:\/\/www.intermodalcentro.com\/\">Porto Seco\/Terminal Intermodal Central de Azuqueca<\/a> atrav\u00e9s dos quais os cont\u00eaineres mar\u00edtimos entram e saem. Al\u00e9m disso, como parte do sistema de <a href=\"https:\/\/logisber.com\/transporte-maritimo-internacional-de-mercancias\/\">transporte mar\u00edtimo internacional<\/a>, Madrid recebe ou envia cargas para portos, como os de <a href=\"https:\/\/www.valenciaport.com\/\">Val\u00eancia<\/a>, <a href=\"http:\/\/www.portdebarcelona.cat\/es\/home_apb\">Barcelona<\/a>, <a href=\"https:\/\/www.bilbaoport.eus\/\">Bilbau<\/a> e <a href=\"https:\/\/www.apba.es\/\">Algeciras<\/a>.<\/p>\n\n\n\n<p>O nosso amplo alcance como agentes de carga mar\u00edtima em Madrid \u00e9 gra\u00e7as a nossa ampla rede de correspondentes e agentes especializados que fornecem servi\u00e7os nas instala\u00e7\u00f5es da Logisber mundialmente, organizando entregas regulares com origem e destino a qualquer porto do mundo. O conhecimento da nossa equipe de profissionais \u00e9 baseado na busca por melhores rotas, os melhores per\u00edodos de tr\u00e2nsito, a melhor seguran\u00e7a nos portos de transfer\u00eancia e sempre os melhores pre\u00e7os de mercado. Uma equipe de especialistas para oferecer a voc\u00ea solu\u00e7\u00f5es log\u00edsticas mar\u00edtimas sempre que voc\u00ea precisar.&nbsp;<\/p>\n\n\n\n<p>Al\u00e9m do transporte mar\u00edtimo, a Logisber lida com outros servi\u00e7os antes e depois da opera\u00e7\u00e3o mar\u00edtima, como a retirada da carga na origem e entrega no destino, a realiza\u00e7\u00e3o de <a href=\"https:\/\/logisber.com\/despacho-de-aduanas\/\">procedimentos de despacho aduaneiro<\/a> e outros processos aduaneiros. N\u00f3s tamb\u00e9m armazenamos, empacotamos e acondicionamos as mercadorias. Se voc\u00ea precisa acionar servi\u00e7os portu\u00e1rios de estiva, adquirir um seguro para o seu transporte ou agilizar o pagamento de impostos e encargos, n\u00f3s somos o seu parceiro.<\/p>\n\n\n\n<p>N\u00f3s rastreamos continuamente as suas mercadorias durante o processo de transporte mar\u00edtimo, garantindo \u00e0s empresas transportadoras que as suas cadeias de suprimentos estejam sob controle e seguras, sendo ao mesmo tempo flex\u00edveis o suficiente para antecipar qualquer situa\u00e7\u00e3o inesperada. Al\u00e9m disso, o nosso trabalho como agentes de carga mar\u00edtima tamb\u00e9m envolve aconselhar os nossos clientes sobre detalhes t\u00e3o importantes quanto o tipo de cont\u00eainer necess\u00e1rio para cada tipo de mercadoria, a documenta\u00e7\u00e3o e os procedimentos necess\u00e1rios e os melhores portos de origem e destino, entre outros servi\u00e7os.<\/p>\n\n\n\n<p>Uma <a href=\"https:\/\/logisber.com\/empresa-de-transporte-maritimo-internacional\/\">empresa de transporte mar\u00edtimo internacional<\/a> com a posi\u00e7\u00e3o da Logisber organiza cadeias de suprimentos globais e, portanto, est\u00e1 em condi\u00e7\u00f5es de ser uma parceira confi\u00e1vel para coordenar todas as outras partes interessadas da log\u00edstica mar\u00edtima, como as transportadoras terrestres, os operadores de transporte,<br>portos e despachantes aduaneiros.<\/p>\n\n\n\n<p>Como suporte a esta afirma\u00e7\u00e3o, a Logisber possui v\u00e1rias certifica\u00e7\u00f5es que comprovam que somos agentes de carga mar\u00edtima de confian\u00e7a: n\u00f3s somos <a href=\"https:\/\/logisber.com\/operador-economico-autorizado\/\">Operadores Econ\u00f4micos Autorizados<\/a> (OEA), membros da Associa\u00e7\u00e3o Internacional de Transporte A\u00e9reo (<a href=\"https:\/\/www.iata.org\/\">IATA<\/a>), bem como do Instituto de Distribui\u00e7\u00e3o de Qu\u00edmicos (<a href=\"https:\/\/www.cdi.org.uk\/index.aspx\">CDI<\/a>) para gerenciar opera\u00e7\u00f5es de transporte mar\u00edtimo com seguran\u00e7a e qualidade para a ind\u00fastria qu\u00edmica e possu\u00edmos <a href=\"https:\/\/ec.europa.eu\/health\/human-use\/good_manufacturing_distribution_practices_en\">certificado de GDP<\/a> (Boas Pr\u00e1ticas de Distribui\u00e7\u00e3o) para produtos farmac\u00eauticos.<\/p>\n\n\n\n<p>No caso espec\u00edfico do porto de Barcelona com um tr\u00e1fego intenso com origem e destino a Madrid, especialmente por ferrovia, n\u00f3s conquistamos o selo de qualidade de <a href=\"http:\/\/www.portdebarcelona.cat\/es\/web\/port-dels-negocis\/programa-de-garanties\">Rede de Efici\u00eancia<\/a>, que certifica que n\u00f3s trabalhamos com excel\u00eancia, integridade, empenho, colabora\u00e7\u00e3o, transpar\u00eancia e efic\u00e1cia.Nossa atividade em Madrid como principal centro log\u00edstico na pen\u00ednsula tamb\u00e9m inclui outras fun\u00e7\u00f5es inerentes ao servi\u00e7o de agenciamento de carga mar\u00edtima, como a consolida\u00e7\u00e3o de carga, emiss\u00e3o de conhecimentos de embarque mar\u00edtimo (<a href=\"https:\/\/logisber.com\/bill-of-lading\/\">B\/L<\/a>), reserva de espa\u00e7o em navios e prepara\u00e7\u00e3o e apresenta\u00e7\u00e3o de documenta\u00e7\u00e3o impl\u00edcita de importa\u00e7\u00e3o e exporta\u00e7\u00e3o. Torne os seus procedimentos aduaneiros e opera\u00e7\u00f5es de transporte internacional mais f\u00e1ceis conosco.<\/p>\n","protected":false},"excerpt":{"rendered":"Para as empresas, \u00e9 fundamental que suas transa\u00e7\u00f5es comerciais mar\u00edtimas sejam efetivas, customizadas e r\u00e1pidas. Como agente de carga internacional e para atender a regi\u00e3o de Madrid, a Logisber oferece ao mercado uma grande variedade de servi\u00e7os log\u00edsticos e de transporte mar\u00edtimo, a\u00e9reo e multimodal. A nossa especialidade em agenciamento de carga mar\u00edtima nos torna&#8230; <a class=\"view-article\" href=\"https:\/\/logisber.com\/pt-br\/logisber-o-seu-agente-de-carga-maritima-em-madrid\">Ver artigo<\/a>","protected":false},"author":7,"featured_media":0,"parent":0,"menu_order":0,"comment_status":"closed","ping_status":"closed","template":"templates\/template-transitarios.php","meta":{"_acf_changed":false,"om_disable_all_campaigns":false,"_monsterinsights_skip_tracking":false,"_monsterinsights_sitenote_active":false,"_monsterinsights_sitenote_note":"","_monsterinsights_sitenote_category":0,"footnotes":""},"class_list":["post-8027","page","type-page","status-publish","hentry"],"acf":[],"yoast_head":"<!-- This site is optimized with the Yoast SEO plugin v26.1.1 - https:\/\/yoast.com\/wordpress\/plugins\/seo\/ -->\n<title>Agente de carga mar\u00edtima em Madrid | Logisber Forwarding<\/title>\n<meta name=\"description\" content=\"Se voc\u00ea est\u00e1 em busca de um agente de carga mar\u00edtima em Madrid, a Logisber oferece servi\u00e7os log\u00edsticos especializados com a maior confian\u00e7a, seguran\u00e7a e garantia.\" \/>\n<meta name=\"robots\" content=\"index, follow, max-snippet:-1, max-image-preview:large, max-video-preview:-1\" \/>\n<link rel=\"canonical\" href=\"https:\/\/logisber.com\/pt-br\/logisber-o-seu-agente-de-carga-maritima-em-madrid\" \/>\n<meta property=\"og:locale\" content=\"pt_BR\" \/>\n<meta property=\"og:type\" content=\"article\" \/>\n<meta property=\"og:title\" content=\"Agente de carga mar\u00edtima em Madrid | Logisber Forwarding\" \/>\n<meta property=\"og:description\" content=\"Se voc\u00ea est\u00e1 em busca de um agente de carga mar\u00edtima em Madrid, a Logisber oferece servi\u00e7os log\u00edsticos especializados com a maior confian\u00e7a, seguran\u00e7a e garantia.\" \/>\n<meta property=\"og:url\" content=\"https:\/\/logisber.com\/pt-br\/logisber-o-seu-agente-de-carga-maritima-em-madrid\" \/>\n<meta property=\"og:site_name\" content=\"Logisber\" \/>\n<meta property=\"article:modified_time\" content=\"2021-10-28T14:28:04+00:00\" \/>\n<meta name=\"twitter:card\" content=\"summary_large_image\" \/>\n<meta name=\"twitter:site\" content=\"@logisber\" \/>\n<meta name=\"twitter:label1\" content=\"Est. tempo de leitura\" \/>\n\t<meta name=\"twitter:data1\" content=\"4 minutos\" \/>\n<script type=\"application\/ld+json\" class=\"yoast-schema-graph\">{\"@context\":\"https:\/\/schema.org\",\"@graph\":[{\"@type\":\"WebPage\",\"@id\":\"https:\/\/logisber.com\/pt-br\/logisber-o-seu-agente-de-carga-maritima-em-madrid\",\"url\":\"https:\/\/logisber.com\/pt-br\/logisber-o-seu-agente-de-carga-maritima-em-madrid\",\"name\":\"Agente de carga mar\u00edtima em Madrid | Logisber Forwarding\",\"isPartOf\":{\"@id\":\"https:\/\/logisber.com\/pt-br\/#website\"},\"datePublished\":\"2021-10-28T14:28:03+00:00\",\"dateModified\":\"2021-10-28T14:28:04+00:00\",\"description\":\"Se voc\u00ea est\u00e1 em busca de um agente de carga mar\u00edtima em Madrid, a Logisber oferece servi\u00e7os log\u00edsticos especializados com a maior confian\u00e7a, seguran\u00e7a e garantia.\",\"breadcrumb\":{\"@id\":\"https:\/\/logisber.com\/pt-br\/logisber-o-seu-agente-de-carga-maritima-em-madrid#breadcrumb\"},\"inLanguage\":\"pt-BR\",\"potentialAction\":[{\"@type\":\"ReadAction\",\"target\":[\"https:\/\/logisber.com\/pt-br\/logisber-o-seu-agente-de-carga-maritima-em-madrid\"]}]},{\"@type\":\"BreadcrumbList\",\"@id\":\"https:\/\/logisber.com\/pt-br\/logisber-o-seu-agente-de-carga-maritima-em-madrid#breadcrumb\",\"itemListElement\":[{\"@type\":\"ListItem\",\"position\":1,\"name\":\"Portada\",\"item\":\"https:\/\/logisber.com\/pt-br\"},{\"@type\":\"ListItem\",\"position\":2,\"name\":\"Logisber, o seu agente de carga mar\u00edtima em Madrid\"}]},{\"@type\":\"WebSite\",\"@id\":\"https:\/\/logisber.com\/pt-br\/#website\",\"url\":\"https:\/\/logisber.com\/pt-br\/\",\"name\":\"Logisber\",\"description\":\"\",\"potentialAction\":[{\"@type\":\"SearchAction\",\"target\":{\"@type\":\"EntryPoint\",\"urlTemplate\":\"https:\/\/logisber.com\/pt-br\/?s={search_term_string}\"},\"query-input\":{\"@type\":\"PropertyValueSpecification\",\"valueRequired\":true,\"valueName\":\"search_term_string\"}}],\"inLanguage\":\"pt-BR\"}]}<\/script>\n<!-- \/ Yoast SEO plugin. -->","yoast_head_json":{"title":"Agente de carga mar\u00edtima em Madrid | Logisber Forwarding","description":"Se voc\u00ea est\u00e1 em busca de um agente de carga mar\u00edtima em Madrid, a Logisber oferece servi\u00e7os log\u00edsticos especializados com a maior confian\u00e7a, seguran\u00e7a e garantia.","robots":{"index":"index","follow":"follow","max-snippet":"max-snippet:-1","max-image-preview":"max-image-preview:large","max-video-preview":"max-video-preview:-1"},"canonical":"https:\/\/logisber.com\/pt-br\/logisber-o-seu-agente-de-carga-maritima-em-madrid","og_locale":"pt_BR","og_type":"article","og_title":"Agente de carga mar\u00edtima em Madrid | Logisber Forwarding","og_description":"Se voc\u00ea est\u00e1 em busca de um agente de carga mar\u00edtima em Madrid, a Logisber oferece servi\u00e7os log\u00edsticos especializados com a maior confian\u00e7a, seguran\u00e7a e garantia.","og_url":"https:\/\/logisber.com\/pt-br\/logisber-o-seu-agente-de-carga-maritima-em-madrid","og_site_name":"Logisber","article_modified_time":"2021-10-28T14:28:04+00:00","twitter_card":"summary_large_image","twitter_site":"@logisber","twitter_misc":{"Est. tempo de leitura":"4 minutos"},"schema":{"@context":"https:\/\/schema.org","@graph":[{"@type":"WebPage","@id":"https:\/\/logisber.com\/pt-br\/logisber-o-seu-agente-de-carga-maritima-em-madrid","url":"https:\/\/logisber.com\/pt-br\/logisber-o-seu-agente-de-carga-maritima-em-madrid","name":"Agente de carga mar\u00edtima em Madrid | Logisber Forwarding","isPartOf":{"@id":"https:\/\/logisber.com\/pt-br\/#website"},"datePublished":"2021-10-28T14:28:03+00:00","dateModified":"2021-10-28T14:28:04+00:00","description":"Se voc\u00ea est\u00e1 em busca de um agente de carga mar\u00edtima em Madrid, a Logisber oferece servi\u00e7os log\u00edsticos especializados com a maior confian\u00e7a, seguran\u00e7a e garantia.","breadcrumb":{"@id":"https:\/\/logisber.com\/pt-br\/logisber-o-seu-agente-de-carga-maritima-em-madrid#breadcrumb"},"inLanguage":"pt-BR","potentialAction":[{"@type":"ReadAction","target":["https:\/\/logisber.com\/pt-br\/logisber-o-seu-agente-de-carga-maritima-em-madrid"]}]},{"@type":"BreadcrumbList","@id":"https:\/\/logisber.com\/pt-br\/logisber-o-seu-agente-de-carga-maritima-em-madrid#breadcrumb","itemListElement":[{"@type":"ListItem","position":1,"name":"Portada","item":"https:\/\/logisber.com\/pt-br"},{"@type":"ListItem","position":2,"name":"Logisber, o seu agente de carga mar\u00edtima em Madrid"}]},{"@type":"WebSite","@id":"https:\/\/logisber.com\/pt-br\/#website","url":"https:\/\/logisber.com\/pt-br\/","name":"Logisber","description":"","potentialAction":[{"@type":"SearchAction","target":{"@type":"EntryPoint","urlTemplate":"https:\/\/logisber.com\/pt-br\/?s={search_term_string}"},"query-input":{"@type":"PropertyValueSpecification","valueRequired":true,"valueName":"search_term_string"}}],"inLanguage":"pt-BR"}]}},"_links":{"self":[{"href":"https:\/\/logisber.com\/pt-br\/wp-json\/wp\/v2\/pages\/8027","targetHints":{"allow":["GET"]}}],"collection":[{"href":"https:\/\/logisber.com\/pt-br\/wp-json\/wp\/v2\/pages"}],"about":[{"href":"https:\/\/logisber.com\/pt-br\/wp-json\/wp\/v2\/types\/page"}],"author":[{"embeddable":true,"href":"https:\/\/logisber.com\/pt-br\/wp-json\/wp\/v2\/users\/7"}],"replies":[{"embeddable":true,"href":"https:\/\/logisber.com\/pt-br\/wp-json\/wp\/v2\/comments?post=8027"}],"version-history":[{"count":1,"href":"https:\/\/logisber.com\/pt-br\/wp-json\/wp\/v2\/pages\/8027\/revisions"}],"predecessor-version":[{"id":8028,"href":"https:\/\/logisber.com\/pt-br\/wp-json\/wp\/v2\/pages\/8027\/revisions\/8028"}],"wp:attachment":[{"href":"https:\/\/logisber.com\/pt-br\/wp-json\/wp\/v2\/media?parent=8027"}],"curies":[{"name":"wp","href":"https:\/\/api.w.org\/{rel}","templated":true}]}}