{"id":8033,"date":"2021-10-28T18:34:50","date_gmt":"2021-10-28T16:34:50","guid":{"rendered":"https:\/\/logisber.com\/?page_id=8033"},"modified":"2021-10-28T18:34:50","modified_gmt":"2021-10-28T16:34:50","slug":"logisber-o-seu-agente-de-carga-maritima-em-valencia","status":"publish","type":"page","link":"https:\/\/logisber.com\/pt-br\/logisber-o-seu-agente-de-carga-maritima-em-valencia","title":{"rendered":"Logisber, o seu agente de carga mar\u00edtima em Val\u00eancia"},"content":{"rendered":"\n<h3 class=\"wp-block-heading\">Val\u00eancia \u00e9 um porto de transfer\u00eancia de cont\u00eaineres importante, al\u00e9m de ser um ponto de exporta\u00e7\u00e3o e importa\u00e7\u00e3o de mercadorias, principalmente da \u00e1rea de Madrid, com cont\u00eaineres de importa\u00e7\u00e3o\/exporta\u00e7\u00e3o cheios, correspondendo a aproximadamente 2,4 milh\u00f5es de TEUs de seu tr\u00e1fego. Como <a href=\"https:\/\/logisber.com\/agente-transitario\/\">agente de agenciamento de carga internacional<\/a>, a Logisber oferece uma variedade de servi\u00e7os log\u00edsticos na \u00e1rea de Val\u00eancia, incluindo transporte mar\u00edtimo, a\u00e9reo e multimodal. Se voc\u00ea est\u00e1 procurando agilizar seus envios e diminuir custos e preocupa\u00e7\u00f5es com sua log\u00edstica mar\u00edtima de mercadorias, continue lendo.<\/h3>\n\n\n\n<p>Quando se trata de <a href=\"https:\/\/logisber.com\/transporte-maritimo-internacional-de-mercancias\/\">transporte mar\u00edtimo internacional<\/a>, o porto de Val\u00eancia ocupa o quinto lugar nos portos europeus e o 30\u00ba mundialmente. O porto de Val\u00eancia, conhecido como <a href=\"https:\/\/www.valenciaport.com\/\">Valenciaport<\/a>, pois inclui atividades nos portos de <a href=\"https:\/\/www.valenciaport.com\/autoridad-portuaria\/infraestructuras\/terminales-e-instalaciones\/puerto-de-sagunto\/\">Sagunto<\/a> e <a href=\"https:\/\/www.valenciaport.com\/autoridad-portuaria\/infraestructuras\/terminales-e-instalaciones\/puerto-de-gandia\/\">Gand\u00eda<\/a> localizados nas proximidades, \u00e9 o porto com o maior tr\u00e1fego de cont\u00eaineres em todo o sistema de portos da Espanha, uma vez que movimenta 5,5 milh\u00f5es de TEUs anualmente e mais de 81 milh\u00f5es de toneladas de mercadorias.&nbsp;<\/p>\n\n\n\n<p>Como Val\u00eancia \u00e9 um dos principais centros log\u00edsticos no sul da Europa, nossa atividade nesta \u00e1rea envolve fun\u00e7\u00f5es inerentes ao servi\u00e7o de agenciamento de carga mar\u00edtima, como a consolida\u00e7\u00e3o de carga, emiss\u00e3o de conhecimentos de embarque mar\u00edtimo (<a href=\"https:\/\/logisber.com\/bill-of-lading\/\">B\/L<\/a>), reserva de espa\u00e7o em navios e prepara\u00e7\u00e3o e apresenta\u00e7\u00e3o de documenta\u00e7\u00e3o operacional.<\/p>\n\n\n\n<figure class=\"wp-block-image size-full\"><img loading=\"lazy\" decoding=\"async\" width=\"1920\" height=\"1080\" src=\"https:\/\/logisber.com\/contenido\/subidas\/2021\/07\/transitario-maritimo-valencia-01.jpg\" alt=\"Transitario maritimo valencia\" class=\"wp-image-6755\"\/><\/figure>\n\n\n\n<p>A Confer\u00eancia das Na\u00e7\u00f5es Unidas sobre Com\u00e9rcio e Desenvolvimento (<a href=\"https:\/\/unctad.org\/\">UNCTAD<\/a>) indica que aproximadamente 75% das mercadorias globais s\u00e3o transportadas por navios, pois este meio de transporte tem alta capacidade, baixos custos e percorre longas dist\u00e2ncias. \u00c9 a oportunidade perfeita para impulsionar os seus neg\u00f3cios com um transporte que se ajusta \u00e0s suas necessidades.<\/p>\n\n\n\n<p>A Logisber possui v\u00e1rias certifica\u00e7\u00f5es que confirmam o seu profissionalismo como agente de carga. As suas principais certifica\u00e7\u00f5es compreendem a de <a href=\"https:\/\/logisber.com\/operador-economico-autorizado\/\">Operadora Econ\u00f4mica Autorizada<\/a> (OEA), filia\u00e7\u00e3o \u00e0 Associa\u00e7\u00e3o Internacional de Transporte A\u00e9reo (<a href=\"https:\/\/www.iata.org\/\">IATA<\/a>), bem como ao Instituto de Distribui\u00e7\u00e3o de Qu\u00edmicos (<a href=\"https:\/\/www.cdi.org.uk\/index.aspx\">CDI<\/a>) para gerenciar opera\u00e7\u00f5es de transporte mar\u00edtimo com seguran\u00e7a e qualidade para a ind\u00fastria qu\u00edmica e <a href=\"https:\/\/ec.europa.eu\/health\/human-use\/good_manufacturing_distribution_practices_en\">certifica\u00e7\u00e3o de GDP<\/a> (Boas Pr\u00e1ticas de Distribui\u00e7\u00e3o) para produtos farmac\u00eauticos.<\/p>\n\n\n\n<p>Uma das vantagens da Logisber \u00e9 que n\u00f3s temos uma ampla rede de agentes e correspondentes, gra\u00e7as os quais n\u00f3s podemos organizar entregas regulares entre Val\u00eancia e qualquer outro porto internacional. Os profissionais que trabalham na Logisber s\u00e3o capazes de encontrar as melhores rotas, os melhores per\u00edodos de tr\u00e2nsito, a melhor seguran\u00e7a nos portos de transfer\u00eancia e sempre o melhor pre\u00e7o de mercado.<\/p>\n\n\n\n<p>Como somos <a href=\"https:\/\/logisber.com\/transitario-maritimo\/\">agentes de carga<\/a>, n\u00f3s podemos intervir como um elo entre as empresas de exporta\u00e7\u00e3o e importa\u00e7\u00e3o e os operadores mar\u00edtimos, cuidando de toda a organiza\u00e7\u00e3o e coordena\u00e7\u00e3o de qualquer servi\u00e7o de transporte mar\u00edtimo a partir de Val\u00eancia e qualquer outro porto do mundo e vice-versa. Mas n\u00f3s tamb\u00e9m vamos muito mais al\u00e9m disso. N\u00f3s contratamos o transporte e tamb\u00e9m gerenciamos outros servi\u00e7os relacionados \u00e0 cadeia log\u00edstica mar\u00edtima, especificamente a retirada de mercadoria na origem e entrega no destino, <a href=\"https:\/\/logisber.com\/despacho-de-aduanas\/\">despacho aduaneiro<\/a> e outros procedimentos aduaneiros, armazenamento de carga, embalagem e acondicionamento, servi\u00e7os portu\u00e1rios de estiva, seguro de transporte, bem como o pagamento de impostos e encargos, entre outros servi\u00e7os complementares.<\/p>\n\n\n\n<figure class=\"wp-block-image size-full\"><img loading=\"lazy\" decoding=\"async\" width=\"1920\" height=\"1080\" src=\"https:\/\/logisber.com\/contenido\/subidas\/2021\/07\/transitario-maritimo-valencia-02.jpg\" alt=\"Transitorio maritimo valencia\" class=\"wp-image-6759\"\/><\/figure>\n\n\n\n<p>Como agente de carga em Val\u00eancia, o principal objetivo da Logisber \u00e9 garantir que as mercadorias das empresas cheguem ao destino dentro dos prazos e nas condi\u00e7\u00f5es estabelecidas, pois as empresas exigem transa\u00e7\u00f5es comerciais r\u00e1pidas, \u00e1geis, eficientes e competitivas. Al\u00e9m disso, n\u00f3s informamos nossos clientes sobre os custos de transporte, custos aduaneiros, encargos e at\u00e9 mesmo os impostos associados com suas opera\u00e7\u00f5es. N\u00f3s tamb\u00e9m rastreamos as mercadorias durante o processo de transporte mar\u00edtimo, garantindo que as cadeias de suprimentos dos nossos clientes estejam sob controle e seguras, sendo ao mesmo tempo flex\u00edveis o suficiente para reagir a qualquer situa\u00e7\u00e3o inesperada.<\/p>\n\n\n\n<p>Por isso, a Logisber \u00e9 uma <a href=\"https:\/\/logisber.com\/empresa-de-transporte-maritimo-internacional\/\">empresa de transporte mar\u00edtimo internacional<\/a> que organiza cadeias de suprimentos globais e est\u00e1 totalmente preparada para ser uma parceira especialista e confi\u00e1vel para coordenar todas as outras partes interessadas da log\u00edstica mar\u00edtima, principalmente os operadores de transporte, portos, transportadoras terrestres e despachantes aduaneiros.Como resultado, quando se trata de agenciamento de carga internacional,<br>nosso trabalho \u00e9 fundamental, pois n\u00f3s tamb\u00e9m somos capazes de aconselhar empresas sobre aspectos importantes, como o tipo de cont\u00eainer necess\u00e1rio para cada tipo de mercadoria, o porto mais adequado de origem e destino,<br>a documenta\u00e7\u00e3o necess\u00e1ria, bem como outros servi\u00e7os log\u00edsticos que ser\u00e3o necess\u00e1rios. Voc\u00ea est\u00e1 interessado? <a href=\"https:\/\/logisber.com\/contacto\">Entre em contato conosco atrav\u00e9s deste link<\/a>.<\/p>\n","protected":false},"excerpt":{"rendered":"Val\u00eancia \u00e9 um porto de transfer\u00eancia de cont\u00eaineres importante, al\u00e9m de ser um ponto de exporta\u00e7\u00e3o e importa\u00e7\u00e3o de mercadorias, principalmente da \u00e1rea de Madrid, com cont\u00eaineres de importa\u00e7\u00e3o\/exporta\u00e7\u00e3o cheios, correspondendo a aproximadamente 2,4 milh\u00f5es de TEUs de seu tr\u00e1fego. Como agente de agenciamento de carga internacional, a Logisber oferece uma variedade de servi\u00e7os log\u00edsticos&#8230; <a class=\"view-article\" href=\"https:\/\/logisber.com\/pt-br\/logisber-o-seu-agente-de-carga-maritima-em-valencia\">Ver artigo<\/a>","protected":false},"author":7,"featured_media":0,"parent":0,"menu_order":0,"comment_status":"closed","ping_status":"closed","template":"templates\/template-transitarios.php","meta":{"_acf_changed":false,"om_disable_all_campaigns":false,"_monsterinsights_skip_tracking":false,"_monsterinsights_sitenote_active":false,"_monsterinsights_sitenote_note":"","_monsterinsights_sitenote_category":0,"footnotes":""},"class_list":["post-8033","page","type-page","status-publish","hentry"],"acf":[],"yoast_head":"<!-- This site is optimized with the Yoast SEO plugin v26.1.1 - https:\/\/yoast.com\/wordpress\/plugins\/seo\/ -->\n<title>Agente de carga mar\u00edtima em Val\u00eancia | Logisber Forwarding<\/title>\n<meta name=\"description\" content=\"Voc\u00ea quer transportar suas mercadorias com origem ou destino a Val\u00eancia? Saiba mais sobre a Logisber, sua parceira de agenciamento de carga mar\u00edtima especialista em Val\u00eancia.\" \/>\n<meta name=\"robots\" content=\"index, follow, max-snippet:-1, max-image-preview:large, max-video-preview:-1\" \/>\n<link rel=\"canonical\" href=\"https:\/\/logisber.com\/pt-br\/logisber-o-seu-agente-de-carga-maritima-em-valencia\" \/>\n<meta property=\"og:locale\" content=\"pt_BR\" \/>\n<meta property=\"og:type\" content=\"article\" \/>\n<meta property=\"og:title\" content=\"Agente de carga mar\u00edtima em Val\u00eancia | Logisber Forwarding\" \/>\n<meta property=\"og:description\" content=\"Voc\u00ea quer transportar suas mercadorias com origem ou destino a Val\u00eancia? Saiba mais sobre a Logisber, sua parceira de agenciamento de carga mar\u00edtima especialista em Val\u00eancia.\" \/>\n<meta property=\"og:url\" content=\"https:\/\/logisber.com\/pt-br\/logisber-o-seu-agente-de-carga-maritima-em-valencia\" \/>\n<meta property=\"og:site_name\" content=\"Logisber\" \/>\n<meta property=\"og:image\" content=\"https:\/\/logisber.com\/contenido\/subidas\/2021\/07\/transitario-maritimo-valencia-01.jpg\" \/>\n<meta name=\"twitter:card\" content=\"summary_large_image\" \/>\n<meta name=\"twitter:site\" content=\"@logisber\" \/>\n<meta name=\"twitter:label1\" content=\"Est. tempo de leitura\" \/>\n\t<meta name=\"twitter:data1\" content=\"4 minutos\" \/>\n<script type=\"application\/ld+json\" class=\"yoast-schema-graph\">{\"@context\":\"https:\/\/schema.org\",\"@graph\":[{\"@type\":\"WebPage\",\"@id\":\"https:\/\/logisber.com\/pt-br\/logisber-o-seu-agente-de-carga-maritima-em-valencia\",\"url\":\"https:\/\/logisber.com\/pt-br\/logisber-o-seu-agente-de-carga-maritima-em-valencia\",\"name\":\"Agente de carga mar\u00edtima em Val\u00eancia | Logisber Forwarding\",\"isPartOf\":{\"@id\":\"https:\/\/logisber.com\/pt-br\/#website\"},\"primaryImageOfPage\":{\"@id\":\"https:\/\/logisber.com\/pt-br\/logisber-o-seu-agente-de-carga-maritima-em-valencia#primaryimage\"},\"image\":{\"@id\":\"https:\/\/logisber.com\/pt-br\/logisber-o-seu-agente-de-carga-maritima-em-valencia#primaryimage\"},\"thumbnailUrl\":\"https:\/\/logisber.com\/contenido\/subidas\/2021\/07\/transitario-maritimo-valencia-01.jpg\",\"datePublished\":\"2021-10-28T16:34:50+00:00\",\"description\":\"Voc\u00ea quer transportar suas mercadorias com origem ou destino a Val\u00eancia? Saiba mais sobre a Logisber, sua parceira de agenciamento de carga mar\u00edtima especialista em Val\u00eancia.\",\"breadcrumb\":{\"@id\":\"https:\/\/logisber.com\/pt-br\/logisber-o-seu-agente-de-carga-maritima-em-valencia#breadcrumb\"},\"inLanguage\":\"pt-BR\",\"potentialAction\":[{\"@type\":\"ReadAction\",\"target\":[\"https:\/\/logisber.com\/pt-br\/logisber-o-seu-agente-de-carga-maritima-em-valencia\"]}]},{\"@type\":\"ImageObject\",\"inLanguage\":\"pt-BR\",\"@id\":\"https:\/\/logisber.com\/pt-br\/logisber-o-seu-agente-de-carga-maritima-em-valencia#primaryimage\",\"url\":\"https:\/\/logisber.com\/contenido\/subidas\/2021\/07\/transitario-maritimo-valencia-01.jpg\",\"contentUrl\":\"https:\/\/logisber.com\/contenido\/subidas\/2021\/07\/transitario-maritimo-valencia-01.jpg\"},{\"@type\":\"BreadcrumbList\",\"@id\":\"https:\/\/logisber.com\/pt-br\/logisber-o-seu-agente-de-carga-maritima-em-valencia#breadcrumb\",\"itemListElement\":[{\"@type\":\"ListItem\",\"position\":1,\"name\":\"Portada\",\"item\":\"https:\/\/logisber.com\/pt-br\"},{\"@type\":\"ListItem\",\"position\":2,\"name\":\"Logisber, o seu agente de carga mar\u00edtima em Val\u00eancia\"}]},{\"@type\":\"WebSite\",\"@id\":\"https:\/\/logisber.com\/pt-br\/#website\",\"url\":\"https:\/\/logisber.com\/pt-br\/\",\"name\":\"Logisber\",\"description\":\"\",\"potentialAction\":[{\"@type\":\"SearchAction\",\"target\":{\"@type\":\"EntryPoint\",\"urlTemplate\":\"https:\/\/logisber.com\/pt-br\/?s={search_term_string}\"},\"query-input\":{\"@type\":\"PropertyValueSpecification\",\"valueRequired\":true,\"valueName\":\"search_term_string\"}}],\"inLanguage\":\"pt-BR\"}]}<\/script>\n<!-- \/ Yoast SEO plugin. -->","yoast_head_json":{"title":"Agente de carga mar\u00edtima em Val\u00eancia | Logisber Forwarding","description":"Voc\u00ea quer transportar suas mercadorias com origem ou destino a Val\u00eancia? Saiba mais sobre a Logisber, sua parceira de agenciamento de carga mar\u00edtima especialista em Val\u00eancia.","robots":{"index":"index","follow":"follow","max-snippet":"max-snippet:-1","max-image-preview":"max-image-preview:large","max-video-preview":"max-video-preview:-1"},"canonical":"https:\/\/logisber.com\/pt-br\/logisber-o-seu-agente-de-carga-maritima-em-valencia","og_locale":"pt_BR","og_type":"article","og_title":"Agente de carga mar\u00edtima em Val\u00eancia | Logisber Forwarding","og_description":"Voc\u00ea quer transportar suas mercadorias com origem ou destino a Val\u00eancia? Saiba mais sobre a Logisber, sua parceira de agenciamento de carga mar\u00edtima especialista em Val\u00eancia.","og_url":"https:\/\/logisber.com\/pt-br\/logisber-o-seu-agente-de-carga-maritima-em-valencia","og_site_name":"Logisber","og_image":[{"url":"https:\/\/logisber.com\/contenido\/subidas\/2021\/07\/transitario-maritimo-valencia-01.jpg","type":"","width":"","height":""}],"twitter_card":"summary_large_image","twitter_site":"@logisber","twitter_misc":{"Est. tempo de leitura":"4 minutos"},"schema":{"@context":"https:\/\/schema.org","@graph":[{"@type":"WebPage","@id":"https:\/\/logisber.com\/pt-br\/logisber-o-seu-agente-de-carga-maritima-em-valencia","url":"https:\/\/logisber.com\/pt-br\/logisber-o-seu-agente-de-carga-maritima-em-valencia","name":"Agente de carga mar\u00edtima em Val\u00eancia | Logisber Forwarding","isPartOf":{"@id":"https:\/\/logisber.com\/pt-br\/#website"},"primaryImageOfPage":{"@id":"https:\/\/logisber.com\/pt-br\/logisber-o-seu-agente-de-carga-maritima-em-valencia#primaryimage"},"image":{"@id":"https:\/\/logisber.com\/pt-br\/logisber-o-seu-agente-de-carga-maritima-em-valencia#primaryimage"},"thumbnailUrl":"https:\/\/logisber.com\/contenido\/subidas\/2021\/07\/transitario-maritimo-valencia-01.jpg","datePublished":"2021-10-28T16:34:50+00:00","description":"Voc\u00ea quer transportar suas mercadorias com origem ou destino a Val\u00eancia? Saiba mais sobre a Logisber, sua parceira de agenciamento de carga mar\u00edtima especialista em Val\u00eancia.","breadcrumb":{"@id":"https:\/\/logisber.com\/pt-br\/logisber-o-seu-agente-de-carga-maritima-em-valencia#breadcrumb"},"inLanguage":"pt-BR","potentialAction":[{"@type":"ReadAction","target":["https:\/\/logisber.com\/pt-br\/logisber-o-seu-agente-de-carga-maritima-em-valencia"]}]},{"@type":"ImageObject","inLanguage":"pt-BR","@id":"https:\/\/logisber.com\/pt-br\/logisber-o-seu-agente-de-carga-maritima-em-valencia#primaryimage","url":"https:\/\/logisber.com\/contenido\/subidas\/2021\/07\/transitario-maritimo-valencia-01.jpg","contentUrl":"https:\/\/logisber.com\/contenido\/subidas\/2021\/07\/transitario-maritimo-valencia-01.jpg"},{"@type":"BreadcrumbList","@id":"https:\/\/logisber.com\/pt-br\/logisber-o-seu-agente-de-carga-maritima-em-valencia#breadcrumb","itemListElement":[{"@type":"ListItem","position":1,"name":"Portada","item":"https:\/\/logisber.com\/pt-br"},{"@type":"ListItem","position":2,"name":"Logisber, o seu agente de carga mar\u00edtima em Val\u00eancia"}]},{"@type":"WebSite","@id":"https:\/\/logisber.com\/pt-br\/#website","url":"https:\/\/logisber.com\/pt-br\/","name":"Logisber","description":"","potentialAction":[{"@type":"SearchAction","target":{"@type":"EntryPoint","urlTemplate":"https:\/\/logisber.com\/pt-br\/?s={search_term_string}"},"query-input":{"@type":"PropertyValueSpecification","valueRequired":true,"valueName":"search_term_string"}}],"inLanguage":"pt-BR"}]}},"_links":{"self":[{"href":"https:\/\/logisber.com\/pt-br\/wp-json\/wp\/v2\/pages\/8033","targetHints":{"allow":["GET"]}}],"collection":[{"href":"https:\/\/logisber.com\/pt-br\/wp-json\/wp\/v2\/pages"}],"about":[{"href":"https:\/\/logisber.com\/pt-br\/wp-json\/wp\/v2\/types\/page"}],"author":[{"embeddable":true,"href":"https:\/\/logisber.com\/pt-br\/wp-json\/wp\/v2\/users\/7"}],"replies":[{"embeddable":true,"href":"https:\/\/logisber.com\/pt-br\/wp-json\/wp\/v2\/comments?post=8033"}],"version-history":[{"count":1,"href":"https:\/\/logisber.com\/pt-br\/wp-json\/wp\/v2\/pages\/8033\/revisions"}],"predecessor-version":[{"id":8034,"href":"https:\/\/logisber.com\/pt-br\/wp-json\/wp\/v2\/pages\/8033\/revisions\/8034"}],"wp:attachment":[{"href":"https:\/\/logisber.com\/pt-br\/wp-json\/wp\/v2\/media?parent=8033"}],"curies":[{"name":"wp","href":"https:\/\/api.w.org\/{rel}","templated":true}]}}