{"id":8035,"date":"2021-10-28T18:40:09","date_gmt":"2021-10-28T16:40:09","guid":{"rendered":"https:\/\/logisber.com\/?page_id=8035"},"modified":"2021-10-28T18:48:17","modified_gmt":"2021-10-28T16:48:17","slug":"logisber-o-seu-agente-de-carga-maritima-especialista-em-bilbau","status":"publish","type":"page","link":"https:\/\/logisber.com\/pt-br\/logisber-o-seu-agente-de-carga-maritima-especialista-em-bilbau","title":{"rendered":"Logisber, o seu agente de carga mar\u00edtima especialista em Bilbau"},"content":{"rendered":"\n<h3 class=\"wp-block-heading\">O <a href=\"https:\/\/www.bilbaoport.eus\/\">Porto de Bilbau<\/a> \u00e9 um enclave fundamental no Atl\u00e2ntico Europeu, pois est\u00e1 conectado aos principais portos, especialmente \u00e0queles na Am\u00e9rica e no norte da Europa. De acordo com a Confer\u00eancia das Na\u00e7\u00f5es Unidas sobre Com\u00e9rcio e Desenvolvimento (UNCTAD), 75% das mercadorias globais s\u00e3o transportadas por via mar\u00edtima em embarca\u00e7\u00f5es, pois este meio de transporte tem alta capacidade, baixos custos e percorre longas dist\u00e2ncias.<\/h3>\n\n\n\n<p>Bilbau \u00e9 um centro log\u00edstico importante na Pen\u00ednsula do Atl\u00e2ntico Norte no <a href=\"https:\/\/logisber.com\/transporte-maritimo-internacional-de-mercancias\/\">transporte mar\u00edtimo internacional<\/a>, possuindo um volume significativo de tr\u00e1fego, especialmente com os pa\u00edses do Norte da Europa. Nesta \u00e1rea geogr\u00e1fica, a Logisber \u00e9 um <a href=\"https:\/\/logisber.com\/agente-transitario\/\">agente de agenciamento de carga internacional<\/a> que oferece uma grande variedade de servi\u00e7os log\u00edsticos, incluindo transporte mar\u00edtimo, a\u00e9reo e multimodal.&nbsp;<\/p>\n\n\n\n<p>Como <a href=\"https:\/\/logisber.com\/transitario-maritimo\/\">agentes de carga mar\u00edtima<\/a>, n\u00f3s tamb\u00e9m somos um elo entre as empresas de exporta\u00e7\u00e3o e importa\u00e7\u00e3o e os operadores de transporte, organizando e coordenando qualquer transporte mar\u00edtimo entre Bilbau e qualquer outro porto no mundo. Aproveite esta oportunidade e escolha a Logisber para seus envios e transporte de mercadorias. <a href=\"https:\/\/logisber.com\/contacto\">Entre em contato conosco aqui<\/a> para mais informa\u00e7\u00f5es.<\/p>\n\n\n\n<p>Nosso principal objetivo \u00e9 garantir que as mercadorias enviadas a partir de ou recebidas em Bilbau cheguem ao destino dentro dos prazos e nas condi\u00e7\u00f5es estabelecidas, pois transa\u00e7\u00f5es comerciais r\u00e1pidas, \u00e1geis, eficientes e competitivas s\u00e3o essenciais para os exportadores e importadores.<\/p>\n\n\n\n<p>O trabalho da Logisber tamb\u00e9m tem como foco o gerenciamento de outros servi\u00e7os que s\u00e3o necess\u00e1rios na cadeia log\u00edstica mar\u00edtima, como o <a href=\"https:\/\/logisber.com\/despacho-de-aduanas\/\">despacho aduaneiro<\/a> e outros procedimentos aduaneiros, armazenamento de carga, embalagem e acondicionamento, servi\u00e7os portu\u00e1rios de estiva, seguro de transporte e o pagamento de impostos e encargos, entre outros.<\/p>\n\n\n\n<figure class=\"wp-block-image size-full\"><img loading=\"lazy\" decoding=\"async\" width=\"1920\" height=\"1080\" src=\"https:\/\/logisber.com\/contenido\/subidas\/2021\/07\/transitario-maritimo-bilbao-01.jpg\" alt=\"Transitario maritimo Bilbao\" class=\"wp-image-6834\"\/><\/figure>\n\n\n\n<p>Nossa rede extensa e diversificada de agentes e correspondentes nos permite garantir servi\u00e7os mar\u00edtimos regulares e confi\u00e1veis entre Bilbau e qualquer outro porto internacional com conhecimento altamente qualificado do mercado local e do setor para oferecer solu\u00e7\u00f5es como agentes de carga mar\u00edtima em Bilbau. Por outro lado, na Logisber, n\u00f3s orientamos nossos clientes sobre outros assuntos fundamentais como os custos de transporte, custos aduaneiros, encargos e at\u00e9 as taxas associadas com as suas opera\u00e7\u00f5es.&nbsp;<\/p>\n\n\n\n<p>Como Bilbau \u00e9 um porto bem conectado a outras \u00e1reas log\u00edsticas na Espanha com servi\u00e7os ferrovi\u00e1rios intermodais, al\u00e9m de ter uma rede de portos secos e plataformas multimodais, a Logisber pode oferecer outros servi\u00e7os nessas \u00e1reas relacionadas \u00e0 consolida\u00e7\u00e3o e desconsolida\u00e7\u00e3o de cont\u00eaineres, emiss\u00e3o de conhecimentos de embarque mar\u00edtimo (<a href=\"https:\/\/logisber.com\/bill-of-lading\/\">B\/L<\/a>), reserva de espa\u00e7o em cont\u00eaineres e prepara\u00e7\u00e3o e apresenta\u00e7\u00e3o da documenta\u00e7\u00e3o necess\u00e1ria para essas opera\u00e7\u00f5es.<\/p>\n\n\n\n<p>Mas isso n\u00e3o \u00e9 tudo: para cada projeto e envio, n\u00f3s oferecemos ao cliente a rastreabilidade completa, pois n\u00f3s rastreamos as mercadorias durante todo o processo de transporte mar\u00edtimo. Com isso, n\u00f3s garantimos que as cadeias de suprimentos dos nossos clientes estejam sob controle e seguras, al\u00e9m de cumprir nossa garantia de qualidade e prazos de entrega, conseguindo reagir a qualquer circunst\u00e2ncia inesperada.<\/p>\n\n\n\n<p>Assim, nosso trabalho especializado \u00e9 fundamental para a boa execu\u00e7\u00e3o de qualquer opera\u00e7\u00e3o de transporte mar\u00edtimo, pois n\u00f3s aconselhamos as empresas sobre aspectos importantes como o tipo de cont\u00eainer que necessitam para suas mercadorias, o porto mais adequado de origem e destino, a documenta\u00e7\u00e3o necess\u00e1ria, bem como outros servi\u00e7os log\u00edsticos que ser\u00e3o necess\u00e1rios.<\/p>\n\n\n\n<figure class=\"wp-block-image size-full\"><img loading=\"lazy\" decoding=\"async\" width=\"1920\" height=\"1080\" src=\"https:\/\/logisber.com\/contenido\/subidas\/2021\/07\/transitario-maritimo-bilbao-02.jpg\" alt=\"Transitario maritimo Bilbao\" class=\"wp-image-6838\"\/><\/figure>\n\n\n\n<p>Como <a href=\"https:\/\/logisber.com\/empresa-de-transporte-maritimo-internacional\/\">empresa de transporte mar\u00edtimo internacional<\/a>, n\u00f3s temos experi\u00eancia suficiente para organizar cadeias de suprimentos globais. \u00c9 por isso que podemos ser um bom aliado para coordenar todas as outras partes interessadas da log\u00edstica mar\u00edtima, principalmente operadores de transporte, portos, transportadoras terrestres e despachantes aduaneiros.<\/p>\n\n\n\n<p>Como garantia da nossa credibilidade, a Logisber possui diversas certifica\u00e7\u00f5es que garantem nosso profissionalismo como agente de carga mar\u00edtima. As nossas principais certifica\u00e7\u00f5es compreendem a de <a href=\"https:\/\/logisber.com\/operador-economico-autorizado\/\">Operadora Econ\u00f4mica Autorizada<\/a> (OEA), filia\u00e7\u00e3o \u00e0 Associa\u00e7\u00e3o Internacional de Transporte A\u00e9reo (<a href=\"https:\/\/www.iata.org\/\">IATA<\/a>), bem como ao Instituto de Distribui\u00e7\u00e3o de Qu\u00edmicos (<a href=\"https:\/\/www.cdi.org.uk\/index.aspx\">CDI<\/a>) para gerenciar opera\u00e7\u00f5es de transporte mar\u00edtimo com seguran\u00e7a e qualidade para a ind\u00fastria qu\u00edmica e possuir o <a href=\"https:\/\/ec.europa.eu\/health\/human-use\/good_manufacturing_distribution_practices_en\">certificado de GDP<\/a> (Boas Pr\u00e1ticas de Distribui\u00e7\u00e3o) para produtos farmac\u00eauticos.<\/p>\n\n\n\n<p>Nossa equipe humana sempre busca as melhores rotas, os melhores per\u00edodos de tr\u00e2nsito, a melhor seguran\u00e7a nos portos de transfer\u00eancia e sempre os melhores pre\u00e7os de mercado com origem ou destino a Bilbau. Voc\u00ea tem alguma opera\u00e7\u00e3o de transporte mar\u00edtimo pendente? Saiba mais como n\u00f3s podemos ajud\u00e1-lo.&nbsp;<\/p>\n","protected":false},"excerpt":{"rendered":"O Porto de Bilbau \u00e9 um enclave fundamental no Atl\u00e2ntico Europeu, pois est\u00e1 conectado aos principais portos, especialmente \u00e0queles na Am\u00e9rica e no norte da Europa. De acordo com a Confer\u00eancia das Na\u00e7\u00f5es Unidas sobre Com\u00e9rcio e Desenvolvimento (UNCTAD), 75% das mercadorias globais s\u00e3o transportadas por via mar\u00edtima em embarca\u00e7\u00f5es, pois este meio de transporte&#8230; <a class=\"view-article\" href=\"https:\/\/logisber.com\/pt-br\/logisber-o-seu-agente-de-carga-maritima-especialista-em-bilbau\">Ver artigo<\/a>","protected":false},"author":7,"featured_media":0,"parent":0,"menu_order":0,"comment_status":"closed","ping_status":"closed","template":"templates\/template-transitarios.php","meta":{"_acf_changed":false,"om_disable_all_campaigns":false,"_monsterinsights_skip_tracking":false,"_monsterinsights_sitenote_active":false,"_monsterinsights_sitenote_note":"","_monsterinsights_sitenote_category":0,"footnotes":""},"class_list":["post-8035","page","type-page","status-publish","hentry"],"acf":[],"yoast_head":"<!-- This site is optimized with the Yoast SEO plugin v26.1.1 - https:\/\/yoast.com\/wordpress\/plugins\/seo\/ -->\n<title>Agente de carga mar\u00edtima em Bilbau | Logisber Forwarding<\/title>\n<meta name=\"description\" content=\"N\u00f3s somos os seus aliados especialistas em qualquer transporte de mercadoria ou agenciamento de carga mar\u00edtima em Bilbau. Impulsione seus envios aqui.\" \/>\n<meta name=\"robots\" content=\"index, follow, max-snippet:-1, max-image-preview:large, max-video-preview:-1\" \/>\n<link rel=\"canonical\" href=\"https:\/\/logisber.com\/pt-br\/logisber-o-seu-agente-de-carga-maritima-especialista-em-bilbau\" \/>\n<meta property=\"og:locale\" content=\"pt_BR\" \/>\n<meta property=\"og:type\" content=\"article\" \/>\n<meta property=\"og:title\" content=\"Agente de carga mar\u00edtima em Bilbau | Logisber Forwarding\" \/>\n<meta property=\"og:description\" content=\"N\u00f3s somos os seus aliados especialistas em qualquer transporte de mercadoria ou agenciamento de carga mar\u00edtima em Bilbau. Impulsione seus envios aqui.\" \/>\n<meta property=\"og:url\" content=\"https:\/\/logisber.com\/pt-br\/logisber-o-seu-agente-de-carga-maritima-especialista-em-bilbau\" \/>\n<meta property=\"og:site_name\" content=\"Logisber\" \/>\n<meta property=\"article:modified_time\" content=\"2021-10-28T16:48:17+00:00\" \/>\n<meta property=\"og:image\" content=\"https:\/\/logisber.com\/contenido\/subidas\/2021\/07\/transitario-maritimo-bilbao-01.jpg\" \/>\n<meta name=\"twitter:card\" content=\"summary_large_image\" \/>\n<meta name=\"twitter:site\" content=\"@logisber\" \/>\n<meta name=\"twitter:label1\" content=\"Est. tempo de leitura\" \/>\n\t<meta name=\"twitter:data1\" content=\"4 minutos\" \/>\n<script type=\"application\/ld+json\" class=\"yoast-schema-graph\">{\"@context\":\"https:\/\/schema.org\",\"@graph\":[{\"@type\":\"WebPage\",\"@id\":\"https:\/\/logisber.com\/pt-br\/logisber-o-seu-agente-de-carga-maritima-especialista-em-bilbau\",\"url\":\"https:\/\/logisber.com\/pt-br\/logisber-o-seu-agente-de-carga-maritima-especialista-em-bilbau\",\"name\":\"Agente de carga mar\u00edtima em Bilbau | Logisber Forwarding\",\"isPartOf\":{\"@id\":\"https:\/\/logisber.com\/pt-br\/#website\"},\"primaryImageOfPage\":{\"@id\":\"https:\/\/logisber.com\/pt-br\/logisber-o-seu-agente-de-carga-maritima-especialista-em-bilbau#primaryimage\"},\"image\":{\"@id\":\"https:\/\/logisber.com\/pt-br\/logisber-o-seu-agente-de-carga-maritima-especialista-em-bilbau#primaryimage\"},\"thumbnailUrl\":\"https:\/\/logisber.com\/contenido\/subidas\/2021\/07\/transitario-maritimo-bilbao-01.jpg\",\"datePublished\":\"2021-10-28T16:40:09+00:00\",\"dateModified\":\"2021-10-28T16:48:17+00:00\",\"description\":\"N\u00f3s somos os seus aliados especialistas em qualquer transporte de mercadoria ou agenciamento de carga mar\u00edtima em Bilbau. Impulsione seus envios aqui.\",\"breadcrumb\":{\"@id\":\"https:\/\/logisber.com\/pt-br\/logisber-o-seu-agente-de-carga-maritima-especialista-em-bilbau#breadcrumb\"},\"inLanguage\":\"pt-BR\",\"potentialAction\":[{\"@type\":\"ReadAction\",\"target\":[\"https:\/\/logisber.com\/pt-br\/logisber-o-seu-agente-de-carga-maritima-especialista-em-bilbau\"]}]},{\"@type\":\"ImageObject\",\"inLanguage\":\"pt-BR\",\"@id\":\"https:\/\/logisber.com\/pt-br\/logisber-o-seu-agente-de-carga-maritima-especialista-em-bilbau#primaryimage\",\"url\":\"https:\/\/logisber.com\/contenido\/subidas\/2021\/07\/transitario-maritimo-bilbao-01.jpg\",\"contentUrl\":\"https:\/\/logisber.com\/contenido\/subidas\/2021\/07\/transitario-maritimo-bilbao-01.jpg\"},{\"@type\":\"BreadcrumbList\",\"@id\":\"https:\/\/logisber.com\/pt-br\/logisber-o-seu-agente-de-carga-maritima-especialista-em-bilbau#breadcrumb\",\"itemListElement\":[{\"@type\":\"ListItem\",\"position\":1,\"name\":\"Portada\",\"item\":\"https:\/\/logisber.com\/pt-br\"},{\"@type\":\"ListItem\",\"position\":2,\"name\":\"Logisber, o seu agente de carga mar\u00edtima especialista em Bilbau\"}]},{\"@type\":\"WebSite\",\"@id\":\"https:\/\/logisber.com\/pt-br\/#website\",\"url\":\"https:\/\/logisber.com\/pt-br\/\",\"name\":\"Logisber\",\"description\":\"\",\"potentialAction\":[{\"@type\":\"SearchAction\",\"target\":{\"@type\":\"EntryPoint\",\"urlTemplate\":\"https:\/\/logisber.com\/pt-br\/?s={search_term_string}\"},\"query-input\":{\"@type\":\"PropertyValueSpecification\",\"valueRequired\":true,\"valueName\":\"search_term_string\"}}],\"inLanguage\":\"pt-BR\"}]}<\/script>\n<!-- \/ Yoast SEO plugin. -->","yoast_head_json":{"title":"Agente de carga mar\u00edtima em Bilbau | Logisber Forwarding","description":"N\u00f3s somos os seus aliados especialistas em qualquer transporte de mercadoria ou agenciamento de carga mar\u00edtima em Bilbau. Impulsione seus envios aqui.","robots":{"index":"index","follow":"follow","max-snippet":"max-snippet:-1","max-image-preview":"max-image-preview:large","max-video-preview":"max-video-preview:-1"},"canonical":"https:\/\/logisber.com\/pt-br\/logisber-o-seu-agente-de-carga-maritima-especialista-em-bilbau","og_locale":"pt_BR","og_type":"article","og_title":"Agente de carga mar\u00edtima em Bilbau | Logisber Forwarding","og_description":"N\u00f3s somos os seus aliados especialistas em qualquer transporte de mercadoria ou agenciamento de carga mar\u00edtima em Bilbau. Impulsione seus envios aqui.","og_url":"https:\/\/logisber.com\/pt-br\/logisber-o-seu-agente-de-carga-maritima-especialista-em-bilbau","og_site_name":"Logisber","article_modified_time":"2021-10-28T16:48:17+00:00","og_image":[{"url":"https:\/\/logisber.com\/contenido\/subidas\/2021\/07\/transitario-maritimo-bilbao-01.jpg","type":"","width":"","height":""}],"twitter_card":"summary_large_image","twitter_site":"@logisber","twitter_misc":{"Est. tempo de leitura":"4 minutos"},"schema":{"@context":"https:\/\/schema.org","@graph":[{"@type":"WebPage","@id":"https:\/\/logisber.com\/pt-br\/logisber-o-seu-agente-de-carga-maritima-especialista-em-bilbau","url":"https:\/\/logisber.com\/pt-br\/logisber-o-seu-agente-de-carga-maritima-especialista-em-bilbau","name":"Agente de carga mar\u00edtima em Bilbau | Logisber Forwarding","isPartOf":{"@id":"https:\/\/logisber.com\/pt-br\/#website"},"primaryImageOfPage":{"@id":"https:\/\/logisber.com\/pt-br\/logisber-o-seu-agente-de-carga-maritima-especialista-em-bilbau#primaryimage"},"image":{"@id":"https:\/\/logisber.com\/pt-br\/logisber-o-seu-agente-de-carga-maritima-especialista-em-bilbau#primaryimage"},"thumbnailUrl":"https:\/\/logisber.com\/contenido\/subidas\/2021\/07\/transitario-maritimo-bilbao-01.jpg","datePublished":"2021-10-28T16:40:09+00:00","dateModified":"2021-10-28T16:48:17+00:00","description":"N\u00f3s somos os seus aliados especialistas em qualquer transporte de mercadoria ou agenciamento de carga mar\u00edtima em Bilbau. Impulsione seus envios aqui.","breadcrumb":{"@id":"https:\/\/logisber.com\/pt-br\/logisber-o-seu-agente-de-carga-maritima-especialista-em-bilbau#breadcrumb"},"inLanguage":"pt-BR","potentialAction":[{"@type":"ReadAction","target":["https:\/\/logisber.com\/pt-br\/logisber-o-seu-agente-de-carga-maritima-especialista-em-bilbau"]}]},{"@type":"ImageObject","inLanguage":"pt-BR","@id":"https:\/\/logisber.com\/pt-br\/logisber-o-seu-agente-de-carga-maritima-especialista-em-bilbau#primaryimage","url":"https:\/\/logisber.com\/contenido\/subidas\/2021\/07\/transitario-maritimo-bilbao-01.jpg","contentUrl":"https:\/\/logisber.com\/contenido\/subidas\/2021\/07\/transitario-maritimo-bilbao-01.jpg"},{"@type":"BreadcrumbList","@id":"https:\/\/logisber.com\/pt-br\/logisber-o-seu-agente-de-carga-maritima-especialista-em-bilbau#breadcrumb","itemListElement":[{"@type":"ListItem","position":1,"name":"Portada","item":"https:\/\/logisber.com\/pt-br"},{"@type":"ListItem","position":2,"name":"Logisber, o seu agente de carga mar\u00edtima especialista em Bilbau"}]},{"@type":"WebSite","@id":"https:\/\/logisber.com\/pt-br\/#website","url":"https:\/\/logisber.com\/pt-br\/","name":"Logisber","description":"","potentialAction":[{"@type":"SearchAction","target":{"@type":"EntryPoint","urlTemplate":"https:\/\/logisber.com\/pt-br\/?s={search_term_string}"},"query-input":{"@type":"PropertyValueSpecification","valueRequired":true,"valueName":"search_term_string"}}],"inLanguage":"pt-BR"}]}},"_links":{"self":[{"href":"https:\/\/logisber.com\/pt-br\/wp-json\/wp\/v2\/pages\/8035","targetHints":{"allow":["GET"]}}],"collection":[{"href":"https:\/\/logisber.com\/pt-br\/wp-json\/wp\/v2\/pages"}],"about":[{"href":"https:\/\/logisber.com\/pt-br\/wp-json\/wp\/v2\/types\/page"}],"author":[{"embeddable":true,"href":"https:\/\/logisber.com\/pt-br\/wp-json\/wp\/v2\/users\/7"}],"replies":[{"embeddable":true,"href":"https:\/\/logisber.com\/pt-br\/wp-json\/wp\/v2\/comments?post=8035"}],"version-history":[{"count":2,"href":"https:\/\/logisber.com\/pt-br\/wp-json\/wp\/v2\/pages\/8035\/revisions"}],"predecessor-version":[{"id":8039,"href":"https:\/\/logisber.com\/pt-br\/wp-json\/wp\/v2\/pages\/8035\/revisions\/8039"}],"wp:attachment":[{"href":"https:\/\/logisber.com\/pt-br\/wp-json\/wp\/v2\/media?parent=8035"}],"curies":[{"name":"wp","href":"https:\/\/api.w.org\/{rel}","templated":true}]}}