{"id":8059,"date":"2021-10-29T14:31:33","date_gmt":"2021-10-29T12:31:33","guid":{"rendered":"https:\/\/logisber.com\/?page_id=8059"},"modified":"2021-10-29T14:31:34","modified_gmt":"2021-10-29T12:31:34","slug":"logisber-o-seu-agente-de-carga-aerea-em-madrid","status":"publish","type":"page","link":"https:\/\/logisber.com\/pt-br\/logisber-o-seu-agente-de-carga-aerea-em-madrid","title":{"rendered":"Logisber, o seu agente de carga a\u00e9rea em Madrid"},"content":{"rendered":"\n<h3 class=\"wp-block-heading\">Atualmente, o transporte a\u00e9reo internacional \u00e9 vital para o sucesso das cadeias de suprimentos em v\u00e1rias ind\u00fastrias ao redor do mundo que precisam receber provis\u00f5es cont\u00ednuas e enviar suas mercadorias o mais r\u00e1pido poss\u00edvel. Apesar do <a href=\"https:\/\/logisber.com\/transporte-aereo-internacional\/\">transporte a\u00e9reo internacional<\/a> ser mais oneroso que o transporte mar\u00edtimo, ele oferece uma s\u00e9rie de vantagens como percorrer longas dist\u00e2ncias em um per\u00edodo curto, seguran\u00e7a e a cobertura de mercados no mundo inteiro.<\/h3>\n\n\n\n<p>Em um ambiente t\u00e3o competitivo, a Logisber oferece servi\u00e7os log\u00edsticos de agenciamento de carga a\u00e9rea com opera\u00e7\u00f5es vi\u00e1rias para uma grande variedade de ind\u00fastrias. Esses servi\u00e7os garantem fornecimentos just-in-time constantes, al\u00e9m de despacho \u00e1gil e envio a\u00e9reo para qualquer parte do mundo. Na \u00e1rea de transporte de mercadorias por via a\u00e9rea, o <a href=\"http:\/\/www.aena.es\/es\/aeropuerto-madrid-barajas\/index.html?other=1237552880829\">Aeroporto de Madrid<\/a> \u00e9 a principal infraestrutura na Espanha com mais de 560.000 toneladas de mercadorias. Ele ocupa o primeiro lugar no pa\u00eds. Este enclave aeroportu\u00e1rio est\u00e1 conectado aos cinco continentes e todas as principais linhas a\u00e9reas internacionais possuem servi\u00e7os de carga a\u00e9rea dispon\u00edveis em aeronaves de passageiros, bem como em avi\u00f5es cargueiros.<\/p>\n\n\n\n<p>Na Logisber, n\u00f3s oferecemos ao mercado uma grande variedade de servi\u00e7os de <a href=\"https:\/\/logisber.com\/embarques-aereos\/\">envio a\u00e9reo<\/a> relacionados \u00e0 <a href=\"https:\/\/logisber.com\/logistica-farmaceutica\/\">log\u00edstica farmac\u00eautica<\/a> e \u00e0 <a href=\"https:\/\/logisber.com\/logistica-de-perecederos\/\">log\u00edstica de produtos perec\u00edveis<\/a>, por exemplo. N\u00f3s somos um <a href=\"https:\/\/logisber.com\/agente-transitario\/\">agente de agenciamento de carga internacional<\/a> l\u00edder com muita experi\u00eancia em Madrid, onde n\u00f3s normalmente conectamos exportadores e importadores \u00e0s companhias a\u00e9reas, al\u00e9m de organizar e coordenar o transporte de mercadorias para cada cliente do aeroporto de origem ao aeroporto de destino. Como a Logisber \u00e9 uma <a href=\"https:\/\/logisber.com\/empresa-de-carga-internacional\/\">empresa de carga internacional<\/a>, n\u00f3s tamb\u00e9m organizamos cadeias de suprimentos globais, fazendo a coordena\u00e7\u00e3o com todas as outras partes interessadas na log\u00edstica a\u00e9rea (como companhias a\u00e9reas, aeroportos, transportadoras terrestres e despachantes aduaneiros).\u00a0<\/p>\n\n\n\n<figure class=\"wp-block-image size-full\"><img loading=\"lazy\" decoding=\"async\" width=\"1920\" height=\"1080\" src=\"https:\/\/logisber.com\/contenido\/subidas\/2021\/07\/transitario-aereo-madrid-01.jpg\" alt=\"Transitario Aereo Madrid\" class=\"wp-image-6765\"\/><\/figure>\n\n\n\n<p>Al\u00e9m de contratar apenas o transporte a\u00e9reo, a Logisber gerencia e coordena outros servi\u00e7os relacionados a esses tipos de opera\u00e7\u00f5es como a transfer\u00eancia de mercadorias do ponto de despacho ao aeroporto de partida e vice-versa, do aeroporto de destino ao destino final. Com a gente, voc\u00ea sempre poder\u00e1 confiar que o seu envio ser\u00e1 conclu\u00eddo com o maior rigor e precis\u00e3o de detalhes.\u00a0<\/p>\n\n\n\n<p>N\u00f3s oferecemos servi\u00e7os relacionados \u00e0 log\u00edstica a\u00e9rea como o <a href=\"https:\/\/logisber.com\/despacho-de-aduanas\/\">despacho aduaneiro<\/a> e outros procedimentos aduaneiros, armazenamento de carga, embalagem e acondicionamento, seguro de transporte, bem como o pagamento de impostos e encargos, entre outros. N\u00f3s cuidamos de tudo, de forma que suas mercadorias cheguem ao destino sem preocupa\u00e7\u00f5es, antes do prazo estabelecido e dentro das condi\u00e7\u00f5es acordadas. N\u00f3s impulsionamos as suas transa\u00e7\u00f5es comerciais de forma que se tornem r\u00e1pidas, \u00e1geis, eficientes e competitivas.<\/p>\n\n\n\n<p>Como n\u00f3s fazemos tudo isso? Para manter nossos padr\u00f5es de qualidade, seguran\u00e7a e excel\u00eancia, a Logisber possui uma extensa rede de agentes e correspondentes atrav\u00e9s dos quais n\u00f3s fornecemos servi\u00e7os em diversos pa\u00edses. Isso nos permite organizar entregas com origem e destino a qualquer aeroporto internacional, buscar as melhores rotas, os melhores pre\u00e7os de mercado e contratar servi\u00e7os de transporte com as companhias a\u00e9reas mais confi\u00e1veis.&nbsp;<\/p>\n\n\n\n<figure class=\"wp-block-image size-full\"><img loading=\"lazy\" decoding=\"async\" width=\"1920\" height=\"1080\" src=\"https:\/\/logisber.com\/contenido\/subidas\/2021\/07\/transitario-aereo-madrid-02.jpg\" alt=\"Transitario Aereo Madrid\" class=\"wp-image-6769\"\/><\/figure>\n\n\n\n<p>Como agentes de carga a\u00e9rea em Madrid, n\u00f3s podemos aconselhar empresas sobre os custos de transporte, custos aduaneiros, encargos e at\u00e9 mesmo sobre os impostos associados \u00e0s suas opera\u00e7\u00f5es. N\u00f3s tamb\u00e9m ativamos o rastreamento de envios e rastreamos continuamente as suas mercadorias durante o processo de transporte a\u00e9reo, garantindo \u00e0s empresas transportadoras que as suas cadeias de suprimentos estejam sob controle e seguras, sendo ao mesmo tempo flex\u00edveis o suficiente para reagir a qualquer situa\u00e7\u00e3o inesperada.<\/p>\n\n\n\n<p>Nossa atividade em Madrid como principal centro log\u00edstico na pen\u00ednsula tamb\u00e9m inclui outras fun\u00e7\u00f5es inerentes ao servi\u00e7o de agenciamento de carga a\u00e9rea,<br>como a consolida\u00e7\u00e3o de carga, emiss\u00e3o de conhecimentos de embarque a\u00e9reo (<a href=\"https:\/\/logisber.com\/air-waybill\/\">AWB<\/a>), reserva de espa\u00e7o em por\u00f5es de carga de aeronaves e a prepara\u00e7\u00e3o e apresenta\u00e7\u00e3o de documenta\u00e7\u00e3o impl\u00edcita de importa\u00e7\u00e3o e exporta\u00e7\u00e3o. Al\u00e9m disso, n\u00f3s podemos aconselh\u00e1-lo sobre o melhor m\u00e9todo de embalagem para proteger suas mercadorias, a documenta\u00e7\u00e3o necess\u00e1ria para os seus procedimentos,<br>os aeroportos de origem e destino mais adequados e v\u00e1rios outros servi\u00e7os log\u00edsticos necess\u00e1rios para que suas mercadorias sejam enviadas com sucesso.<\/p>\n\n\n\n<p>Para apoiar essas afirma\u00e7\u00f5es, a Logisber \u00e9 reconhecida pela Associa\u00e7\u00e3o Internacional de Transporte A\u00e9reo (<a href=\"https:\/\/www.iata.org\/\">IATA<\/a>), al\u00e9m de possuir outras certifica\u00e7\u00f5es que comprovam que somos agentes de carga a\u00e9rea confi\u00e1veis: n\u00f3s somos <a href=\"https:\/\/logisber.com\/operador-economico-autorizado\/\">Operadores Econ\u00f4micos Autorizados<\/a> (AEO), certificados pelo PNS (Plano de Seguran\u00e7a Nacional Espanhol) para o transporte de mercadorias perigosas e possu\u00edmos a <a href=\"https:\/\/ec.europa.eu\/health\/human-use\/good_manufacturing_distribution_practices_en\">certifica\u00e7\u00e3o de GDP<\/a> (Boas Pr\u00e1ticas de Distribui\u00e7\u00e3o) para produtos farmac\u00eauticos.<\/p>\n\n\n\n<p>Confie em nossa experi\u00eancia e conhecimento em agenciamento de carga a\u00e9rea em Madrid e conte com nossa equipe de profissionais especialistas da Logisber para obter solu\u00e7\u00f5es customizadas para os seus projetos. Comece seus procedimentos de agenciamento de carga a\u00e9rea com a gente e diminua seus custos de processamento e envio. Entre em contato conosco <a href=\"https:\/\/logisber.com\/contacto\">com apenas um clique<\/a>.&nbsp;<\/p>\n","protected":false},"excerpt":{"rendered":"Atualmente, o transporte a\u00e9reo internacional \u00e9 vital para o sucesso das cadeias de suprimentos em v\u00e1rias ind\u00fastrias ao redor do mundo que precisam receber provis\u00f5es cont\u00ednuas e enviar suas mercadorias o mais r\u00e1pido poss\u00edvel. Apesar do transporte a\u00e9reo internacional ser mais oneroso que o transporte mar\u00edtimo, ele oferece uma s\u00e9rie de vantagens como percorrer longas&#8230; <a class=\"view-article\" href=\"https:\/\/logisber.com\/pt-br\/logisber-o-seu-agente-de-carga-aerea-em-madrid\">Ver artigo<\/a>","protected":false},"author":7,"featured_media":0,"parent":0,"menu_order":0,"comment_status":"closed","ping_status":"closed","template":"templates\/template-transitarios.php","meta":{"_acf_changed":false,"om_disable_all_campaigns":false,"_monsterinsights_skip_tracking":false,"_monsterinsights_sitenote_active":false,"_monsterinsights_sitenote_note":"","_monsterinsights_sitenote_category":0,"footnotes":""},"class_list":["post-8059","page","type-page","status-publish","hentry"],"acf":[],"yoast_head":"<!-- This site is optimized with the Yoast SEO plugin v26.1.1 - https:\/\/yoast.com\/wordpress\/plugins\/seo\/ -->\n<title>Agente de carga a\u00e9rea em Madrid | Logisber Forwarding<\/title>\n<meta name=\"description\" content=\"A Logisber gerencia seus envios de forma confi\u00e1vel. Contrate seus servi\u00e7os de agenciamento de carga a\u00e9rea em Madrid e agilize seus envios.\" \/>\n<meta name=\"robots\" content=\"index, follow, max-snippet:-1, max-image-preview:large, max-video-preview:-1\" \/>\n<link rel=\"canonical\" href=\"https:\/\/logisber.com\/pt-br\/logisber-o-seu-agente-de-carga-aerea-em-madrid\" \/>\n<meta property=\"og:locale\" content=\"pt_BR\" \/>\n<meta property=\"og:type\" content=\"article\" \/>\n<meta property=\"og:title\" content=\"Agente de carga a\u00e9rea em Madrid | Logisber Forwarding\" \/>\n<meta property=\"og:description\" content=\"A Logisber gerencia seus envios de forma confi\u00e1vel. Contrate seus servi\u00e7os de agenciamento de carga a\u00e9rea em Madrid e agilize seus envios.\" \/>\n<meta property=\"og:url\" content=\"https:\/\/logisber.com\/pt-br\/logisber-o-seu-agente-de-carga-aerea-em-madrid\" \/>\n<meta property=\"og:site_name\" content=\"Logisber\" \/>\n<meta property=\"article:modified_time\" content=\"2021-10-29T12:31:34+00:00\" \/>\n<meta property=\"og:image\" content=\"https:\/\/logisber.com\/contenido\/subidas\/2021\/07\/transitario-aereo-madrid-01.jpg\" \/>\n<meta name=\"twitter:card\" content=\"summary_large_image\" \/>\n<meta name=\"twitter:site\" content=\"@logisber\" \/>\n<meta name=\"twitter:label1\" content=\"Est. tempo de leitura\" \/>\n\t<meta name=\"twitter:data1\" content=\"4 minutos\" \/>\n<script type=\"application\/ld+json\" class=\"yoast-schema-graph\">{\"@context\":\"https:\/\/schema.org\",\"@graph\":[{\"@type\":\"WebPage\",\"@id\":\"https:\/\/logisber.com\/pt-br\/logisber-o-seu-agente-de-carga-aerea-em-madrid\",\"url\":\"https:\/\/logisber.com\/pt-br\/logisber-o-seu-agente-de-carga-aerea-em-madrid\",\"name\":\"Agente de carga a\u00e9rea em Madrid | Logisber Forwarding\",\"isPartOf\":{\"@id\":\"https:\/\/logisber.com\/pt-br\/#website\"},\"primaryImageOfPage\":{\"@id\":\"https:\/\/logisber.com\/pt-br\/logisber-o-seu-agente-de-carga-aerea-em-madrid#primaryimage\"},\"image\":{\"@id\":\"https:\/\/logisber.com\/pt-br\/logisber-o-seu-agente-de-carga-aerea-em-madrid#primaryimage\"},\"thumbnailUrl\":\"https:\/\/logisber.com\/contenido\/subidas\/2021\/07\/transitario-aereo-madrid-01.jpg\",\"datePublished\":\"2021-10-29T12:31:33+00:00\",\"dateModified\":\"2021-10-29T12:31:34+00:00\",\"description\":\"A Logisber gerencia seus envios de forma confi\u00e1vel. Contrate seus servi\u00e7os de agenciamento de carga a\u00e9rea em Madrid e agilize seus envios.\",\"breadcrumb\":{\"@id\":\"https:\/\/logisber.com\/pt-br\/logisber-o-seu-agente-de-carga-aerea-em-madrid#breadcrumb\"},\"inLanguage\":\"pt-BR\",\"potentialAction\":[{\"@type\":\"ReadAction\",\"target\":[\"https:\/\/logisber.com\/pt-br\/logisber-o-seu-agente-de-carga-aerea-em-madrid\"]}]},{\"@type\":\"ImageObject\",\"inLanguage\":\"pt-BR\",\"@id\":\"https:\/\/logisber.com\/pt-br\/logisber-o-seu-agente-de-carga-aerea-em-madrid#primaryimage\",\"url\":\"https:\/\/logisber.com\/contenido\/subidas\/2021\/07\/transitario-aereo-madrid-01.jpg\",\"contentUrl\":\"https:\/\/logisber.com\/contenido\/subidas\/2021\/07\/transitario-aereo-madrid-01.jpg\"},{\"@type\":\"BreadcrumbList\",\"@id\":\"https:\/\/logisber.com\/pt-br\/logisber-o-seu-agente-de-carga-aerea-em-madrid#breadcrumb\",\"itemListElement\":[{\"@type\":\"ListItem\",\"position\":1,\"name\":\"Portada\",\"item\":\"https:\/\/logisber.com\/pt-br\"},{\"@type\":\"ListItem\",\"position\":2,\"name\":\"Logisber, o seu agente de carga a\u00e9rea em Madrid\"}]},{\"@type\":\"WebSite\",\"@id\":\"https:\/\/logisber.com\/pt-br\/#website\",\"url\":\"https:\/\/logisber.com\/pt-br\/\",\"name\":\"Logisber\",\"description\":\"\",\"potentialAction\":[{\"@type\":\"SearchAction\",\"target\":{\"@type\":\"EntryPoint\",\"urlTemplate\":\"https:\/\/logisber.com\/pt-br\/?s={search_term_string}\"},\"query-input\":{\"@type\":\"PropertyValueSpecification\",\"valueRequired\":true,\"valueName\":\"search_term_string\"}}],\"inLanguage\":\"pt-BR\"}]}<\/script>\n<!-- \/ Yoast SEO plugin. -->","yoast_head_json":{"title":"Agente de carga a\u00e9rea em Madrid | Logisber Forwarding","description":"A Logisber gerencia seus envios de forma confi\u00e1vel. Contrate seus servi\u00e7os de agenciamento de carga a\u00e9rea em Madrid e agilize seus envios.","robots":{"index":"index","follow":"follow","max-snippet":"max-snippet:-1","max-image-preview":"max-image-preview:large","max-video-preview":"max-video-preview:-1"},"canonical":"https:\/\/logisber.com\/pt-br\/logisber-o-seu-agente-de-carga-aerea-em-madrid","og_locale":"pt_BR","og_type":"article","og_title":"Agente de carga a\u00e9rea em Madrid | Logisber Forwarding","og_description":"A Logisber gerencia seus envios de forma confi\u00e1vel. Contrate seus servi\u00e7os de agenciamento de carga a\u00e9rea em Madrid e agilize seus envios.","og_url":"https:\/\/logisber.com\/pt-br\/logisber-o-seu-agente-de-carga-aerea-em-madrid","og_site_name":"Logisber","article_modified_time":"2021-10-29T12:31:34+00:00","og_image":[{"url":"https:\/\/logisber.com\/contenido\/subidas\/2021\/07\/transitario-aereo-madrid-01.jpg","type":"","width":"","height":""}],"twitter_card":"summary_large_image","twitter_site":"@logisber","twitter_misc":{"Est. tempo de leitura":"4 minutos"},"schema":{"@context":"https:\/\/schema.org","@graph":[{"@type":"WebPage","@id":"https:\/\/logisber.com\/pt-br\/logisber-o-seu-agente-de-carga-aerea-em-madrid","url":"https:\/\/logisber.com\/pt-br\/logisber-o-seu-agente-de-carga-aerea-em-madrid","name":"Agente de carga a\u00e9rea em Madrid | Logisber Forwarding","isPartOf":{"@id":"https:\/\/logisber.com\/pt-br\/#website"},"primaryImageOfPage":{"@id":"https:\/\/logisber.com\/pt-br\/logisber-o-seu-agente-de-carga-aerea-em-madrid#primaryimage"},"image":{"@id":"https:\/\/logisber.com\/pt-br\/logisber-o-seu-agente-de-carga-aerea-em-madrid#primaryimage"},"thumbnailUrl":"https:\/\/logisber.com\/contenido\/subidas\/2021\/07\/transitario-aereo-madrid-01.jpg","datePublished":"2021-10-29T12:31:33+00:00","dateModified":"2021-10-29T12:31:34+00:00","description":"A Logisber gerencia seus envios de forma confi\u00e1vel. Contrate seus servi\u00e7os de agenciamento de carga a\u00e9rea em Madrid e agilize seus envios.","breadcrumb":{"@id":"https:\/\/logisber.com\/pt-br\/logisber-o-seu-agente-de-carga-aerea-em-madrid#breadcrumb"},"inLanguage":"pt-BR","potentialAction":[{"@type":"ReadAction","target":["https:\/\/logisber.com\/pt-br\/logisber-o-seu-agente-de-carga-aerea-em-madrid"]}]},{"@type":"ImageObject","inLanguage":"pt-BR","@id":"https:\/\/logisber.com\/pt-br\/logisber-o-seu-agente-de-carga-aerea-em-madrid#primaryimage","url":"https:\/\/logisber.com\/contenido\/subidas\/2021\/07\/transitario-aereo-madrid-01.jpg","contentUrl":"https:\/\/logisber.com\/contenido\/subidas\/2021\/07\/transitario-aereo-madrid-01.jpg"},{"@type":"BreadcrumbList","@id":"https:\/\/logisber.com\/pt-br\/logisber-o-seu-agente-de-carga-aerea-em-madrid#breadcrumb","itemListElement":[{"@type":"ListItem","position":1,"name":"Portada","item":"https:\/\/logisber.com\/pt-br"},{"@type":"ListItem","position":2,"name":"Logisber, o seu agente de carga a\u00e9rea em Madrid"}]},{"@type":"WebSite","@id":"https:\/\/logisber.com\/pt-br\/#website","url":"https:\/\/logisber.com\/pt-br\/","name":"Logisber","description":"","potentialAction":[{"@type":"SearchAction","target":{"@type":"EntryPoint","urlTemplate":"https:\/\/logisber.com\/pt-br\/?s={search_term_string}"},"query-input":{"@type":"PropertyValueSpecification","valueRequired":true,"valueName":"search_term_string"}}],"inLanguage":"pt-BR"}]}},"_links":{"self":[{"href":"https:\/\/logisber.com\/pt-br\/wp-json\/wp\/v2\/pages\/8059","targetHints":{"allow":["GET"]}}],"collection":[{"href":"https:\/\/logisber.com\/pt-br\/wp-json\/wp\/v2\/pages"}],"about":[{"href":"https:\/\/logisber.com\/pt-br\/wp-json\/wp\/v2\/types\/page"}],"author":[{"embeddable":true,"href":"https:\/\/logisber.com\/pt-br\/wp-json\/wp\/v2\/users\/7"}],"replies":[{"embeddable":true,"href":"https:\/\/logisber.com\/pt-br\/wp-json\/wp\/v2\/comments?post=8059"}],"version-history":[{"count":1,"href":"https:\/\/logisber.com\/pt-br\/wp-json\/wp\/v2\/pages\/8059\/revisions"}],"predecessor-version":[{"id":8060,"href":"https:\/\/logisber.com\/pt-br\/wp-json\/wp\/v2\/pages\/8059\/revisions\/8060"}],"wp:attachment":[{"href":"https:\/\/logisber.com\/pt-br\/wp-json\/wp\/v2\/media?parent=8059"}],"curies":[{"name":"wp","href":"https:\/\/api.w.org\/{rel}","templated":true}]}}