{"id":8061,"date":"2021-10-29T14:35:00","date_gmt":"2021-10-29T12:35:00","guid":{"rendered":"https:\/\/logisber.com\/?page_id=8061"},"modified":"2021-10-29T14:35:00","modified_gmt":"2021-10-29T12:35:00","slug":"logisber-o-seu-agente-de-carga-aerea-especialista-em-barcelona","status":"publish","type":"page","link":"https:\/\/logisber.com\/pt-br\/logisber-o-seu-agente-de-carga-aerea-especialista-em-barcelona","title":{"rendered":"Logisber, o seu agente de carga a\u00e9rea especialista em Barcelona"},"content":{"rendered":"\n<h3 class=\"wp-block-heading\">O <a href=\"http:\/\/www.aena.es\/es\/aeropuerto-barcelona\/conocenos.html\">Aeroporto de Barcelona<\/a> \u00e9 uma estrutura chave para v\u00e1rias ind\u00fastrias em sua \u00e1rea de influ\u00eancia, pois movimenta mais de 175 mil toneladas de mercadorias para exporta\u00e7\u00e3o e importa\u00e7\u00e3o por ano. Neste contexto, o <a href=\"https:\/\/logisber.com\/transporte-aereo-internacional\/\">transporte a\u00e9reo internacional<\/a> oferece certas vantagens, j\u00e1 que \u00e9 um meio de percorrer longas dist\u00e2ncias em um per\u00edodo curto, embora os custos possam ser maiores do que em rela\u00e7\u00e3o ao transporte mar\u00edtimo (por exemplo).<\/h3>\n\n\n\n<p>O setor a\u00e9reo tem muitas rotas a\u00e9reas internacionais conectando toda a Europa, \u00c1sia, Am\u00e9rica e o Oriente M\u00e9dio. Uma rede de parceiros espec\u00edficos para o transporte a\u00e9reo que pode cobrir qualquer destino no mundo. Al\u00e9m disso, todas as principais linhas a\u00e9reas internacionais possuem servi\u00e7os de carga a\u00e9rea dispon\u00edveis em aeronaves de passageiros, bem como em avi\u00f5es cargueiros.<\/p>\n\n\n\n<p>O transporte de mercadorias por via a\u00e9rea \u00e9 vital para o sucesso das cadeias de suprimentos em v\u00e1rias ind\u00fastrias ao redor do mundo que precisam receber provis\u00f5es cont\u00ednuas e enviar suas mercadorias o mais r\u00e1pido poss\u00edvel. Na Logisber, n\u00f3s oferecemos servi\u00e7os log\u00edsticos em conex\u00e3o com opera\u00e7\u00f5es a\u00e9reas para uma grande variedade de setores produtivos como a ind\u00fastria farmac\u00eautica. Esses servi\u00e7os garantem fornecimentos just-in-time constantes, al\u00e9m de despacho \u00e1gil e envio a\u00e9reo para qualquer parte do mundo. Embarque conosco para transportar mercadorias de forma \u00e1gil e segura.<\/p>\n\n\n\n<figure class=\"wp-block-image size-full\"><img loading=\"lazy\" decoding=\"async\" width=\"1920\" height=\"1080\" src=\"https:\/\/logisber.com\/contenido\/subidas\/2021\/07\/transitario-aereo-barcelona-02.jpg\" alt=\"Transitario Aereo Barcelona\" class=\"wp-image-6779\"\/><\/figure>\n\n\n\n<p>Na Logisber, n\u00f3s atendemos \u00e0s necessidades das empresas na regi\u00e3o de Barcelona como <a href=\"https:\/\/logisber.com\/agente-transitario\/\">agente de agenciamento de carga internacional<\/a> e oferecemos ao mercado uma grande variedade de servi\u00e7os associados ao <a href=\"https:\/\/logisber.com\/embarques-aereos\/\">transporte a\u00e9reo<\/a> e relacionados \u00e0 <a href=\"https:\/\/logisber.com\/logistica-farmaceutica\/\">log\u00edstica farmac\u00eautica<\/a> e \u00e0 <a href=\"https:\/\/logisber.com\/logistica-de-perecederos\/\">log\u00edstica de produtos perec\u00edveis<\/a>. Como agentes de carga a\u00e9rea em Barcelona, n\u00f3s somos um elo entre exportadores e importadores e as companhias a\u00e9reas, pois n\u00f3s organizamos e coordenamos o transporte das suas mercadorias do aeroporto de origem at\u00e9 o aeroporto de destino.&nbsp;<\/p>\n\n\n\n<p>Al\u00e9m de contratar o transporte a\u00e9reo, a Logisber gerencia e coordena outros servi\u00e7os necess\u00e1rios com opera\u00e7\u00f5es a\u00e9reas como a transfer\u00eancia de mercadorias do ponto de despacho ao aeroporto de partida e vice-versa, do aeroporto de chegada ao destino.<\/p>\n\n\n\n<p>Voc\u00ea precisa de outros servi\u00e7os associados \u00e0 log\u00edstica a\u00e9rea? Sem problemas. Com o nosso conhecimento especializado, a Logisber tamb\u00e9m oferece outros servi\u00e7os como o <a href=\"https:\/\/logisber.com\/despacho-de-aduanas\/\">despacho aduaneiro<\/a> e outros procedimentos aduaneiros: armazenamento de carga, embalagem e acondicionamento, seguro de transporte, bem como o pagamento de impostos e encargos, entre outros.<\/p>\n\n\n\n<p>Como agentes de carga a\u00e9rea em Barcelona, nosso principal objetivo \u00e9 fazer com que as mercadorias dos nossos clientes cheguem ao destino antes do prazo estabelecido e nas condi\u00e7\u00f5es acordadas. N\u00f3s sabemos que \u00e9 essencial para as empresas que as suas transa\u00e7\u00f5es comerciais sejam r\u00e1pidas, \u00e1geis, eficientes e competitivas.<br>N\u00f3s queremos tornar isso poss\u00edvel.&nbsp;<\/p>\n\n\n\n<p>Na Logisber, n\u00f3s atendemos a todos os requisitos para o agenciamento de carga a\u00e9rea em Barcelona com a maior qualidade e excel\u00eancia, atrav\u00e9s de uma rede completa de agentes e correspondentes que atendem v\u00e1rios pa\u00edses.<br>Assim, n\u00f3s organizamos entregas com origem e destino a qualquer aeroporto internacional, encontramos as melhores rotas, os melhores pre\u00e7os de mercado e contratamos servi\u00e7os de transporte com as companhias a\u00e9reas mais confi\u00e1veis. N\u00e3o espere muito mais. Comece a gerenciar sua log\u00edstica a\u00e9rea em Barcelona conosco.\u00a0<\/p>\n\n\n\n<p>Como centro log\u00edstico euro-mediterr\u00e2nico, nossa atividade a\u00e9rea em Barcelona tamb\u00e9m inclui outras fun\u00e7\u00f5es inerentes ao servi\u00e7o de agenciamento de carga a\u00e9rea, como a consolida\u00e7\u00e3o de carga, emiss\u00e3o de conhecimentos de embarque a\u00e9reo (<a href=\"https:\/\/logisber.com\/air-waybill\/\">AWB<\/a>), reserva de espa\u00e7o em por\u00f5es de carga de aeronaves e a prepara\u00e7\u00e3o e apresenta\u00e7\u00e3o de documenta\u00e7\u00e3o impl\u00edcita de importa\u00e7\u00e3o e exporta\u00e7\u00e3o.<\/p>\n\n\n\n<figure class=\"wp-block-image size-full\"><img loading=\"lazy\" decoding=\"async\" width=\"1920\" height=\"1080\" src=\"https:\/\/logisber.com\/contenido\/subidas\/2021\/07\/transitario-aereo-barcelona-01.jpg\" alt=\"Transitario Aereo Barcelona\" class=\"wp-image-6775\"\/><\/figure>\n\n\n\n<p>Seja qual for a opera\u00e7\u00e3o, a Logisber controla a rastreabilidade de todos os envios, rastreando constantemente as mercadorias durante o transporte por via a\u00e9rea. Com este controle, n\u00f3s garantimos \u00e0s empresas transportadoras que suas cadeias de suprimentos sejam supervisionadas e estejam seguras, sendo ao mesmo tempo flex\u00edveis o suficiente para reagir a qualquer situa\u00e7\u00e3o inesperada. A equipe de profissionais da Logisber \u00e9 altamente qualificada para oferecer solu\u00e7\u00f5es como agente de carga a\u00e9rea em Barcelona e disponibiliza aos seus clientes o seu conhecimento e experi\u00eancia.<\/p>\n\n\n\n<p>Como a Logisber \u00e9 uma <a href=\"https:\/\/logisber.com\/empresa-de-carga-internacional\/\">empresa de carga internacional<\/a>, n\u00f3s tamb\u00e9m organizamos cadeias de suprimentos globais e somos, portanto, um parceiro de confian\u00e7a, pois n\u00f3s fazemos a coordena\u00e7\u00e3o com todas as outras partes interessadas na log\u00edstica a\u00e9rea, tais como as companhias a\u00e9reas, aeroportos, transportadoras terrestres e despachantes aduaneiros. Essa afirma\u00e7\u00e3o pode ser confirmada por meio das nossas certifica\u00e7\u00f5es da <a href=\"https:\/\/www.iata.org\/\">IATA<\/a> (Associa\u00e7\u00e3o Internacional de Transporte A\u00e9reo), al\u00e9m de sermos OEA (<a href=\"https:\/\/logisber.com\/operador-economico-autorizado\/\">Operadores Econ\u00f4micos Autorizados<\/a>), certificados pelo PNS (Plano de Seguran\u00e7a Nacional Espanhol) para o transporte de mercadorias perigosas e nossa <a href=\"https:\/\/ec.europa.eu\/health\/human-use\/good_manufacturing_distribution_practices_en\">certifica\u00e7\u00e3o de GDP<\/a> (Boas Pr\u00e1ticas de Distribui\u00e7\u00e3o) para produtos farmac\u00eauticos.\u00a0<\/p>\n\n\n\n<p>Um servi\u00e7o de valor agregado que nos destaca \u00e9 que podemos aconselhar empresas sobre os custos de transporte, custos aduaneiros, encargos e at\u00e9 mesmo sobre os impostos associados \u00e0s suas opera\u00e7\u00f5es. Se necess\u00e1rio, n\u00f3s tamb\u00e9m podemos aconselh\u00e1-lo sobre os detalhes que s\u00e3o importantes para garantir um envio bem-sucedido, tais como o melhor m\u00e9todo de embalagem para proteger suas mercadorias, os aeroportos de origem e destino mais adequados, a documenta\u00e7\u00e3o necess\u00e1ria e outros servi\u00e7os log\u00edsticos. Com a gente, voc\u00ea ter\u00e1 todos os seus processos log\u00edsticos sob controle e profissionais ao seu lado para ajudar a qualquer momento.&nbsp;<\/p>\n","protected":false},"excerpt":{"rendered":"O Aeroporto de Barcelona \u00e9 uma estrutura chave para v\u00e1rias ind\u00fastrias em sua \u00e1rea de influ\u00eancia, pois movimenta mais de 175 mil toneladas de mercadorias para exporta\u00e7\u00e3o e importa\u00e7\u00e3o por ano. Neste contexto, o transporte a\u00e9reo internacional oferece certas vantagens, j\u00e1 que \u00e9 um meio de percorrer longas dist\u00e2ncias em um per\u00edodo curto, embora os&#8230; <a class=\"view-article\" href=\"https:\/\/logisber.com\/pt-br\/logisber-o-seu-agente-de-carga-aerea-especialista-em-barcelona\">Ver artigo<\/a>","protected":false},"author":7,"featured_media":4732,"parent":0,"menu_order":0,"comment_status":"closed","ping_status":"closed","template":"templates\/template-transitarios.php","meta":{"_acf_changed":false,"om_disable_all_campaigns":false,"_monsterinsights_skip_tracking":false,"_monsterinsights_sitenote_active":false,"_monsterinsights_sitenote_note":"","_monsterinsights_sitenote_category":0,"footnotes":""},"class_list":["post-8061","page","type-page","status-publish","has-post-thumbnail","hentry"],"acf":[],"yoast_head":"<!-- This site is optimized with the Yoast SEO plugin v26.1.1 - https:\/\/yoast.com\/wordpress\/plugins\/seo\/ -->\n<title>Transporte a\u00e9reo em Barcelona | Logisber Forwarding<\/title>\n<meta name=\"description\" content=\"N\u00f3s somos a Logisber, sua operadora de servi\u00e7os de agenciamento de carga a\u00e9rea \u00e1gil e confi\u00e1vel em Barcelona. Saiba mais como n\u00f3s podemos ajud\u00e1-lo aqui.\" \/>\n<meta name=\"robots\" content=\"index, follow, max-snippet:-1, max-image-preview:large, max-video-preview:-1\" \/>\n<link rel=\"canonical\" href=\"https:\/\/logisber.com\/pt-br\/logisber-o-seu-agente-de-carga-aerea-especialista-em-barcelona\" \/>\n<meta property=\"og:locale\" content=\"pt_BR\" \/>\n<meta property=\"og:type\" content=\"article\" \/>\n<meta property=\"og:title\" content=\"Transporte a\u00e9reo em Barcelona | Logisber Forwarding\" \/>\n<meta property=\"og:description\" content=\"N\u00f3s somos a Logisber, sua operadora de servi\u00e7os de agenciamento de carga a\u00e9rea \u00e1gil e confi\u00e1vel em Barcelona. Saiba mais como n\u00f3s podemos ajud\u00e1-lo aqui.\" \/>\n<meta property=\"og:url\" content=\"https:\/\/logisber.com\/pt-br\/logisber-o-seu-agente-de-carga-aerea-especialista-em-barcelona\" \/>\n<meta property=\"og:site_name\" content=\"Logisber\" \/>\n<meta property=\"og:image\" content=\"https:\/\/logisber.com\/contenido\/subidas\/2021\/03\/trazamos-rutas-rapidas.jpg\" \/>\n\t<meta property=\"og:image:width\" content=\"1016\" \/>\n\t<meta property=\"og:image:height\" content=\"482\" \/>\n\t<meta property=\"og:image:type\" content=\"image\/jpeg\" \/>\n<meta name=\"twitter:card\" content=\"summary_large_image\" \/>\n<meta name=\"twitter:site\" content=\"@logisber\" \/>\n<meta name=\"twitter:label1\" content=\"Est. tempo de leitura\" \/>\n\t<meta name=\"twitter:data1\" content=\"5 minutos\" \/>\n<script type=\"application\/ld+json\" class=\"yoast-schema-graph\">{\"@context\":\"https:\/\/schema.org\",\"@graph\":[{\"@type\":\"WebPage\",\"@id\":\"https:\/\/logisber.com\/pt-br\/logisber-o-seu-agente-de-carga-aerea-especialista-em-barcelona\",\"url\":\"https:\/\/logisber.com\/pt-br\/logisber-o-seu-agente-de-carga-aerea-especialista-em-barcelona\",\"name\":\"Transporte a\u00e9reo em Barcelona | Logisber Forwarding\",\"isPartOf\":{\"@id\":\"https:\/\/logisber.com\/pt-br\/#website\"},\"primaryImageOfPage\":{\"@id\":\"https:\/\/logisber.com\/pt-br\/logisber-o-seu-agente-de-carga-aerea-especialista-em-barcelona#primaryimage\"},\"image\":{\"@id\":\"https:\/\/logisber.com\/pt-br\/logisber-o-seu-agente-de-carga-aerea-especialista-em-barcelona#primaryimage\"},\"thumbnailUrl\":\"https:\/\/logisber.com\/contenido\/subidas\/2021\/03\/trazamos-rutas-rapidas.jpg\",\"datePublished\":\"2021-10-29T12:35:00+00:00\",\"description\":\"N\u00f3s somos a Logisber, sua operadora de servi\u00e7os de agenciamento de carga a\u00e9rea \u00e1gil e confi\u00e1vel em Barcelona. Saiba mais como n\u00f3s podemos ajud\u00e1-lo aqui.\",\"breadcrumb\":{\"@id\":\"https:\/\/logisber.com\/pt-br\/logisber-o-seu-agente-de-carga-aerea-especialista-em-barcelona#breadcrumb\"},\"inLanguage\":\"pt-BR\",\"potentialAction\":[{\"@type\":\"ReadAction\",\"target\":[\"https:\/\/logisber.com\/pt-br\/logisber-o-seu-agente-de-carga-aerea-especialista-em-barcelona\"]}]},{\"@type\":\"ImageObject\",\"inLanguage\":\"pt-BR\",\"@id\":\"https:\/\/logisber.com\/pt-br\/logisber-o-seu-agente-de-carga-aerea-especialista-em-barcelona#primaryimage\",\"url\":\"https:\/\/logisber.com\/contenido\/subidas\/2021\/03\/trazamos-rutas-rapidas.jpg\",\"contentUrl\":\"https:\/\/logisber.com\/contenido\/subidas\/2021\/03\/trazamos-rutas-rapidas.jpg\",\"width\":1016,\"height\":482,\"caption\":\"Trazamos rutas r\u00e1pidas\"},{\"@type\":\"BreadcrumbList\",\"@id\":\"https:\/\/logisber.com\/pt-br\/logisber-o-seu-agente-de-carga-aerea-especialista-em-barcelona#breadcrumb\",\"itemListElement\":[{\"@type\":\"ListItem\",\"position\":1,\"name\":\"Portada\",\"item\":\"https:\/\/logisber.com\/pt-br\"},{\"@type\":\"ListItem\",\"position\":2,\"name\":\"Logisber, o seu agente de carga a\u00e9rea especialista em Barcelona\"}]},{\"@type\":\"WebSite\",\"@id\":\"https:\/\/logisber.com\/pt-br\/#website\",\"url\":\"https:\/\/logisber.com\/pt-br\/\",\"name\":\"Logisber\",\"description\":\"\",\"potentialAction\":[{\"@type\":\"SearchAction\",\"target\":{\"@type\":\"EntryPoint\",\"urlTemplate\":\"https:\/\/logisber.com\/pt-br\/?s={search_term_string}\"},\"query-input\":{\"@type\":\"PropertyValueSpecification\",\"valueRequired\":true,\"valueName\":\"search_term_string\"}}],\"inLanguage\":\"pt-BR\"}]}<\/script>\n<!-- \/ Yoast SEO plugin. -->","yoast_head_json":{"title":"Transporte a\u00e9reo em Barcelona | Logisber Forwarding","description":"N\u00f3s somos a Logisber, sua operadora de servi\u00e7os de agenciamento de carga a\u00e9rea \u00e1gil e confi\u00e1vel em Barcelona. Saiba mais como n\u00f3s podemos ajud\u00e1-lo aqui.","robots":{"index":"index","follow":"follow","max-snippet":"max-snippet:-1","max-image-preview":"max-image-preview:large","max-video-preview":"max-video-preview:-1"},"canonical":"https:\/\/logisber.com\/pt-br\/logisber-o-seu-agente-de-carga-aerea-especialista-em-barcelona","og_locale":"pt_BR","og_type":"article","og_title":"Transporte a\u00e9reo em Barcelona | Logisber Forwarding","og_description":"N\u00f3s somos a Logisber, sua operadora de servi\u00e7os de agenciamento de carga a\u00e9rea \u00e1gil e confi\u00e1vel em Barcelona. Saiba mais como n\u00f3s podemos ajud\u00e1-lo aqui.","og_url":"https:\/\/logisber.com\/pt-br\/logisber-o-seu-agente-de-carga-aerea-especialista-em-barcelona","og_site_name":"Logisber","og_image":[{"width":1016,"height":482,"url":"https:\/\/logisber.com\/contenido\/subidas\/2021\/03\/trazamos-rutas-rapidas.jpg","type":"image\/jpeg"}],"twitter_card":"summary_large_image","twitter_site":"@logisber","twitter_misc":{"Est. tempo de leitura":"5 minutos"},"schema":{"@context":"https:\/\/schema.org","@graph":[{"@type":"WebPage","@id":"https:\/\/logisber.com\/pt-br\/logisber-o-seu-agente-de-carga-aerea-especialista-em-barcelona","url":"https:\/\/logisber.com\/pt-br\/logisber-o-seu-agente-de-carga-aerea-especialista-em-barcelona","name":"Transporte a\u00e9reo em Barcelona | Logisber Forwarding","isPartOf":{"@id":"https:\/\/logisber.com\/pt-br\/#website"},"primaryImageOfPage":{"@id":"https:\/\/logisber.com\/pt-br\/logisber-o-seu-agente-de-carga-aerea-especialista-em-barcelona#primaryimage"},"image":{"@id":"https:\/\/logisber.com\/pt-br\/logisber-o-seu-agente-de-carga-aerea-especialista-em-barcelona#primaryimage"},"thumbnailUrl":"https:\/\/logisber.com\/contenido\/subidas\/2021\/03\/trazamos-rutas-rapidas.jpg","datePublished":"2021-10-29T12:35:00+00:00","description":"N\u00f3s somos a Logisber, sua operadora de servi\u00e7os de agenciamento de carga a\u00e9rea \u00e1gil e confi\u00e1vel em Barcelona. Saiba mais como n\u00f3s podemos ajud\u00e1-lo aqui.","breadcrumb":{"@id":"https:\/\/logisber.com\/pt-br\/logisber-o-seu-agente-de-carga-aerea-especialista-em-barcelona#breadcrumb"},"inLanguage":"pt-BR","potentialAction":[{"@type":"ReadAction","target":["https:\/\/logisber.com\/pt-br\/logisber-o-seu-agente-de-carga-aerea-especialista-em-barcelona"]}]},{"@type":"ImageObject","inLanguage":"pt-BR","@id":"https:\/\/logisber.com\/pt-br\/logisber-o-seu-agente-de-carga-aerea-especialista-em-barcelona#primaryimage","url":"https:\/\/logisber.com\/contenido\/subidas\/2021\/03\/trazamos-rutas-rapidas.jpg","contentUrl":"https:\/\/logisber.com\/contenido\/subidas\/2021\/03\/trazamos-rutas-rapidas.jpg","width":1016,"height":482,"caption":"Trazamos rutas r\u00e1pidas"},{"@type":"BreadcrumbList","@id":"https:\/\/logisber.com\/pt-br\/logisber-o-seu-agente-de-carga-aerea-especialista-em-barcelona#breadcrumb","itemListElement":[{"@type":"ListItem","position":1,"name":"Portada","item":"https:\/\/logisber.com\/pt-br"},{"@type":"ListItem","position":2,"name":"Logisber, o seu agente de carga a\u00e9rea especialista em Barcelona"}]},{"@type":"WebSite","@id":"https:\/\/logisber.com\/pt-br\/#website","url":"https:\/\/logisber.com\/pt-br\/","name":"Logisber","description":"","potentialAction":[{"@type":"SearchAction","target":{"@type":"EntryPoint","urlTemplate":"https:\/\/logisber.com\/pt-br\/?s={search_term_string}"},"query-input":{"@type":"PropertyValueSpecification","valueRequired":true,"valueName":"search_term_string"}}],"inLanguage":"pt-BR"}]}},"_links":{"self":[{"href":"https:\/\/logisber.com\/pt-br\/wp-json\/wp\/v2\/pages\/8061","targetHints":{"allow":["GET"]}}],"collection":[{"href":"https:\/\/logisber.com\/pt-br\/wp-json\/wp\/v2\/pages"}],"about":[{"href":"https:\/\/logisber.com\/pt-br\/wp-json\/wp\/v2\/types\/page"}],"author":[{"embeddable":true,"href":"https:\/\/logisber.com\/pt-br\/wp-json\/wp\/v2\/users\/7"}],"replies":[{"embeddable":true,"href":"https:\/\/logisber.com\/pt-br\/wp-json\/wp\/v2\/comments?post=8061"}],"version-history":[{"count":1,"href":"https:\/\/logisber.com\/pt-br\/wp-json\/wp\/v2\/pages\/8061\/revisions"}],"predecessor-version":[{"id":8062,"href":"https:\/\/logisber.com\/pt-br\/wp-json\/wp\/v2\/pages\/8061\/revisions\/8062"}],"wp:featuredmedia":[{"embeddable":true,"href":"https:\/\/logisber.com\/pt-br\/wp-json\/wp\/v2\/media\/4732"}],"wp:attachment":[{"href":"https:\/\/logisber.com\/pt-br\/wp-json\/wp\/v2\/media?parent=8061"}],"curies":[{"name":"wp","href":"https:\/\/api.w.org\/{rel}","templated":true}]}}