{"id":8067,"date":"2021-10-29T14:45:34","date_gmt":"2021-10-29T12:45:34","guid":{"rendered":"https:\/\/logisber.com\/?page_id=8067"},"modified":"2021-10-29T14:45:35","modified_gmt":"2021-10-29T12:45:35","slug":"logisber-o-seu-agente-de-carga-internacional-especializado-em-sao-paulo","status":"publish","type":"page","link":"https:\/\/logisber.com\/pt-br\/logisber-o-seu-agente-de-carga-internacional-especializado-em-sao-paulo","title":{"rendered":"Logisber, o seu agente de carga internacional especializado em S\u00e3o Paulo"},"content":{"rendered":"\n<h3 class=\"wp-block-heading\">A <a href=\"https:\/\/www.google.com\/maps\/place\/Av.+Santo+Amaro,+48+-+Itaim+Bibi,+S%C3%A3o+Paulo+-+SP,+04506-000,+Brasil\/%40-23.5821437,-46.6731874,17z\/data=!4m12!1m6!3m5!1s0x94ce7d352c47c403:0x71483cb95a7ab00c!2sLogisber+Forwarding!8m2!3d-23.5821437!4d-46.6709987!3m4!1s0x94ce575f54b507d1:0x65416bc70f83c0ab!8m2!3d-23.5845533!4d-46.6708547\">Logisber Forwarding do Brasil<\/a> \u00e9 um agente de carga internacional com seu pr\u00f3prio escrit\u00f3rio em S\u00e3o Paulo (Brasil). A partir desta filial, n\u00f3s oferecemos uma ampla variedade de servi\u00e7os log\u00edsticos que v\u00e3o desde o transporte mar\u00edtimo, a\u00e9reo e terrestre at\u00e9 opera\u00e7\u00f5es aduaneiras e log\u00edsticas para qualquer empresa espanhola que deseja exportar ou importar para ou a partir do Brasil.<\/h3>\n\n\n\n<p>Nosso principal objetivo \u00e9 que todas as opera\u00e7\u00f5es de <a href=\"https:\/\/logisber.com\/transporte-internacional-brasil\/\">transporte internacional<\/a> que n\u00f3s gerenciamos no Brasil, bem como todas as solu\u00e7\u00f5es log\u00edsticas que oferecemos, sejam adaptadas \u00e0s necessidades das empresas comerciais que exigem servi\u00e7os eficientes, \u00e1geis e competitivos do in\u00edcio ao fim.<\/p>\n\n\n\n<p>Na Logisber Forwarding, n\u00f3s temos experi\u00eancia com importa\u00e7\u00e3o e exporta\u00e7\u00e3o com origem e destino ao Brasil. Nosso trabalho tem como foco tornar mais f\u00e1cil o com\u00e9rcio exterior das empresas espanholas com este pa\u00eds. Por isso, a miss\u00e3o dos nossos escrit\u00f3rios em S\u00e3o Paulo como <a href=\"https:\/\/logisber.com\/agente-transitario\/\">agente de carga internacional<\/a>,<br>\u00e9 trazer confiabilidade e seguran\u00e7a \u00e0s cadeias de suprimentos, contribuindo para a internacionaliza\u00e7\u00e3o das empresas espanholas.<\/p>\n\n\n\n<p>A Logisber Forwarding \u00e9 especializada em <a href=\"https:\/\/logisber.com\/carga-aerea-a-brasil\/\">carga a\u00e9rea para o Brasil<\/a>, bem como em <a href=\"https:\/\/logisber.com\/transporte-maritimo-a-brasil\/\">transporte mar\u00edtimo<\/a> para o pa\u00eds, al\u00e9m de ser despachante aduaneiro que pode coordenar cadeias log\u00edsticas globais. N\u00f3s tamb\u00e9m intervimos como <a href=\"https:\/\/logisber.com\/operador-logistico\/\">operadores log\u00edsticos<\/a>, planejando, organizando, gerenciando e coordenando cadeias de suprimentos globais do in\u00edcio ao fim junto com os nossos clientes.<\/p>\n\n\n\n<figure class=\"wp-block-image size-full\"><img loading=\"lazy\" decoding=\"async\" width=\"1920\" height=\"1080\" src=\"https:\/\/logisber.com\/contenido\/subidas\/2021\/07\/transitario-internacional-sao-paulo-02.jpg\" alt=\"Transitario internacional Sao Paulo\" class=\"wp-image-6797\"\/><\/figure>\n\n\n\n<h2 class=\"wp-block-heading\"><strong><strong>Encontre novas oportunidades no Brasil, o parceiro comercial da Espanha<\/strong><\/strong><\/h2>\n\n\n\n<p>A uni\u00e3o Europeia \u00e9 o segundo parceiro comercial mais importante para o Brasil, atr\u00e1s da China. Aproximadamente 16% de todas as exporta\u00e7\u00f5es brasileiras t\u00eam como destino \u00e0 UE 28. O oposto tamb\u00e9m \u00e9 verdade: em rela\u00e7\u00e3o \u00e0s exporta\u00e7\u00f5es europeias para o Brasil, a UE tamb\u00e9m \u00e9 o segundo parceiro comercial para este pa\u00eds sul-americano, sendo respons\u00e1vel por 18,9% de todas as importa\u00e7\u00f5es brasileiras.<\/p>\n\n\n\n<p>Nesse ambiente comercial europeu, a Espanha ocupa o terceiro lugar entre os pa\u00edses da UE com mais importa\u00e7\u00f5es do Brasil (1,8% de todas as importa\u00e7\u00f5es europeias) e tem um papel importante no desenvolvimento de ambos os pa\u00edses. \u00c0 frente da Espanha est\u00e3o a Holanda e a Alemanha, com a Espanha ocupando o nono lugar mundialmente na recep\u00e7\u00e3o de mercadorias brasileiras. Em rela\u00e7\u00e3o \u00e0s exporta\u00e7\u00f5es, a Espanha ocupa o quarto lugar entre os pa\u00edses da UE em vendas para o Brasil (1,6%), atr\u00e1s da Alemanha, It\u00e1lia e Fran\u00e7a, e ocupa o d\u00e9cimo quarto lugar como pa\u00eds fornecedor.\u00a0<\/p>\n\n\n\n<p>Os dados de 2019 refletem isso: As exporta\u00e7\u00f5es espanholas para o Brasil totalizam 2,599 bilh\u00f5es de euros, enquanto as importa\u00e7\u00f5es espanholas deste pa\u00eds totalizam 3,819 bilh\u00f5es de euros. Em uma rela\u00e7\u00e3o comercial t\u00e3o ativa como o com\u00e9rcio bilateral entre Espanha e o Brasil, a Logisber \u00e9 uma parceira de confian\u00e7a como <a href=\"https:\/\/logisber.com\/empresas-transporte-internacional\/\">empresa de transporte internacional<\/a>.&nbsp;<\/p>\n\n\n\n<p>Um servi\u00e7o especializado de agente de agenciamento de carga para atender todas as demandas dos nossos clientes, sejam empresas espanholas ou internacionais. N\u00f3s planejamos e coordenamos opera\u00e7\u00f5es log\u00edsticas para as empresas com o apoio do <a href=\"https:\/\/logisber.com\/transporte-maritimo-internacional-de-mercancias\/\">transporte mar\u00edtimo<\/a> e do <a href=\"https:\/\/logisber.com\/transporte-aereo-internacional\/\">transporte a\u00e9reo internacional<\/a>. Como a Logisber \u00e9 uma <a href=\"https:\/\/logisber.com\/empresa-de-carga-internacional\/\">empresa de carga internacional<\/a>, n\u00f3s tamb\u00e9m organizamos cadeias de suprimentos globais e somos, portanto, os parceiros de confian\u00e7a para o mercado brasileiro, pois n\u00f3s fazemos a coordena\u00e7\u00e3o com todas as outras partes interessadas nas log\u00edsticas mar\u00edtima e a\u00e9rea, tais como os operadores de transporte e companhias a\u00e9reas, portos e aeroportos, transportadoras terrestres e despachantes aduaneiros.<\/p>\n\n\n\n<figure class=\"wp-block-image size-full\"><img loading=\"lazy\" decoding=\"async\" width=\"1920\" height=\"1080\" src=\"https:\/\/logisber.com\/contenido\/subidas\/2021\/07\/transitario-internacional-sao-paul-01.jpg\" alt=\"Transitario internacional Sao Paulo\" class=\"wp-image-6793\"\/><\/figure>\n\n\n\n<p>N\u00f3s estamos prontos para atender empresas espanholas, ajudando a preparar e gerenciar toda a <a href=\"https:\/\/logisber.com\/documentos-para-exportar-e-importar\/\">documenta\u00e7\u00e3o de exporta\u00e7\u00e3o e importa\u00e7\u00e3o<\/a>, especialmente os conhecimentos de embarque mar\u00edtimo (<a href=\"https:\/\/logisber.com\/bill-of-lading\/\">B\/L<\/a>) e os conhecimentos de embarque a\u00e9reo (<a href=\"https:\/\/logisber.com\/air-waybill\/\">AWB<\/a>).&nbsp;<\/p>\n\n\n\n<p>A Logisber tamb\u00e9m acompanha todos os clientes ao longo de qualquer procedimento aduaneiro exigido na Espanha e no Brasil quando se trata de opera\u00e7\u00f5es de importa\u00e7\u00e3o e exporta\u00e7\u00e3o, especialmente o <a href=\"https:\/\/logisber.com\/despacho-de-aduanas\/\">despacho aduaneiro<\/a> que \u00e9 o documento mais complexo e relevante.<\/p>\n\n\n\n<p>Para isso, as diversas certifica\u00e7\u00f5es internacionais que a Logisber possui nos permitem garantir os nossos servi\u00e7os. N\u00f3s somos <a href=\"https:\/\/logisber.com\/operador-economico-autorizado\/\">Operadores Econ\u00f4micos Autorizados<\/a> (OEA) e somos reconhecidos pela Associa\u00e7\u00e3o Internacional de Transporte A\u00e9reo (<a href=\"https:\/\/www.iata.org\/\">IATA<\/a>), al\u00e9m disso, somos certificados pelo Instituto de Distribui\u00e7\u00e3o de Qu\u00edmicos (<a href=\"https:\/\/www.cdi.org.uk\/index.aspx\">CDI<\/a>) para gerenciar opera\u00e7\u00f5es de transporte mar\u00edtimo com seguran\u00e7a e qualidade para a ind\u00fastria qu\u00edmica. N\u00f3s tamb\u00e9m possu\u00edmos a <a href=\"https:\/\/ec.europa.eu\/health\/human-use\/good_manufacturing_distribution_practices_en\">certifica\u00e7\u00e3o de GDP<\/a> (Boas Pr\u00e1ticas de Distribui\u00e7\u00e3o) para produtos farmac\u00eauticos.<\/p>\n\n\n\n<p>Por fim, nossa experi\u00eancia na Logisber significa que n\u00f3s podemos oferecer aos nossos clientes outros servi\u00e7os de consultoria aduaneira, que v\u00e3o desde a escolha dos <a href=\"https:\/\/logisber.com\/incoterms-como-elegir\/\">Incoterms<\/a> mais apropriados para importa\u00e7\u00f5es e exporta\u00e7\u00f5es com base no tipo de transporte se \u00e9 mar\u00edtimo, terrestre ou a\u00e9reo, at\u00e9 a classifica\u00e7\u00e3o aduaneira adequada, o pagamento de taxas e impostos, bem como a representa\u00e7\u00e3o fiscal.<\/p>\n\n\n\n<p>Entre em contato agora com o nosso time de profissionais altamente qualificados da Logisber e encontre as solu\u00e7\u00f5es log\u00edsticas especializadas para o seu agenciamento de carga internacional em S\u00e3o Paulo e no Brasil. Conhecimento especializado e experi\u00eancia para atender as empresas exigentes, de forma que voc\u00ea possa conduzir seu com\u00e9rcio internacional com a maior seguran\u00e7a e confian\u00e7a. <a href=\"https:\/\/logisber.com\/contacto\">Voc\u00ea tem algum projeto em mente?<\/a> N\u00f3s estamos ouvindo.<\/p>\n","protected":false},"excerpt":{"rendered":"A Logisber Forwarding do Brasil \u00e9 um agente de carga internacional com seu pr\u00f3prio escrit\u00f3rio em S\u00e3o Paulo (Brasil). A partir desta filial, n\u00f3s oferecemos uma ampla variedade de servi\u00e7os log\u00edsticos que v\u00e3o desde o transporte mar\u00edtimo, a\u00e9reo e terrestre at\u00e9 opera\u00e7\u00f5es aduaneiras e log\u00edsticas para qualquer empresa espanhola que deseja exportar ou importar para&#8230; <a class=\"view-article\" href=\"https:\/\/logisber.com\/pt-br\/logisber-o-seu-agente-de-carga-internacional-especializado-em-sao-paulo\">Ver artigo<\/a>","protected":false},"author":7,"featured_media":0,"parent":0,"menu_order":0,"comment_status":"closed","ping_status":"closed","template":"templates\/template-transitarios.php","meta":{"_acf_changed":false,"om_disable_all_campaigns":false,"_monsterinsights_skip_tracking":false,"_monsterinsights_sitenote_active":false,"_monsterinsights_sitenote_note":"","_monsterinsights_sitenote_category":0,"footnotes":""},"class_list":["post-8067","page","type-page","status-publish","hentry"],"acf":[],"yoast_head":"<!-- This site is optimized with the Yoast SEO plugin v26.1.1 - https:\/\/yoast.com\/wordpress\/plugins\/seo\/ -->\n<title>Agente de carga internacional em S\u00e3o Paulo | Logisber Forwarding<\/title>\n<meta name=\"description\" content=\"Voc\u00ea est\u00e1 em busca de servi\u00e7os de agenciamento de carga internacional em S\u00e3o Paulo? N\u00f3s somos sua operadora log\u00edstica especializada. Saiba mais sobre os nossos servi\u00e7os aqui.\" \/>\n<meta name=\"robots\" content=\"index, follow, max-snippet:-1, max-image-preview:large, max-video-preview:-1\" \/>\n<link rel=\"canonical\" href=\"https:\/\/logisber.com\/pt-br\/logisber-o-seu-agente-de-carga-internacional-especializado-em-sao-paulo\" \/>\n<meta property=\"og:locale\" content=\"pt_BR\" \/>\n<meta property=\"og:type\" content=\"article\" \/>\n<meta property=\"og:title\" content=\"Agente de carga internacional em S\u00e3o Paulo | Logisber Forwarding\" \/>\n<meta property=\"og:description\" content=\"Voc\u00ea est\u00e1 em busca de servi\u00e7os de agenciamento de carga internacional em S\u00e3o Paulo? N\u00f3s somos sua operadora log\u00edstica especializada. Saiba mais sobre os nossos servi\u00e7os aqui.\" \/>\n<meta property=\"og:url\" content=\"https:\/\/logisber.com\/pt-br\/logisber-o-seu-agente-de-carga-internacional-especializado-em-sao-paulo\" \/>\n<meta property=\"og:site_name\" content=\"Logisber\" \/>\n<meta property=\"article:modified_time\" content=\"2021-10-29T12:45:35+00:00\" \/>\n<meta property=\"og:image\" content=\"https:\/\/logisber.com\/contenido\/subidas\/2021\/07\/transitario-internacional-sao-paulo-02.jpg\" \/>\n<meta name=\"twitter:card\" content=\"summary_large_image\" \/>\n<meta name=\"twitter:site\" content=\"@logisber\" \/>\n<meta name=\"twitter:label1\" content=\"Est. tempo de leitura\" \/>\n\t<meta name=\"twitter:data1\" content=\"4 minutos\" \/>\n<script type=\"application\/ld+json\" class=\"yoast-schema-graph\">{\"@context\":\"https:\/\/schema.org\",\"@graph\":[{\"@type\":\"WebPage\",\"@id\":\"https:\/\/logisber.com\/pt-br\/logisber-o-seu-agente-de-carga-internacional-especializado-em-sao-paulo\",\"url\":\"https:\/\/logisber.com\/pt-br\/logisber-o-seu-agente-de-carga-internacional-especializado-em-sao-paulo\",\"name\":\"Agente de carga internacional em S\u00e3o Paulo | Logisber Forwarding\",\"isPartOf\":{\"@id\":\"https:\/\/logisber.com\/pt-br\/#website\"},\"primaryImageOfPage\":{\"@id\":\"https:\/\/logisber.com\/pt-br\/logisber-o-seu-agente-de-carga-internacional-especializado-em-sao-paulo#primaryimage\"},\"image\":{\"@id\":\"https:\/\/logisber.com\/pt-br\/logisber-o-seu-agente-de-carga-internacional-especializado-em-sao-paulo#primaryimage\"},\"thumbnailUrl\":\"https:\/\/logisber.com\/contenido\/subidas\/2021\/07\/transitario-internacional-sao-paulo-02.jpg\",\"datePublished\":\"2021-10-29T12:45:34+00:00\",\"dateModified\":\"2021-10-29T12:45:35+00:00\",\"description\":\"Voc\u00ea est\u00e1 em busca de servi\u00e7os de agenciamento de carga internacional em S\u00e3o Paulo? N\u00f3s somos sua operadora log\u00edstica especializada. Saiba mais sobre os nossos servi\u00e7os aqui.\",\"breadcrumb\":{\"@id\":\"https:\/\/logisber.com\/pt-br\/logisber-o-seu-agente-de-carga-internacional-especializado-em-sao-paulo#breadcrumb\"},\"inLanguage\":\"pt-BR\",\"potentialAction\":[{\"@type\":\"ReadAction\",\"target\":[\"https:\/\/logisber.com\/pt-br\/logisber-o-seu-agente-de-carga-internacional-especializado-em-sao-paulo\"]}]},{\"@type\":\"ImageObject\",\"inLanguage\":\"pt-BR\",\"@id\":\"https:\/\/logisber.com\/pt-br\/logisber-o-seu-agente-de-carga-internacional-especializado-em-sao-paulo#primaryimage\",\"url\":\"https:\/\/logisber.com\/contenido\/subidas\/2021\/07\/transitario-internacional-sao-paulo-02.jpg\",\"contentUrl\":\"https:\/\/logisber.com\/contenido\/subidas\/2021\/07\/transitario-internacional-sao-paulo-02.jpg\"},{\"@type\":\"BreadcrumbList\",\"@id\":\"https:\/\/logisber.com\/pt-br\/logisber-o-seu-agente-de-carga-internacional-especializado-em-sao-paulo#breadcrumb\",\"itemListElement\":[{\"@type\":\"ListItem\",\"position\":1,\"name\":\"Portada\",\"item\":\"https:\/\/logisber.com\/pt-br\"},{\"@type\":\"ListItem\",\"position\":2,\"name\":\"Logisber, o seu agente de carga internacional especializado em S\u00e3o Paulo\"}]},{\"@type\":\"WebSite\",\"@id\":\"https:\/\/logisber.com\/pt-br\/#website\",\"url\":\"https:\/\/logisber.com\/pt-br\/\",\"name\":\"Logisber\",\"description\":\"\",\"potentialAction\":[{\"@type\":\"SearchAction\",\"target\":{\"@type\":\"EntryPoint\",\"urlTemplate\":\"https:\/\/logisber.com\/pt-br\/?s={search_term_string}\"},\"query-input\":{\"@type\":\"PropertyValueSpecification\",\"valueRequired\":true,\"valueName\":\"search_term_string\"}}],\"inLanguage\":\"pt-BR\"}]}<\/script>\n<!-- \/ Yoast SEO plugin. -->","yoast_head_json":{"title":"Agente de carga internacional em S\u00e3o Paulo | Logisber Forwarding","description":"Voc\u00ea est\u00e1 em busca de servi\u00e7os de agenciamento de carga internacional em S\u00e3o Paulo? N\u00f3s somos sua operadora log\u00edstica especializada. Saiba mais sobre os nossos servi\u00e7os aqui.","robots":{"index":"index","follow":"follow","max-snippet":"max-snippet:-1","max-image-preview":"max-image-preview:large","max-video-preview":"max-video-preview:-1"},"canonical":"https:\/\/logisber.com\/pt-br\/logisber-o-seu-agente-de-carga-internacional-especializado-em-sao-paulo","og_locale":"pt_BR","og_type":"article","og_title":"Agente de carga internacional em S\u00e3o Paulo | Logisber Forwarding","og_description":"Voc\u00ea est\u00e1 em busca de servi\u00e7os de agenciamento de carga internacional em S\u00e3o Paulo? N\u00f3s somos sua operadora log\u00edstica especializada. Saiba mais sobre os nossos servi\u00e7os aqui.","og_url":"https:\/\/logisber.com\/pt-br\/logisber-o-seu-agente-de-carga-internacional-especializado-em-sao-paulo","og_site_name":"Logisber","article_modified_time":"2021-10-29T12:45:35+00:00","og_image":[{"url":"https:\/\/logisber.com\/contenido\/subidas\/2021\/07\/transitario-internacional-sao-paulo-02.jpg","type":"","width":"","height":""}],"twitter_card":"summary_large_image","twitter_site":"@logisber","twitter_misc":{"Est. tempo de leitura":"4 minutos"},"schema":{"@context":"https:\/\/schema.org","@graph":[{"@type":"WebPage","@id":"https:\/\/logisber.com\/pt-br\/logisber-o-seu-agente-de-carga-internacional-especializado-em-sao-paulo","url":"https:\/\/logisber.com\/pt-br\/logisber-o-seu-agente-de-carga-internacional-especializado-em-sao-paulo","name":"Agente de carga internacional em S\u00e3o Paulo | Logisber Forwarding","isPartOf":{"@id":"https:\/\/logisber.com\/pt-br\/#website"},"primaryImageOfPage":{"@id":"https:\/\/logisber.com\/pt-br\/logisber-o-seu-agente-de-carga-internacional-especializado-em-sao-paulo#primaryimage"},"image":{"@id":"https:\/\/logisber.com\/pt-br\/logisber-o-seu-agente-de-carga-internacional-especializado-em-sao-paulo#primaryimage"},"thumbnailUrl":"https:\/\/logisber.com\/contenido\/subidas\/2021\/07\/transitario-internacional-sao-paulo-02.jpg","datePublished":"2021-10-29T12:45:34+00:00","dateModified":"2021-10-29T12:45:35+00:00","description":"Voc\u00ea est\u00e1 em busca de servi\u00e7os de agenciamento de carga internacional em S\u00e3o Paulo? N\u00f3s somos sua operadora log\u00edstica especializada. Saiba mais sobre os nossos servi\u00e7os aqui.","breadcrumb":{"@id":"https:\/\/logisber.com\/pt-br\/logisber-o-seu-agente-de-carga-internacional-especializado-em-sao-paulo#breadcrumb"},"inLanguage":"pt-BR","potentialAction":[{"@type":"ReadAction","target":["https:\/\/logisber.com\/pt-br\/logisber-o-seu-agente-de-carga-internacional-especializado-em-sao-paulo"]}]},{"@type":"ImageObject","inLanguage":"pt-BR","@id":"https:\/\/logisber.com\/pt-br\/logisber-o-seu-agente-de-carga-internacional-especializado-em-sao-paulo#primaryimage","url":"https:\/\/logisber.com\/contenido\/subidas\/2021\/07\/transitario-internacional-sao-paulo-02.jpg","contentUrl":"https:\/\/logisber.com\/contenido\/subidas\/2021\/07\/transitario-internacional-sao-paulo-02.jpg"},{"@type":"BreadcrumbList","@id":"https:\/\/logisber.com\/pt-br\/logisber-o-seu-agente-de-carga-internacional-especializado-em-sao-paulo#breadcrumb","itemListElement":[{"@type":"ListItem","position":1,"name":"Portada","item":"https:\/\/logisber.com\/pt-br"},{"@type":"ListItem","position":2,"name":"Logisber, o seu agente de carga internacional especializado em S\u00e3o Paulo"}]},{"@type":"WebSite","@id":"https:\/\/logisber.com\/pt-br\/#website","url":"https:\/\/logisber.com\/pt-br\/","name":"Logisber","description":"","potentialAction":[{"@type":"SearchAction","target":{"@type":"EntryPoint","urlTemplate":"https:\/\/logisber.com\/pt-br\/?s={search_term_string}"},"query-input":{"@type":"PropertyValueSpecification","valueRequired":true,"valueName":"search_term_string"}}],"inLanguage":"pt-BR"}]}},"_links":{"self":[{"href":"https:\/\/logisber.com\/pt-br\/wp-json\/wp\/v2\/pages\/8067","targetHints":{"allow":["GET"]}}],"collection":[{"href":"https:\/\/logisber.com\/pt-br\/wp-json\/wp\/v2\/pages"}],"about":[{"href":"https:\/\/logisber.com\/pt-br\/wp-json\/wp\/v2\/types\/page"}],"author":[{"embeddable":true,"href":"https:\/\/logisber.com\/pt-br\/wp-json\/wp\/v2\/users\/7"}],"replies":[{"embeddable":true,"href":"https:\/\/logisber.com\/pt-br\/wp-json\/wp\/v2\/comments?post=8067"}],"version-history":[{"count":1,"href":"https:\/\/logisber.com\/pt-br\/wp-json\/wp\/v2\/pages\/8067\/revisions"}],"predecessor-version":[{"id":8068,"href":"https:\/\/logisber.com\/pt-br\/wp-json\/wp\/v2\/pages\/8067\/revisions\/8068"}],"wp:attachment":[{"href":"https:\/\/logisber.com\/pt-br\/wp-json\/wp\/v2\/media?parent=8067"}],"curies":[{"name":"wp","href":"https:\/\/api.w.org\/{rel}","templated":true}]}}