{"id":8069,"date":"2021-10-29T14:51:20","date_gmt":"2021-10-29T12:51:20","guid":{"rendered":"https:\/\/logisber.com\/?page_id=8069"},"modified":"2021-10-29T14:51:20","modified_gmt":"2021-10-29T12:51:20","slug":"logisber-o-seu-agente-de-carga-internacional-de-referencia-em-xangai","status":"publish","type":"page","link":"https:\/\/logisber.com\/pt-br\/logisber-o-seu-agente-de-carga-internacional-de-referencia-em-xangai","title":{"rendered":"Logisber, o seu agente de carga internacional de refer\u00eancia em Xangai"},"content":{"rendered":"\n<h3 class=\"wp-block-heading\">A Logisber \u00e9 um agente de carga internacional que possui escrit\u00f3rios pr\u00f3prios em Xangai (Rep\u00fablica Popular da China) <a href=\"https:\/\/www.google.es\/maps\/place\/31%C2%B013'52.7%22N+121%C2%B027'53.0%22E\/%4031.2313056,121.4625335,17z\/data=!3m1!4b1!4m5!3m4!1s0x0:0x0!8m2!3d31.2313084!4d121.4647118\">Logisber Forwarding<\/a>. Das nossas instala\u00e7\u00f5es nesta cidade portu\u00e1ria chinesa, n\u00f3s oferecemos \u00e0s empresas de exporta\u00e7\u00e3o e importa\u00e7\u00e3o uma oferta diversificada de servi\u00e7os log\u00edsticos que v\u00e3o desde transporte mar\u00edtimo, a\u00e9reo e terrestre at\u00e9 opera\u00e7\u00f5es log\u00edsticas e aduaneiras mais complexas com a China. Descubra o motivo pelo qual somos refer\u00eancia em agenciamento de carga internacional em Xangai e saiba mais sobre os nossos m\u00e9todos especializados. Vamos come\u00e7ar?<\/h3>\n\n\n\n<p>Solu\u00e7\u00f5es log\u00edsticas. Opera\u00e7\u00f5es de <a href=\"https:\/\/logisber.com\/transporte-internacional-brasil\/\">transporte internacional<\/a> com a maior seguran\u00e7a e confian\u00e7a. N\u00f3s sabemos que suas opera\u00e7\u00f5es comerciais exigem servi\u00e7os eficientes e competitivos. Por isso, todas as nossas opera\u00e7\u00f5es em Xangai s\u00e3o adaptadas \u00e0s suas necessidades do in\u00edcio ao fim. A experi\u00eancia da Logisber Forwarding no mercado chin\u00eas atrav\u00e9s de Xangai ajuda a tornar os fluxos comerciais com a Espanha os mais \u00e1geis poss\u00edveis, de forma que as empresas espanholas possam ter um parceiro de confian\u00e7a no pa\u00eds asi\u00e1tico.<\/p>\n\n\n\n<p>Em Xangai, o nosso trabalho \u00e9 acompanhar as empresas como <a href=\"https:\/\/logisber.com\/agente-transitario\/\">agente de carga internacional<\/a>, al\u00e9m de trazer confiabilidade e seguran\u00e7a \u00e0s cadeias de suprimentos, contribuindo para a internacionaliza\u00e7\u00e3o das empresas espanholas e o sucesso de cada envio. Somos especializados em servi\u00e7os de <a href=\"https:\/\/logisber.com\/como-importar-de-china\/\">importa\u00e7\u00e3o da China<\/a>, bem como em opera\u00e7\u00f5es de <a href=\"https:\/\/logisber.com\/transporte-maritimo-a-brasil\/\">transporte mar\u00edtimo<\/a> com este pa\u00eds. Al\u00e9m disso, n\u00f3s intervimos como despachantes aduaneiros para poder coordenar cadeias log\u00edsticas globais.<\/p>\n\n\n\n<p>Como somos tamb\u00e9m <a href=\"https:\/\/logisber.com\/operador-logistico\/\">operadores log\u00edsticos<\/a>, n\u00f3s estamos capacitados a planejar, organizar, gerenciar e coordenar cadeias de suprimentos da origem ao destino, sempre em conjunto com seus projetos e objetivos comerciais.<\/p>\n\n\n\n<figure class=\"wp-block-image size-full\"><img loading=\"lazy\" decoding=\"async\" width=\"1920\" height=\"1080\" src=\"https:\/\/logisber.com\/contenido\/subidas\/2021\/07\/transitario-internacional-shangai-02.jpg\" alt=\"Transitario internacional Shangai\" class=\"wp-image-6809\"\/><\/figure>\n\n\n\n<h2 class=\"wp-block-heading\"><strong>Sucesso comercial entre Espanha e China em exporta\u00e7\u00f5es e importa\u00e7\u00f5es<\/strong><\/h2>\n\n\n\n<p>A Uni\u00e3o Europeia (UE-28) \u00e9 o principal parceiro comercial da China: mais de 17,2 % de todas as exporta\u00e7\u00f5es provenientes do pa\u00eds asi\u00e1tico s\u00e3o enviadas para pa\u00edses europeus (dados de 2019). Quando se trata de exporta\u00e7\u00f5es europeias para a China, a UE tamb\u00e9m \u00e9 o principal parceiro comercial, sendo respons\u00e1vel por 13,4 % de todas as importa\u00e7\u00f5es do gigante asi\u00e1tico.<\/p>\n\n\n\n<p>A Espanha \u00e9 o quarto pa\u00eds da UE em importa\u00e7\u00e3o da China (1,1 % do total europeu), atr\u00e1s da Alemanha, Holanda e Reino Unido e ocupa o 12\u00ba lugar mundialmente como destinat\u00e1rio das mercadorias chinesas. Em rela\u00e7\u00e3o \u00e0s exporta\u00e7\u00f5es, a Espanha \u00e9 o segundo entre os pa\u00edses da UE-28 em vendas para a China (0,4 %), atr\u00e1s da Alemanha (5,1%) e ocupa o 11\u00ba lugar como pa\u00eds fornecedor. Uma oportunidade de neg\u00f3cios \u00fanica para as grandes empresas do mundo inteiro.&nbsp;<\/p>\n\n\n\n<p>Al\u00e9m disso, a Espanha tem seu foco de exporta\u00e7\u00e3o na China em carnes e miudezas comest\u00edveis, cinzas, m\u00e1quinas e dispositivos mec\u00e2nicos, materiais e produtos pl\u00e1sticos, bem como ve\u00edculos, autom\u00f3veis e tratores. Os produtos mais frequentemente importados da China por empresas espanholas s\u00e3o principalmente dispositivos e artefatos el\u00e9tricos, m\u00e1quinas e produtos mec\u00e2nicos, brinquedos e artigos esportivos, bem como roupas. Dados de 2019 descrevem muito bem o cen\u00e1rio econ\u00f4mico favor\u00e1vel: mais de 7,606 bilh\u00f5es de euros foram ganhos com exporta\u00e7\u00f5es espanholas para a China, enquanto que as importa\u00e7\u00f5es espanholas a partir deste pa\u00eds totalizam 32,637 bilh\u00f5es de euros.<\/p>\n\n\n\n<figure class=\"wp-block-image size-full\"><img loading=\"lazy\" decoding=\"async\" width=\"1920\" height=\"1080\" src=\"https:\/\/logisber.com\/contenido\/subidas\/2021\/07\/transitario-internacional-shangai-01.jpg\" alt=\"Transitario internacional Shangai\" class=\"wp-image-6804\"\/><\/figure>\n\n\n\n<p>A Logisber \u00e9 uma <a href=\"https:\/\/logisber.com\/empresas-transporte-internacional\/\">empresa de transporte internacional<\/a> que trabalha na \u00e1rea de com\u00e9rcio bilateral entre a Espanha e a China como uma parceira confi\u00e1vel em qualquer opera\u00e7\u00e3o, pois n\u00f3s temos o suporte do conhecimento de profissionais baseados em Xangai sobre o pa\u00eds. Ao mesmo tempo e como agentes de agenciamento de carga, n\u00f3s cumprimos as exig\u00eancias das empresas espanholas, planejando e coordenando opera\u00e7\u00f5es log\u00edsticas para eles com apoio do <a href=\"https:\/\/logisber.com\/transporte-maritimo-internacional-de-mercancias\/\">transporte mar\u00edtimo<\/a> e do <a href=\"https:\/\/logisber.com\/transporte-aereo-internacional\/\">transporte a\u00e9reo internacional<\/a>.<\/p>\n\n\n\n<p>No campo do transporte mar\u00edtimo, o <a href=\"https:\/\/www.shisc.net\/en\/\">porto de Xangai<\/a> \u00e9 o n\u00famero um do mundo e o l\u00edder inquestion\u00e1vel, uma vez que 43,3 milh\u00f5es de TEUs foram movimentados atrav\u00e9s dele em 2019. \u00c9 por isso que como <a href=\"https:\/\/logisber.com\/empresa-de-carga-internacional\/\">empresa de carga internacional<\/a>, a Logisber organiza cadeias de suprimentos globais. N\u00f3s somos parceiros de confian\u00e7a para o complexo mercado chin\u00eas, pois n\u00f3s fazemos a coordena\u00e7\u00e3o com todas as outras partes interessadas nas log\u00edsticas mar\u00edtima e a\u00e9rea, tais como os operadores de transporte e companhias a\u00e9reas, portos e aeroportos, transportadoras terrestres e despachantes aduaneiros.<\/p>\n\n\n\n<p>N\u00f3s estamos prontos para atender empresas espanholas, ajudando a preparar e gerenciar toda a <a href=\"https:\/\/logisber.com\/documentos-para-exportar-e-importar\/\">documenta\u00e7\u00e3o de exporta\u00e7\u00e3o e importa\u00e7\u00e3o<\/a>, especialmente os conhecimentos de embarque mar\u00edtimo (<a href=\"https:\/\/logisber.com\/bill-of-lading\/\">B\/L<\/a>) e os conhecimentos de embarque a\u00e9reo (<a href=\"https:\/\/logisber.com\/air-waybill\/\">AWB<\/a>).&nbsp;<\/p>\n\n\n\n<p>Como <a href=\"https:\/\/logisber.com\/operador-economico-autorizado\/\">Operadores Econ\u00f4micos Autorizados<\/a> (OEA), n\u00f3s somos reconhecidos pela Associa\u00e7\u00e3o Internacional de Transporte A\u00e9reo (<a href=\"https:\/\/www.iata.org\/\">IATA<\/a>), bem como pelo Instituto de Distribui\u00e7\u00e3o de Qu\u00edmicos (<a href=\"https:\/\/www.cdi.org.uk\/index.aspx\">CDI<\/a>) para gerenciar opera\u00e7\u00f5es de transporte mar\u00edtimo com seguran\u00e7a e qualidade para a ind\u00fastria qu\u00edmica. N\u00f3s tamb\u00e9m possu\u00edmos a <a href=\"https:\/\/ec.europa.eu\/health\/human-use\/good_manufacturing_distribution_practices_en\">certifica\u00e7\u00e3o de GDP<\/a> (Boas Pr\u00e1ticas de Distribui\u00e7\u00e3o) para produtos farmac\u00eauticos.<\/p>\n\n\n\n<p>Na Logisber, n\u00f3s tamb\u00e9m oferecemos a todos os nossos clientes outros servi\u00e7os de consultoria aduaneira, que v\u00e3o desde a escolha dos <a href=\"https:\/\/logisber.com\/incoterms-como-elegir\/\">Incoterms<\/a> mais apropriados para importa\u00e7\u00f5es e exporta\u00e7\u00f5es com base no tipo de transporte se \u00e9 mar\u00edtimo, terrestre ou a\u00e9reo, at\u00e9 a classifica\u00e7\u00e3o aduaneira adequada, o pagamento de taxas e impostos, bem como a representa\u00e7\u00e3o fiscal.<\/p>\n\n\n\n<p>A Logisber tamb\u00e9m acompanha todos os clientes ao longo de qualquer procedimento aduaneiro exigido na Espanha e na China quando se trata de opera\u00e7\u00f5es de importa\u00e7\u00e3o e exporta\u00e7\u00e3o, especialmente o <a href=\"https:\/\/logisber.com\/despacho-de-aduanas\/\">despacho aduaneiro<\/a> que \u00e9 o documento mais complexo e relevante. As diversas certifica\u00e7\u00f5es internacionais que a Logisber possui nos permitem garantir os nossos servi\u00e7os. Impulsione j\u00e1 suas mercadorias conosco e agilize seus envios com a confian\u00e7a fornecida pelos melhores especialistas.&nbsp;<\/p>\n","protected":false},"excerpt":{"rendered":"A Logisber \u00e9 um agente de carga internacional que possui escrit\u00f3rios pr\u00f3prios em Xangai (Rep\u00fablica Popular da China) Logisber Forwarding. Das nossas instala\u00e7\u00f5es nesta cidade portu\u00e1ria chinesa, n\u00f3s oferecemos \u00e0s empresas de exporta\u00e7\u00e3o e importa\u00e7\u00e3o uma oferta diversificada de servi\u00e7os log\u00edsticos que v\u00e3o desde transporte mar\u00edtimo, a\u00e9reo e terrestre at\u00e9 opera\u00e7\u00f5es log\u00edsticas e aduaneiras mais&#8230; <a class=\"view-article\" href=\"https:\/\/logisber.com\/pt-br\/logisber-o-seu-agente-de-carga-internacional-de-referencia-em-xangai\">Ver artigo<\/a>","protected":false},"author":7,"featured_media":0,"parent":0,"menu_order":0,"comment_status":"closed","ping_status":"closed","template":"templates\/template-transitarios.php","meta":{"_acf_changed":false,"om_disable_all_campaigns":false,"_monsterinsights_skip_tracking":false,"_monsterinsights_sitenote_active":false,"_monsterinsights_sitenote_note":"","_monsterinsights_sitenote_category":0,"footnotes":""},"class_list":["post-8069","page","type-page","status-publish","hentry"],"acf":[],"yoast_head":"<!-- This site is optimized with the Yoast SEO plugin v26.1.1 - https:\/\/yoast.com\/wordpress\/plugins\/seo\/ -->\n<title>Agente de carga internacional em Xangai | Logisber Forwarding<\/title>\n<meta name=\"description\" content=\"A Logisber \u00e9 a sua parceira de confian\u00e7a para todos os seus servi\u00e7os de agenciamento de carga internacional em Xangai. Saiba mais sobre os nossos m\u00e9todos especializados.\" \/>\n<meta name=\"robots\" content=\"index, follow, max-snippet:-1, max-image-preview:large, max-video-preview:-1\" \/>\n<link rel=\"canonical\" href=\"https:\/\/logisber.com\/pt-br\/logisber-o-seu-agente-de-carga-internacional-de-referencia-em-xangai\" \/>\n<meta property=\"og:locale\" content=\"pt_BR\" \/>\n<meta property=\"og:type\" content=\"article\" \/>\n<meta property=\"og:title\" content=\"Agente de carga internacional em Xangai | Logisber Forwarding\" \/>\n<meta property=\"og:description\" content=\"A Logisber \u00e9 a sua parceira de confian\u00e7a para todos os seus servi\u00e7os de agenciamento de carga internacional em Xangai. Saiba mais sobre os nossos m\u00e9todos especializados.\" \/>\n<meta property=\"og:url\" content=\"https:\/\/logisber.com\/pt-br\/logisber-o-seu-agente-de-carga-internacional-de-referencia-em-xangai\" \/>\n<meta property=\"og:site_name\" content=\"Logisber\" \/>\n<meta property=\"og:image\" content=\"https:\/\/logisber.com\/contenido\/subidas\/2021\/07\/transitario-internacional-shangai-02.jpg\" \/>\n<meta name=\"twitter:card\" content=\"summary_large_image\" \/>\n<meta name=\"twitter:site\" content=\"@logisber\" \/>\n<meta name=\"twitter:label1\" content=\"Est. tempo de leitura\" \/>\n\t<meta name=\"twitter:data1\" content=\"5 minutos\" \/>\n<script type=\"application\/ld+json\" class=\"yoast-schema-graph\">{\"@context\":\"https:\/\/schema.org\",\"@graph\":[{\"@type\":\"WebPage\",\"@id\":\"https:\/\/logisber.com\/pt-br\/logisber-o-seu-agente-de-carga-internacional-de-referencia-em-xangai\",\"url\":\"https:\/\/logisber.com\/pt-br\/logisber-o-seu-agente-de-carga-internacional-de-referencia-em-xangai\",\"name\":\"Agente de carga internacional em Xangai | Logisber Forwarding\",\"isPartOf\":{\"@id\":\"https:\/\/logisber.com\/pt-br\/#website\"},\"primaryImageOfPage\":{\"@id\":\"https:\/\/logisber.com\/pt-br\/logisber-o-seu-agente-de-carga-internacional-de-referencia-em-xangai#primaryimage\"},\"image\":{\"@id\":\"https:\/\/logisber.com\/pt-br\/logisber-o-seu-agente-de-carga-internacional-de-referencia-em-xangai#primaryimage\"},\"thumbnailUrl\":\"https:\/\/logisber.com\/contenido\/subidas\/2021\/07\/transitario-internacional-shangai-02.jpg\",\"datePublished\":\"2021-10-29T12:51:20+00:00\",\"description\":\"A Logisber \u00e9 a sua parceira de confian\u00e7a para todos os seus servi\u00e7os de agenciamento de carga internacional em Xangai. Saiba mais sobre os nossos m\u00e9todos especializados.\",\"breadcrumb\":{\"@id\":\"https:\/\/logisber.com\/pt-br\/logisber-o-seu-agente-de-carga-internacional-de-referencia-em-xangai#breadcrumb\"},\"inLanguage\":\"pt-BR\",\"potentialAction\":[{\"@type\":\"ReadAction\",\"target\":[\"https:\/\/logisber.com\/pt-br\/logisber-o-seu-agente-de-carga-internacional-de-referencia-em-xangai\"]}]},{\"@type\":\"ImageObject\",\"inLanguage\":\"pt-BR\",\"@id\":\"https:\/\/logisber.com\/pt-br\/logisber-o-seu-agente-de-carga-internacional-de-referencia-em-xangai#primaryimage\",\"url\":\"https:\/\/logisber.com\/contenido\/subidas\/2021\/07\/transitario-internacional-shangai-02.jpg\",\"contentUrl\":\"https:\/\/logisber.com\/contenido\/subidas\/2021\/07\/transitario-internacional-shangai-02.jpg\"},{\"@type\":\"BreadcrumbList\",\"@id\":\"https:\/\/logisber.com\/pt-br\/logisber-o-seu-agente-de-carga-internacional-de-referencia-em-xangai#breadcrumb\",\"itemListElement\":[{\"@type\":\"ListItem\",\"position\":1,\"name\":\"Portada\",\"item\":\"https:\/\/logisber.com\/pt-br\"},{\"@type\":\"ListItem\",\"position\":2,\"name\":\"Logisber, o seu agente de carga internacional de refer\u00eancia em Xangai\"}]},{\"@type\":\"WebSite\",\"@id\":\"https:\/\/logisber.com\/pt-br\/#website\",\"url\":\"https:\/\/logisber.com\/pt-br\/\",\"name\":\"Logisber\",\"description\":\"\",\"potentialAction\":[{\"@type\":\"SearchAction\",\"target\":{\"@type\":\"EntryPoint\",\"urlTemplate\":\"https:\/\/logisber.com\/pt-br\/?s={search_term_string}\"},\"query-input\":{\"@type\":\"PropertyValueSpecification\",\"valueRequired\":true,\"valueName\":\"search_term_string\"}}],\"inLanguage\":\"pt-BR\"}]}<\/script>\n<!-- \/ Yoast SEO plugin. -->","yoast_head_json":{"title":"Agente de carga internacional em Xangai | Logisber Forwarding","description":"A Logisber \u00e9 a sua parceira de confian\u00e7a para todos os seus servi\u00e7os de agenciamento de carga internacional em Xangai. Saiba mais sobre os nossos m\u00e9todos especializados.","robots":{"index":"index","follow":"follow","max-snippet":"max-snippet:-1","max-image-preview":"max-image-preview:large","max-video-preview":"max-video-preview:-1"},"canonical":"https:\/\/logisber.com\/pt-br\/logisber-o-seu-agente-de-carga-internacional-de-referencia-em-xangai","og_locale":"pt_BR","og_type":"article","og_title":"Agente de carga internacional em Xangai | Logisber Forwarding","og_description":"A Logisber \u00e9 a sua parceira de confian\u00e7a para todos os seus servi\u00e7os de agenciamento de carga internacional em Xangai. Saiba mais sobre os nossos m\u00e9todos especializados.","og_url":"https:\/\/logisber.com\/pt-br\/logisber-o-seu-agente-de-carga-internacional-de-referencia-em-xangai","og_site_name":"Logisber","og_image":[{"url":"https:\/\/logisber.com\/contenido\/subidas\/2021\/07\/transitario-internacional-shangai-02.jpg","type":"","width":"","height":""}],"twitter_card":"summary_large_image","twitter_site":"@logisber","twitter_misc":{"Est. tempo de leitura":"5 minutos"},"schema":{"@context":"https:\/\/schema.org","@graph":[{"@type":"WebPage","@id":"https:\/\/logisber.com\/pt-br\/logisber-o-seu-agente-de-carga-internacional-de-referencia-em-xangai","url":"https:\/\/logisber.com\/pt-br\/logisber-o-seu-agente-de-carga-internacional-de-referencia-em-xangai","name":"Agente de carga internacional em Xangai | Logisber Forwarding","isPartOf":{"@id":"https:\/\/logisber.com\/pt-br\/#website"},"primaryImageOfPage":{"@id":"https:\/\/logisber.com\/pt-br\/logisber-o-seu-agente-de-carga-internacional-de-referencia-em-xangai#primaryimage"},"image":{"@id":"https:\/\/logisber.com\/pt-br\/logisber-o-seu-agente-de-carga-internacional-de-referencia-em-xangai#primaryimage"},"thumbnailUrl":"https:\/\/logisber.com\/contenido\/subidas\/2021\/07\/transitario-internacional-shangai-02.jpg","datePublished":"2021-10-29T12:51:20+00:00","description":"A Logisber \u00e9 a sua parceira de confian\u00e7a para todos os seus servi\u00e7os de agenciamento de carga internacional em Xangai. Saiba mais sobre os nossos m\u00e9todos especializados.","breadcrumb":{"@id":"https:\/\/logisber.com\/pt-br\/logisber-o-seu-agente-de-carga-internacional-de-referencia-em-xangai#breadcrumb"},"inLanguage":"pt-BR","potentialAction":[{"@type":"ReadAction","target":["https:\/\/logisber.com\/pt-br\/logisber-o-seu-agente-de-carga-internacional-de-referencia-em-xangai"]}]},{"@type":"ImageObject","inLanguage":"pt-BR","@id":"https:\/\/logisber.com\/pt-br\/logisber-o-seu-agente-de-carga-internacional-de-referencia-em-xangai#primaryimage","url":"https:\/\/logisber.com\/contenido\/subidas\/2021\/07\/transitario-internacional-shangai-02.jpg","contentUrl":"https:\/\/logisber.com\/contenido\/subidas\/2021\/07\/transitario-internacional-shangai-02.jpg"},{"@type":"BreadcrumbList","@id":"https:\/\/logisber.com\/pt-br\/logisber-o-seu-agente-de-carga-internacional-de-referencia-em-xangai#breadcrumb","itemListElement":[{"@type":"ListItem","position":1,"name":"Portada","item":"https:\/\/logisber.com\/pt-br"},{"@type":"ListItem","position":2,"name":"Logisber, o seu agente de carga internacional de refer\u00eancia em Xangai"}]},{"@type":"WebSite","@id":"https:\/\/logisber.com\/pt-br\/#website","url":"https:\/\/logisber.com\/pt-br\/","name":"Logisber","description":"","potentialAction":[{"@type":"SearchAction","target":{"@type":"EntryPoint","urlTemplate":"https:\/\/logisber.com\/pt-br\/?s={search_term_string}"},"query-input":{"@type":"PropertyValueSpecification","valueRequired":true,"valueName":"search_term_string"}}],"inLanguage":"pt-BR"}]}},"_links":{"self":[{"href":"https:\/\/logisber.com\/pt-br\/wp-json\/wp\/v2\/pages\/8069","targetHints":{"allow":["GET"]}}],"collection":[{"href":"https:\/\/logisber.com\/pt-br\/wp-json\/wp\/v2\/pages"}],"about":[{"href":"https:\/\/logisber.com\/pt-br\/wp-json\/wp\/v2\/types\/page"}],"author":[{"embeddable":true,"href":"https:\/\/logisber.com\/pt-br\/wp-json\/wp\/v2\/users\/7"}],"replies":[{"embeddable":true,"href":"https:\/\/logisber.com\/pt-br\/wp-json\/wp\/v2\/comments?post=8069"}],"version-history":[{"count":1,"href":"https:\/\/logisber.com\/pt-br\/wp-json\/wp\/v2\/pages\/8069\/revisions"}],"predecessor-version":[{"id":8070,"href":"https:\/\/logisber.com\/pt-br\/wp-json\/wp\/v2\/pages\/8069\/revisions\/8070"}],"wp:attachment":[{"href":"https:\/\/logisber.com\/pt-br\/wp-json\/wp\/v2\/media?parent=8069"}],"curies":[{"name":"wp","href":"https:\/\/api.w.org\/{rel}","templated":true}]}}